{"id":1831,"date":"2025-04-15T06:31:13","date_gmt":"2025-04-15T04:31:13","guid":{"rendered":"https:\/\/trianomina.fr\/?page_id=1831"},"modified":"2025-05-07T18:40:05","modified_gmt":"2025-05-07T16:40:05","slug":"a-propos","status":"publish","type":"page","link":"https:\/\/trianomina.fr\/index.php\/a-propos\/","title":{"rendered":"A propos"},"content":{"rendered":"\t\t<div data-elementor-type=\"wp-page\" data-elementor-id=\"1831\" class=\"elementor elementor-1831\">\n\t\t\t\t<div class=\"elementor-element elementor-element-a1c9181 e-flex e-con-boxed e-con e-parent\" data-id=\"a1c9181\" data-element_type=\"container\">\n\t\t\t\t\t<div class=\"e-con-inner\">\n\t\t\t\t<div class=\"elementor-element elementor-element-17de0fe elementor-widget-divider--view-line elementor-widget elementor-widget-divider\" data-id=\"17de0fe\" data-element_type=\"widget\" data-widget_type=\"divider.default\">\n\t\t\t\t<div class=\"elementor-widget-container\">\n\t\t\t\t\t\t\t<div class=\"elementor-divider\">\n\t\t\t<span class=\"elementor-divider-separator\">\n\t\t\t\t\t\t<\/span>\n\t\t<\/div>\n\t\t\t\t\t\t<\/div>\n\t\t\t\t<\/div>\n\t\t\t\t\t<\/div>\n\t\t\t\t<\/div>\n\t\t<div class=\"elementor-element elementor-element-4d19603 e-flex e-con-boxed e-con e-parent\" data-id=\"4d19603\" data-element_type=\"container\">\n\t\t\t\t\t<div class=\"e-con-inner\">\n\t\t<div class=\"elementor-element elementor-element-4b0395e e-con-full e-flex e-con e-child\" data-id=\"4b0395e\" data-element_type=\"container\" data-settings=\"{&quot;background_background&quot;:&quot;classic&quot;}\">\n\t\t\t\t<div class=\"elementor-element elementor-element-44a5e4e elementor-widget elementor-widget-image\" data-id=\"44a5e4e\" data-element_type=\"widget\" data-widget_type=\"image.default\">\n\t\t\t\t<div class=\"elementor-widget-container\">\n\t\t\t\t\t\t\t\t\t\t\t\t\t\t\t<img fetchpriority=\"high\" decoding=\"async\" width=\"912\" height=\"1024\" src=\"https:\/\/trianomina.fr\/wp-content\/uploads\/2025\/05\/WhatsApp-Image-2025-04-28-a-01.13.45_341beba6-e1746291400376-912x1024.jpg\" class=\"attachment-large size-large wp-image-3668\" alt=\"\" srcset=\"https:\/\/trianomina.fr\/wp-content\/uploads\/2025\/05\/WhatsApp-Image-2025-04-28-a-01.13.45_341beba6-e1746291400376-912x1024.jpg 912w, https:\/\/trianomina.fr\/wp-content\/uploads\/2025\/05\/WhatsApp-Image-2025-04-28-a-01.13.45_341beba6-e1746291400376-267x300.jpg 267w, https:\/\/trianomina.fr\/wp-content\/uploads\/2025\/05\/WhatsApp-Image-2025-04-28-a-01.13.45_341beba6-e1746291400376-768x863.jpg 768w, https:\/\/trianomina.fr\/wp-content\/uploads\/2025\/05\/WhatsApp-Image-2025-04-28-a-01.13.45_341beba6-e1746291400376.jpg 1013w\" sizes=\"(max-width: 912px) 100vw, 912px\" \/>\t\t\t\t\t\t\t\t\t\t\t\t\t\t\t<\/div>\n\t\t\t\t<\/div>\n\t\t\t\t<div class=\"elementor-element elementor-element-cc51542 e-transform elementor-widget elementor-widget-image\" data-id=\"cc51542\" data-element_type=\"widget\" data-settings=\"{&quot;_transform_scale_effect_mobile&quot;:{&quot;unit&quot;:&quot;px&quot;,&quot;size&quot;:1.2,&quot;sizes&quot;:[]},&quot;_transform_scale_effect&quot;:{&quot;unit&quot;:&quot;px&quot;,&quot;size&quot;:&quot;&quot;,&quot;sizes&quot;:[]},&quot;_transform_scale_effect_tablet&quot;:{&quot;unit&quot;:&quot;px&quot;,&quot;size&quot;:&quot;&quot;,&quot;sizes&quot;:[]}}\" data-widget_type=\"image.default\">\n\t\t\t\t<div class=\"elementor-widget-container\">\n\t\t\t\t\t\t\t\t\t\t\t\t\t\t\t<img decoding=\"async\" width=\"576\" height=\"720\" src=\"https:\/\/trianomina.fr\/wp-content\/uploads\/2025\/05\/Diapositive1.png\" class=\"attachment-large size-large wp-image-3655\" alt=\"\" srcset=\"https:\/\/trianomina.fr\/wp-content\/uploads\/2025\/05\/Diapositive1.png 576w, https:\/\/trianomina.fr\/wp-content\/uploads\/2025\/05\/Diapositive1-240x300.png 240w\" sizes=\"(max-width: 576px) 100vw, 576px\" \/>\t\t\t\t\t\t\t\t\t\t\t\t\t\t\t<\/div>\n\t\t\t\t<\/div>\n\t\t\t\t<\/div>\n\t\t<div class=\"elementor-element elementor-element-4d74029 e-con-full e-flex e-con e-child\" data-id=\"4d74029\" data-element_type=\"container\" data-settings=\"{&quot;background_background&quot;:&quot;classic&quot;}\">\n\t\t\t\t<div class=\"elementor-element elementor-element-51bdf11 elementor-widget__width-initial elementor-widget elementor-widget-heading\" data-id=\"51bdf11\" data-element_type=\"widget\" data-widget_type=\"heading.default\">\n\t\t\t\t<div class=\"elementor-widget-container\">\n\t\t\t\t\t<h2 class=\"elementor-heading-title elementor-size-default\"><p>\n <span style=\"font-size: 30px;\"><b>Jason <br><\/b><\/span><b style=\"font-style: inherit; font-size: 31px;\">CAZAURANG de BASTERRICA<\/b><\/p><p><span style=\"font-size: 26px;\">\n  <span style=\"font-weight: normal; font-size: 25px;\">G\u00e9n\u00e9alogiste et g\u00e9ographe urbaniste<\/span><br><br>\n  <span style=\"font-weight: normal; font-size: 25px\">G\u00e9rant et fondateur de TRIA NOMINA<\/span><span style=\"font-style: inherit;\"><\/span><\/span><\/p><\/h2>\t\t\t\t<\/div>\n\t\t\t\t<\/div>\n\t\t\t\t<div class=\"elementor-element elementor-element-60f8f40 elementor-drop-cap-yes elementor-drop-cap-view-default elementor-widget elementor-widget-text-editor\" data-id=\"60f8f40\" data-element_type=\"widget\" data-settings=\"{&quot;drop_cap&quot;:&quot;yes&quot;}\" data-widget_type=\"text-editor.default\">\n\t\t\t\t<div class=\"elementor-widget-container\">\n\t\t\t\t\t\t\t\t\t<p>Passionn\u00e9 d&rsquo;histoire, de g\u00e9ographie\/cartographie, de d\u00e9veloppement des villes et des territoires au cours des \u00e2ges, fi\u00e8rement enracin\u00e9 dans ma Gascogne natale, j&rsquo;ai toujours et naturellement ressenti cette parfaite symbiose de l&rsquo;\u00e2me et de la terre.\u00a0<\/p><p>L&rsquo;enracinement est un lien inextricablement profond d&rsquo;un homme associ\u00e9 \u00e0 un territoire, \u00e0 un terroir, somme toute \u00e0 sa terre, une terre qui a vu na\u00eetre, grandir, vivre et mourir ses a\u00efeux depuis tellement de si\u00e8cles que les paysages, le climat, l&rsquo;architecture, l&rsquo;urbanisme, la fa\u00e7on de vivre, allant m\u00eame peut-\u00eatre jusqu&rsquo;\u00e0 la fa\u00e7on d&rsquo;\u00eatre, soient ancr\u00e9s au plus profond de son \u00e2me. Ma passion pour la g\u00e9n\u00e9alogie s&rsquo;est donc d\u00e9velopp\u00e9e progressivement au cours de ma vie comme une synth\u00e8se \u00e9vidente de ce que je suis, en t\u00e9moigne ma devise en gascon \/ langue d&rsquo;oc : <i>Enracigat au pa\u00eds.<\/i><\/p><p>Fort d&rsquo;un cursus professionnel en d\u00e9veloppement foncier dans la construction\/promotion immobili\u00e8re, en planification urbaine et territoriale dans les domaines civiles et militaires, en conseil et assistance \u00e0 ma\u00eetrise d&rsquo;ouvrage, ces exp\u00e9riences m&rsquo;ont permis de me donner le go\u00fbt de la polyvalence, de la curiosit\u00e9 intellectuelle, de la pers\u00e9v\u00e9rance dans mes investigations, et enfin de l&rsquo;accompagnement et de l&rsquo;\u00e9coute des clients, de leurs histoires personnelles, familiales et probl\u00e9matiques.<\/p><p><b>Ma passion pour la g\u00e9n\u00e9alogie me conduit d\u00e9sormais\u00a0<span style=\"font-style: inherit;\">\u00e0 proposer mes services aupr\u00e8s des professionnels d<\/span><\/b><span style=\"font-style: inherit;\"><b>u droit et des particuliers<\/b><\/span><span style=\"font-style: inherit; font-weight: inherit;\">, avec lesquels j&rsquo;avais d\u00e9j\u00e0 l&rsquo;habitude de travailler, mais aussi des collectivit\u00e9s et de l&rsquo;Etat qui \u00e9taient et demeurent des interlocuteurs de premier plan.<\/span><\/p>\t\t\t\t\t\t\t\t<\/div>\n\t\t\t\t<\/div>\n\t\t\t\t<div class=\"elementor-element elementor-element-ff7d57f elementor-align-center elementor-widget elementor-widget-button\" data-id=\"ff7d57f\" data-element_type=\"widget\" data-widget_type=\"button.default\">\n\t\t\t\t<div class=\"elementor-widget-container\">\n\t\t\t\t\t\t\t\t\t<div class=\"elementor-button-wrapper\">\n\t\t\t\t\t<a class=\"elementor-button elementor-button-link elementor-size-sm\" href=\"https:\/\/trianomina.fr\/index.php\/contact\/\">\n\t\t\t\t\t\t<span class=\"elementor-button-content-wrapper\">\n\t\t\t\t\t\t\t\t\t<span class=\"elementor-button-text\"><span style=\"font-weight:bold; font-size:20px;\">Me contacter<\/span><\/span>\n\t\t\t\t\t<\/span>\n\t\t\t\t\t<\/a>\n\t\t\t\t<\/div>\n\t\t\t\t\t\t\t\t<\/div>\n\t\t\t\t<\/div>\n\t\t\t\t<\/div>\n\t\t\t\t\t<\/div>\n\t\t\t\t<\/div>\n\t\t\t\t<\/div>\n\t\t","protected":false},"excerpt":{"rendered":"<p>Jason CAZAURANG de BASTERRICA G\u00e9n\u00e9alogiste et g\u00e9ographe urbaniste G\u00e9rant et fondateur de TRIA NOMINA Passionn\u00e9 d&rsquo;histoire, de g\u00e9ographie\/cartographie, de d\u00e9veloppement [&hellip;]<\/p>\n","protected":false},"author":1,"featured_media":0,"parent":0,"menu_order":0,"comment_status":"closed","ping_status":"closed","template":"","meta":{"site-sidebar-layout":"no-sidebar","site-content-layout":"","ast-site-content-layout":"full-width-container","site-content-style":"default","site-sidebar-style":"default","ast-global-header-display":"","ast-banner-title-visibility":"","ast-main-header-display":"","ast-hfb-above-header-display":"","ast-hfb-below-header-display":"","ast-hfb-mobile-header-display":"","site-post-title":"disabled","ast-breadcrumbs-content":"","ast-featured-img":"disabled","footer-sml-layout":"","theme-transparent-header-meta":"","adv-header-id-meta":"","stick-header-meta":"","header-above-stick-meta":"","header-main-stick-meta":"","header-below-stick-meta":"","astra-migrate-meta-layouts":"default","ast-page-background-enabled":"default","ast-page-background-meta":{"desktop":{"background-color":"var(--ast-global-color-5)","background-image":"","background-repeat":"repeat","background-position":"center center","background-size":"auto","background-attachment":"scroll","background-type":"","background-media":"","overlay-type":"","overlay-color":"","overlay-opacity":"","overlay-gradient":""},"tablet":{"background-color":"","background-image":"","background-repeat":"repeat","background-position":"center center","background-size":"auto","background-attachment":"scroll","background-type":"","background-media":"","overlay-type":"","overlay-color":"","overlay-opacity":"","overlay-gradient":""},"mobile":{"background-color":"","background-image":"","background-repeat":"repeat","background-position":"center center","background-size":"auto","background-attachment":"scroll","background-type":"","background-media":"","overlay-type":"","overlay-color":"","overlay-opacity":"","overlay-gradient":""}},"ast-content-background-meta":{"desktop":{"background-color":"var(--ast-global-color-4)","background-image":"","background-repeat":"repeat","background-position":"center center","background-size":"auto","background-attachment":"scroll","background-type":"","background-media":"","overlay-type":"","overlay-color":"","overlay-opacity":"","overlay-gradient":""},"tablet":{"background-color":"var(--ast-global-color-4)","background-image":"","background-repeat":"repeat","background-position":"center center","background-size":"auto","background-attachment":"scroll","background-type":"","background-media":"","overlay-type":"","overlay-color":"","overlay-opacity":"","overlay-gradient":""},"mobile":{"background-color":"var(--ast-global-color-4)","background-image":"","background-repeat":"repeat","background-position":"center center","background-size":"auto","background-attachment":"scroll","background-type":"","background-media":"","overlay-type":"","overlay-color":"","overlay-opacity":"","overlay-gradient":""}},"footnotes":""},"class_list":["post-1831","page","type-page","status-publish","hentry"],"_links":{"self":[{"href":"https:\/\/trianomina.fr\/index.php\/wp-json\/wp\/v2\/pages\/1831","targetHints":{"allow":["GET"]}}],"collection":[{"href":"https:\/\/trianomina.fr\/index.php\/wp-json\/wp\/v2\/pages"}],"about":[{"href":"https:\/\/trianomina.fr\/index.php\/wp-json\/wp\/v2\/types\/page"}],"author":[{"embeddable":true,"href":"https:\/\/trianomina.fr\/index.php\/wp-json\/wp\/v2\/users\/1"}],"replies":[{"embeddable":true,"href":"https:\/\/trianomina.fr\/index.php\/wp-json\/wp\/v2\/comments?post=1831"}],"version-history":[{"count":253,"href":"https:\/\/trianomina.fr\/index.php\/wp-json\/wp\/v2\/pages\/1831\/revisions"}],"predecessor-version":[{"id":3939,"href":"https:\/\/trianomina.fr\/index.php\/wp-json\/wp\/v2\/pages\/1831\/revisions\/3939"}],"wp:attachment":[{"href":"https:\/\/trianomina.fr\/index.php\/wp-json\/wp\/v2\/media?parent=1831"}],"curies":[{"name":"wp","href":"https:\/\/api.w.org\/{rel}","templated":true}]}}