{"id":1856,"date":"2025-04-15T07:02:08","date_gmt":"2025-04-15T05:02:08","guid":{"rendered":"https:\/\/trianomina.fr\/?page_id=1856"},"modified":"2025-05-03T18:46:02","modified_gmt":"2025-05-03T16:46:02","slug":"le-projet-tria-nomina","status":"publish","type":"page","link":"https:\/\/trianomina.fr\/index.php\/le-projet-tria-nomina\/","title":{"rendered":"Le projet Tria Nomina"},"content":{"rendered":"\t\t<div data-elementor-type=\"wp-page\" data-elementor-id=\"1856\" class=\"elementor elementor-1856\">\n\t\t\t\t<div class=\"elementor-element elementor-element-d326f33 e-flex e-con-boxed e-con e-parent\" data-id=\"d326f33\" data-element_type=\"container\">\n\t\t\t\t\t<div class=\"e-con-inner\">\n\t\t\t\t<div class=\"elementor-element elementor-element-7cca12e elementor-widget-divider--view-line elementor-widget elementor-widget-divider\" data-id=\"7cca12e\" data-element_type=\"widget\" data-widget_type=\"divider.default\">\n\t\t\t\t<div class=\"elementor-widget-container\">\n\t\t\t\t\t\t\t<div class=\"elementor-divider\">\n\t\t\t<span class=\"elementor-divider-separator\">\n\t\t\t\t\t\t<\/span>\n\t\t<\/div>\n\t\t\t\t\t\t<\/div>\n\t\t\t\t<\/div>\n\t\t\t\t\t<\/div>\n\t\t\t\t<\/div>\n\t\t<div class=\"elementor-element elementor-element-66dbfbe e-flex e-con-boxed e-con e-parent\" data-id=\"66dbfbe\" data-element_type=\"container\" data-settings=\"{&quot;background_background&quot;:&quot;slideshow&quot;,&quot;background_slideshow_gallery&quot;:[{&quot;id&quot;:2143,&quot;url&quot;:&quot;http:\\\/\\\/trianomina.fr\\\/wp-content\\\/uploads\\\/2025\\\/04\\\/free-photo-of-texture-architecture-historique-voyager-1.jpeg&quot;}],&quot;background_slideshow_loop&quot;:&quot;yes&quot;,&quot;background_slideshow_slide_duration&quot;:5000,&quot;background_slideshow_slide_transition&quot;:&quot;fade&quot;,&quot;background_slideshow_transition_duration&quot;:500}\">\n\t\t\t\t\t<div class=\"e-con-inner\">\n\t\t\t\t<div class=\"elementor-element elementor-element-65e7c09 elementor-widget__width-initial elementor-widget elementor-widget-heading\" data-id=\"65e7c09\" data-element_type=\"widget\" data-widget_type=\"heading.default\">\n\t\t\t\t<div class=\"elementor-widget-container\">\n\t\t\t\t\t<h1 class=\"elementor-heading-title elementor-size-default\"><div style=\"font-family: 'Cambria', serif;\">\n  Le projet Tria Nomina\n<\/div><\/h1>\t\t\t\t<\/div>\n\t\t\t\t<\/div>\n\t\t\t\t\t<\/div>\n\t\t\t\t<\/div>\n\t\t<div class=\"elementor-element elementor-element-1557ea6 e-flex e-con-boxed e-con e-parent\" data-id=\"1557ea6\" data-element_type=\"container\">\n\t\t\t\t\t<div class=\"e-con-inner\">\n\t\t\t\t<div class=\"elementor-element elementor-element-fd19ea4 elementor-widget__width-initial elementor-widget elementor-widget-heading\" data-id=\"fd19ea4\" data-element_type=\"widget\" data-widget_type=\"heading.default\">\n\t\t\t\t<div class=\"elementor-widget-container\">\n\t\t\t\t\t<h2 class=\"elementor-heading-title elementor-size-default\"><br>TRIA NOMINA, les origines<\/h2>\t\t\t\t<\/div>\n\t\t\t\t<\/div>\n\t\t\t\t<div class=\"elementor-element elementor-element-43341d5 elementor-drop-cap-yes elementor-drop-cap-view-default elementor-widget elementor-widget-text-editor\" data-id=\"43341d5\" data-element_type=\"widget\" data-settings=\"{&quot;drop_cap&quot;:&quot;yes&quot;}\" data-widget_type=\"text-editor.default\">\n\t\t\t\t<div class=\"elementor-widget-container\">\n\t\t\t\t\t\t\t\t\t<p>Ce terme remonte, par son anciennet\u00e9, \u00e0 <b>la R\u00e9publique romaine il y a plus de 2000 ans<\/b>, et d\u00e9signe l\u2019association d\u2019un <i>praenomen<\/i>, d\u2019un <i>nomen <\/i>et d\u2019un <i>cognomen<\/i>.<\/p><p><b>Le <i>praenomen<\/i><\/b>, anc\u00eatre du pr\u00e9nom, tient lieu d\u2019appellation individuelle. Il \u00e9tait d\u2019usage, pour les citoyens patriciens, d\u2019en assurer une transmission h\u00e9r\u00e9ditaire et masculine.<\/p><p><b>Le <i>nomen<\/i><\/b><i> <\/i>est, quant \u00e0 lui, le nom qui distingue la gens, un groupe de personnes partageant la m\u00eame origine patrilin\u00e9aire, et qui est la marque de leur anciennet\u00e9. Le terme gens se r\u00e9f\u00e8re, en outre, \u00e0 l\u2019id\u00e9e de peuple.<\/p><p><b>Le <i>cognonem<\/i><\/b><i> <\/i>fait figure de surnom, h\u00e9r\u00e9ditaire, et diff\u00e9renciant les membres d\u2019une m\u00eame gens, il peut se faire l\u2019\u00e9cho d\u2019un point particulier ou d\u2019un succ\u00e8s militaire. Les Romains impos\u00e8rent la d\u00e9claration des nouveaux-n\u00e9s, obligation qui existait encore sous le r\u00e8gne de Constantin. La <i>tria nomina<\/i> perdit n\u00e9anmoins sa valeur suite \u00e0 l\u2019octroi de la citoyennet\u00e9, par la Constitution antonine de l\u2019an 212, \u00e0 l\u2019ensemble des hommes libres de l\u2019Empire. La gens disparut dans les si\u00e8cles qui suivirent.<\/p><p>Plusieurs historiens voient dans cet octroi de la citoyennet\u00e9 romaine sans condition de m\u00e9rite ni h\u00e9r\u00e9dit\u00e9 \u00e9manant du droit du sang l\u2019une des causes du d\u00e9clin de l\u2019Empire. Par opposition \u00e0 cette perte progressive de la <i>tria nomina<\/i>, l\u2019aristocratie romaine accumula jusqu\u2019au Ve si\u00e8cle les cognomina : un individu pouvait en porter une quarantaine, en hommage \u00e0 ses anc\u00eatres proches ou plus lointains, paternels et maternels.<\/p><p>Ainsi notre choix du terme <b><i>tria nomina<\/i><\/b> \u00e0 notre \u00e9tude porte en lui <b>l\u2019id\u00e9e d\u2019un attachement \u00e0 l\u2019histoire, au droit du sang, \u00e0 l\u2019anciennet\u00e9<\/b>, que les Romains d\u2019ancienne extraction tent\u00e8rent de pr\u00e9server. L\u2019on peut aussi rapprocher, d\u2019une part, <i>Tria<\/i>, et d\u2019autre part, <b>Trinit\u00e9<\/b>, terme saint dont l\u2019origine remonte \u00e0 Th\u00e9ophile, \u00e9v\u00eaque d\u2019Antioche au IIe si\u00e8cle, de culture grecque, auteur du <b><i>Trait\u00e9 \u00e0 Autolycus<\/i><\/b>.<\/p><p><b>La foi chr\u00e9tienne, l\u2019h\u00e9ritage romain et les fondements antiques se rejoignent dans ce concept de <i>Tria Nomina<\/i><\/b><i>.<\/i><\/p>\t\t\t\t\t\t\t\t<\/div>\n\t\t\t\t<\/div>\n\t\t\t\t\t<\/div>\n\t\t\t\t<\/div>\n\t\t<div class=\"elementor-element elementor-element-f71ba23 e-con-full e-flex e-con e-parent\" data-id=\"f71ba23\" data-element_type=\"container\">\n\t\t\t\t<div class=\"elementor-element elementor-element-3794f3a elementor-widget elementor-widget-heading\" data-id=\"3794f3a\" data-element_type=\"widget\" data-widget_type=\"heading.default\">\n\t\t\t\t<div class=\"elementor-widget-container\">\n\t\t\t\t\t<h2 class=\"elementor-heading-title elementor-size-default\"><b>Aspects \u00e9thiques<\/b><\/h2>\t\t\t\t<\/div>\n\t\t\t\t<\/div>\n\t\t\t\t<div class=\"elementor-element elementor-element-25c5b6a elementor-drop-cap-yes elementor-drop-cap-view-default elementor-widget elementor-widget-text-editor\" data-id=\"25c5b6a\" data-element_type=\"widget\" data-settings=\"{&quot;drop_cap&quot;:&quot;yes&quot;}\" data-widget_type=\"text-editor.default\">\n\t\t\t\t<div class=\"elementor-widget-container\">\n\t\t\t\t\t\t\t\t\t<p>Le g\u00e9n\u00e9alogiste historique comme le g\u00e9n\u00e9alogiste successoral sont <b>tenus d\u2019assurer tant une repr\u00e9sentation honn\u00eate qu\u2019une action sinc\u00e8re de leur noble m\u00e9tier<\/b>, missions dont les fondements sont d\u00e9taill\u00e9s dans les sources l\u00e9gislatives et d\u00e9ontologiques.<\/p>\n<p>Nonobstant ces principes, nombreux sont les professionnels qui proposent sans nuance pr\u00e9alable des tarifs \u00e9tablis sur la base d\u2019un anc\u00eatre, d\u2019un nombre pr\u00e9d\u00e9fini d\u2019anc\u00eatres compris dans une ascendance remontant \u00e0 tel ou tel degr\u00e9 g\u00e9n\u00e9rationnel, ou m\u00eame \u00e0 l\u2019acte. <b>C&rsquo;est pourquoi nous pr\u00e9f\u00e9rons produire d&rsquo;abord un devis (gratuit)<\/b> \u00e9tabli sur un taux moyen journalier (TMJ) lui m\u00eame conditionn\u00e9 en fonction des dates et localisations g\u00e9ographiques des recherches.<\/p>\n<p>La connaissance g\u00e9n\u00e9alogique, puise ses constituants dans les diff\u00e9rents fonds archivistiques, que les al\u00e9as du temps et ceux inh\u00e9rents aux soci\u00e9t\u00e9s, puis les conditions de conservation, ont affect\u00e9s. La disponibilit\u00e9 des sources est loin d\u2019\u00eatre uniforme ; au contraire, elle varie \u00e0 chaque \u00e9chelle, un village pouvant disposer de registres tr\u00e8s anciens quand l\u2019autre, voisin, a perdu les siens. Il nous appara\u00eet primordial d\u2019expliciter clairement ce point \u00e0 tout client, et plus particuli\u00e8rement encore \u00e0 tout client souhaitant une recherche \u00e0 l\u2019\u00e9tranger. En dehors des soci\u00e9t\u00e9s occidentales, des Am\u00e9riques, et dans une moindre mesure des anciens territoires coloniaux, il n\u2019est gu\u00e8re possible de reconstituer plusieurs si\u00e8cles d\u2019ascendance. La tenue institutionnalis\u00e9e de registres est un leg des Romains que les Chr\u00e9tiens ont, sur un temps long, fortifi\u00e9.&nbsp;<\/p>\n<p>Ce faisant, un diagnostic des potentialit\u00e9s archivistiques doit \u00eatre effectu\u00e9 avant toute recherche, prenant la forme d\u2019un questionnaire banal d\u2019apparence : dans quel(s) pays, r\u00e9gions et d\u00e9partements avez-vous, \u00e0 votre connaissance, des anc\u00eatres ? Cette question, associ\u00e9e \u00e0 une connaissance g\u00e9n\u00e9rale des potentiels archivistiques en France, permet de personnaliser la d\u00e9marche. <strong>L&rsquo;\u00e9tude g\u00e9n\u00e9alogique TRIA NOMINA met un point d&rsquo;honneur \u00e0 consid\u00e9rer chaque client unique et charg\u00e9e d&rsquo;une histoire int\u00e9ressante<\/strong>, et non l\u2019\u00e9ni\u00e8me maillon d\u2019une cha\u00eene commerciale.<\/p>\t\t\t\t\t\t\t\t<\/div>\n\t\t\t\t<\/div>\n\t\t\t\t<\/div>\n\t\t<div class=\"elementor-element elementor-element-8593cab e-con-full e-flex e-con e-parent\" data-id=\"8593cab\" data-element_type=\"container\">\n\t\t\t\t<div class=\"elementor-element elementor-element-00f47d6 elementor-widget elementor-widget-heading\" data-id=\"00f47d6\" data-element_type=\"widget\" data-widget_type=\"heading.default\">\n\t\t\t\t<div class=\"elementor-widget-container\">\n\t\t\t\t\t<h2 class=\"elementor-heading-title elementor-size-default\"><b> Conceptualisation des prestations\n<\/b><\/h2>\t\t\t\t<\/div>\n\t\t\t\t<\/div>\n\t\t\t\t<div class=\"elementor-element elementor-element-72deb5e elementor-drop-cap-yes elementor-drop-cap-view-default elementor-widget elementor-widget-text-editor\" data-id=\"72deb5e\" data-element_type=\"widget\" data-settings=\"{&quot;drop_cap&quot;:&quot;yes&quot;}\" data-widget_type=\"text-editor.default\">\n\t\t\t\t<div class=\"elementor-widget-container\">\n\t\t\t\t\t\t\t\t\t<p>La d\u00e9marche entreprise nous situe aux croisements des \u00e9tudes fonci\u00e8res, g\u00e9n\u00e9alogiques, historiques et successorales, entre histoire, g\u00e9n\u00e9alogie, droit et g\u00e9ographie. <b>Conceptualiser, et am\u00e9liorer les prestations propos\u00e9es, s\u2019impose logiquement.<\/b>\u00a0<\/p><p>Proposer des prestations classiques, \u00e0 l\u2019instar du traditionnel \u00ab arbre g\u00e9n\u00e9alogique x g\u00e9n\u00e9rations comprenant la liste des anc\u00eatres et les actes NMD \u00bb ou \u00ab matricules militaires de vos anc\u00eatres \u00bb ne rev\u00eat gu\u00e8re d\u2019int\u00e9r\u00eat. <b>Notre travail est celui de g\u00e9ographes et d\u2019historiens, anim\u00e9s par la volont\u00e9 d\u2019ancrer les gens dans leurs territoires et leurs histoires, de relie<\/b>r le fait particulier \u00e0 la grande Histoire, mais \u00e9galement celui d\u2019enqu\u00eateurs, fournissant des preuves archivistiques reconstituant l\u2019histoire d\u2019une parcelle, d\u2019un b\u00e2timent<\/p><p>\u00a0<\/p>\t\t\t\t\t\t\t\t<\/div>\n\t\t\t\t<\/div>\n\t\t\t\t<\/div>\n\t\t\t\t<\/div>\n\t\t","protected":false},"excerpt":{"rendered":"<p>Le projet Tria Nomina TRIA NOMINA, les origines Ce terme remonte, par son anciennet\u00e9, \u00e0 la R\u00e9publique romaine il y [&hellip;]<\/p>\n","protected":false},"author":1,"featured_media":0,"parent":0,"menu_order":0,"comment_status":"closed","ping_status":"closed","template":"","meta":{"site-sidebar-layout":"no-sidebar","site-content-layout":"","ast-site-content-layout":"full-width-container","site-content-style":"default","site-sidebar-style":"default","ast-global-header-display":"","ast-banner-title-visibility":"","ast-main-header-display":"","ast-hfb-above-header-display":"","ast-hfb-below-header-display":"","ast-hfb-mobile-header-display":"","site-post-title":"disabled","ast-breadcrumbs-content":"","ast-featured-img":"disabled","footer-sml-layout":"","theme-transparent-header-meta":"","adv-header-id-meta":"","stick-header-meta":"","header-above-stick-meta":"","header-main-stick-meta":"","header-below-stick-meta":"","astra-migrate-meta-layouts":"default","ast-page-background-enabled":"default","ast-page-background-meta":{"desktop":{"background-color":"var(--ast-global-color-5)","background-image":"","background-repeat":"repeat","background-position":"center center","background-size":"auto","background-attachment":"scroll","background-type":"","background-media":"","overlay-type":"","overlay-color":"","overlay-opacity":"","overlay-gradient":""},"tablet":{"background-color":"","background-image":"","background-repeat":"repeat","background-position":"center center","background-size":"auto","background-attachment":"scroll","background-type":"","background-media":"","overlay-type":"","overlay-color":"","overlay-opacity":"","overlay-gradient":""},"mobile":{"background-color":"","background-image":"","background-repeat":"repeat","background-position":"center center","background-size":"auto","background-attachment":"scroll","background-type":"","background-media":"","overlay-type":"","overlay-color":"","overlay-opacity":"","overlay-gradient":""}},"ast-content-background-meta":{"desktop":{"background-color":"var(--ast-global-color-4)","background-image":"","background-repeat":"repeat","background-position":"center center","background-size":"auto","background-attachment":"scroll","background-type":"","background-media":"","overlay-type":"","overlay-color":"","overlay-opacity":"","overlay-gradient":""},"tablet":{"background-color":"var(--ast-global-color-4)","background-image":"","background-repeat":"repeat","background-position":"center center","background-size":"auto","background-attachment":"scroll","background-type":"","background-media":"","overlay-type":"","overlay-color":"","overlay-opacity":"","overlay-gradient":""},"mobile":{"background-color":"var(--ast-global-color-4)","background-image":"","background-repeat":"repeat","background-position":"center center","background-size":"auto","background-attachment":"scroll","background-type":"","background-media":"","overlay-type":"","overlay-color":"","overlay-opacity":"","overlay-gradient":""}},"footnotes":""},"class_list":["post-1856","page","type-page","status-publish","hentry"],"_links":{"self":[{"href":"https:\/\/trianomina.fr\/index.php\/wp-json\/wp\/v2\/pages\/1856","targetHints":{"allow":["GET"]}}],"collection":[{"href":"https:\/\/trianomina.fr\/index.php\/wp-json\/wp\/v2\/pages"}],"about":[{"href":"https:\/\/trianomina.fr\/index.php\/wp-json\/wp\/v2\/types\/page"}],"author":[{"embeddable":true,"href":"https:\/\/trianomina.fr\/index.php\/wp-json\/wp\/v2\/users\/1"}],"replies":[{"embeddable":true,"href":"https:\/\/trianomina.fr\/index.php\/wp-json\/wp\/v2\/comments?post=1856"}],"version-history":[{"count":187,"href":"https:\/\/trianomina.fr\/index.php\/wp-json\/wp\/v2\/pages\/1856\/revisions"}],"predecessor-version":[{"id":3630,"href":"https:\/\/trianomina.fr\/index.php\/wp-json\/wp\/v2\/pages\/1856\/revisions\/3630"}],"wp:attachment":[{"href":"https:\/\/trianomina.fr\/index.php\/wp-json\/wp\/v2\/media?parent=1856"}],"curies":[{"name":"wp","href":"https:\/\/api.w.org\/{rel}","templated":true}]}}