{"id":1860,"date":"2025-04-15T07:22:56","date_gmt":"2025-04-15T05:22:56","guid":{"rendered":"https:\/\/trianomina.fr\/?page_id=1860"},"modified":"2025-05-04T04:17:15","modified_gmt":"2025-05-04T02:17:15","slug":"procedures-administratives-judiciaires","status":"publish","type":"page","link":"https:\/\/trianomina.fr\/index.php\/procedures-administratives-judiciaires\/","title":{"rendered":"Proc\u00e9dures administratives &amp; judiciaires"},"content":{"rendered":"\t\t<div data-elementor-type=\"wp-page\" data-elementor-id=\"1860\" class=\"elementor elementor-1860\">\n\t\t\t\t<div class=\"elementor-element elementor-element-aa10db8 e-flex e-con-boxed e-con e-parent\" data-id=\"aa10db8\" data-element_type=\"container\">\n\t\t\t\t\t<div class=\"e-con-inner\">\n\t\t\t\t<div class=\"elementor-element elementor-element-dba0609 elementor-widget-divider--view-line elementor-widget elementor-widget-divider\" data-id=\"dba0609\" data-element_type=\"widget\" data-widget_type=\"divider.default\">\n\t\t\t\t<div class=\"elementor-widget-container\">\n\t\t\t\t\t\t\t<div class=\"elementor-divider\">\n\t\t\t<span class=\"elementor-divider-separator\">\n\t\t\t\t\t\t<\/span>\n\t\t<\/div>\n\t\t\t\t\t\t<\/div>\n\t\t\t\t<\/div>\n\t\t\t\t\t<\/div>\n\t\t\t\t<\/div>\n\t\t<div class=\"elementor-element elementor-element-0fed2fd e-flex e-con-boxed e-con e-parent\" data-id=\"0fed2fd\" data-element_type=\"container\" data-settings=\"{&quot;background_background&quot;:&quot;slideshow&quot;,&quot;background_slideshow_gallery&quot;:[{&quot;id&quot;:3130,&quot;url&quot;:&quot;http:\\\/\\\/trianomina.fr\\\/wp-content\\\/uploads\\\/2025\\\/04\\\/image-13-1.jpg&quot;}],&quot;background_slideshow_loop&quot;:&quot;yes&quot;,&quot;background_slideshow_slide_duration&quot;:5000,&quot;background_slideshow_slide_transition&quot;:&quot;fade&quot;,&quot;background_slideshow_transition_duration&quot;:500}\">\n\t\t\t\t\t<div class=\"e-con-inner\">\n\t\t\t\t<div class=\"elementor-element elementor-element-ba7dee0 elementor-widget__width-initial elementor-widget elementor-widget-heading\" data-id=\"ba7dee0\" data-element_type=\"widget\" data-widget_type=\"heading.default\">\n\t\t\t\t<div class=\"elementor-widget-container\">\n\t\t\t\t\t<h1 class=\"elementor-heading-title elementor-size-default\"><span style=\"font-size: 40px;\">Les proc\u00e9dures administratives &amp; judiciaires<br>\n<span style=\"font-size: 30px;\">Les cas sp\u00e9cifiques<\/span><\/h1>\t\t\t\t<\/div>\n\t\t\t\t<\/div>\n\t\t\t\t\t<\/div>\n\t\t\t\t<\/div>\n\t\t<div class=\"elementor-element elementor-element-40ee5bd e-flex e-con-boxed e-con e-parent\" data-id=\"40ee5bd\" data-element_type=\"container\">\n\t\t\t\t\t<div class=\"e-con-inner\">\n\t\t\t\t<div class=\"elementor-element elementor-element-c72f6fb elementor-widget elementor-widget-heading\" data-id=\"c72f6fb\" data-element_type=\"widget\" data-widget_type=\"heading.default\">\n\t\t\t\t<div class=\"elementor-widget-container\">\n\t\t\t\t\t<h3 class=\"elementor-heading-title elementor-size-default\"><b>Des recherches g\u00e9n\u00e9alogiques peuvent \u00eatres n\u00e9cessaires si vous \u00eates concern\u00e9s ou int\u00e9ress\u00e9s par ces d\u00e9marches sp\u00e9cifiques :<\/b><\/h3>\t\t\t\t<\/div>\n\t\t\t\t<\/div>\n\t\t\t\t\t<\/div>\n\t\t\t\t<\/div>\n\t\t<div class=\"elementor-element elementor-element-9757ea7 e-grid e-con-boxed e-con e-parent\" data-id=\"9757ea7\" data-element_type=\"container\">\n\t\t\t\t\t<div class=\"e-con-inner\">\n\t\t<div class=\"elementor-element elementor-element-19b4641 e-con-full e-flex e-con e-child\" data-id=\"19b4641\" data-element_type=\"container\" data-settings=\"{&quot;background_background&quot;:&quot;classic&quot;}\">\n\t\t\t\t<div class=\"elementor-element elementor-element-a203d12 elementor-widget__width-initial e-transform elementor-widget elementor-widget-image\" data-id=\"a203d12\" data-element_type=\"widget\" data-settings=\"{&quot;_transform_scale_effect&quot;:{&quot;unit&quot;:&quot;px&quot;,&quot;size&quot;:1,&quot;sizes&quot;:[]},&quot;_transform_scale_effect_tablet&quot;:{&quot;unit&quot;:&quot;px&quot;,&quot;size&quot;:&quot;&quot;,&quot;sizes&quot;:[]},&quot;_transform_scale_effect_mobile&quot;:{&quot;unit&quot;:&quot;px&quot;,&quot;size&quot;:&quot;&quot;,&quot;sizes&quot;:[]}}\" data-widget_type=\"image.default\">\n\t\t\t\t<div class=\"elementor-widget-container\">\n\t\t\t\t\t\t\t\t\t\t\t\t\t\t\t\t<a href=\"https:\/\/trianomina.fr\/index.php\/ayant-droits-de-caveau-funeraire\/\">\n\t\t\t\t\t\t\t<img fetchpriority=\"high\" decoding=\"async\" width=\"1006\" height=\"1024\" src=\"https:\/\/trianomina.fr\/wp-content\/uploads\/2025\/04\/ChatGPT-Image-15-avr.-2025-02_10_40-e1744686721561-1006x1024.png\" class=\"attachment-large size-large wp-image-1666\" alt=\"\" srcset=\"https:\/\/trianomina.fr\/wp-content\/uploads\/2025\/04\/ChatGPT-Image-15-avr.-2025-02_10_40-e1744686721561-1006x1024.png 1006w, https:\/\/trianomina.fr\/wp-content\/uploads\/2025\/04\/ChatGPT-Image-15-avr.-2025-02_10_40-e1744686721561-295x300.png 295w, https:\/\/trianomina.fr\/wp-content\/uploads\/2025\/04\/ChatGPT-Image-15-avr.-2025-02_10_40-e1744686721561-768x782.png 768w, https:\/\/trianomina.fr\/wp-content\/uploads\/2025\/04\/ChatGPT-Image-15-avr.-2025-02_10_40-e1744686721561-600x611.png 600w, https:\/\/trianomina.fr\/wp-content\/uploads\/2025\/04\/ChatGPT-Image-15-avr.-2025-02_10_40-e1744686721561.png 1024w\" sizes=\"(max-width: 1006px) 100vw, 1006px\" \/>\t\t\t\t\t\t\t\t<\/a>\n\t\t\t\t\t\t\t\t\t\t\t\t\t\t\t<\/div>\n\t\t\t\t<\/div>\n\t\t\t\t<div class=\"elementor-element elementor-element-909460d elementor-widget elementor-widget-button\" data-id=\"909460d\" data-element_type=\"widget\" data-widget_type=\"button.default\">\n\t\t\t\t<div class=\"elementor-widget-container\">\n\t\t\t\t\t\t\t\t\t<div class=\"elementor-button-wrapper\">\n\t\t\t\t\t<a class=\"elementor-button elementor-button-link elementor-size-sm\" href=\"https:\/\/trianomina.fr\/index.php\/ayant-droits-de-caveau-funeraire\/\">\n\t\t\t\t\t\t<span class=\"elementor-button-content-wrapper\">\n\t\t\t\t\t\t\t\t\t<span class=\"elementor-button-text\">\u2022 Prouver des ayants droits sur une concession\/ caveau fun\u00e9raire familial <\/span>\n\t\t\t\t\t<\/span>\n\t\t\t\t\t<\/a>\n\t\t\t\t<\/div>\n\t\t\t\t\t\t\t\t<\/div>\n\t\t\t\t<\/div>\n\t\t\t\t<\/div>\n\t\t<div class=\"elementor-element elementor-element-221ba68 e-con-full e-flex e-con e-child\" data-id=\"221ba68\" data-element_type=\"container\" data-settings=\"{&quot;background_background&quot;:&quot;classic&quot;}\">\n\t\t\t\t<div class=\"elementor-element elementor-element-dd1f766 elementor-widget__width-initial elementor-widget elementor-widget-image\" data-id=\"dd1f766\" data-element_type=\"widget\" data-widget_type=\"image.default\">\n\t\t\t\t<div class=\"elementor-widget-container\">\n\t\t\t\t\t\t\t\t\t\t\t\t\t\t\t\t<a href=\"https:\/\/trianomina.fr\/index.php\/relevement-dun-nom-en-desherence\/\">\n\t\t\t\t\t\t\t<img decoding=\"async\" width=\"1024\" height=\"683\" src=\"https:\/\/trianomina.fr\/wp-content\/uploads\/2025\/04\/ChatGPT-Image-29-avr.-2025-15_15_00-1024x683.png\" class=\"attachment-large size-large wp-image-3118\" alt=\"\" srcset=\"https:\/\/trianomina.fr\/wp-content\/uploads\/2025\/04\/ChatGPT-Image-29-avr.-2025-15_15_00-1024x683.png 1024w, https:\/\/trianomina.fr\/wp-content\/uploads\/2025\/04\/ChatGPT-Image-29-avr.-2025-15_15_00-300x200.png 300w, https:\/\/trianomina.fr\/wp-content\/uploads\/2025\/04\/ChatGPT-Image-29-avr.-2025-15_15_00-768x512.png 768w, https:\/\/trianomina.fr\/wp-content\/uploads\/2025\/04\/ChatGPT-Image-29-avr.-2025-15_15_00.png 1536w\" sizes=\"(max-width: 1024px) 100vw, 1024px\" \/>\t\t\t\t\t\t\t\t<\/a>\n\t\t\t\t\t\t\t\t\t\t\t\t\t\t\t<\/div>\n\t\t\t\t<\/div>\n\t\t\t\t<div class=\"elementor-element elementor-element-8d9c0be elementor-widget elementor-widget-button\" data-id=\"8d9c0be\" data-element_type=\"widget\" data-widget_type=\"button.default\">\n\t\t\t\t<div class=\"elementor-widget-container\">\n\t\t\t\t\t\t\t\t\t<div class=\"elementor-button-wrapper\">\n\t\t\t\t\t<a class=\"elementor-button elementor-button-link elementor-size-sm\" href=\"https:\/\/trianomina.fr\/index.php\/relevement-dun-nom-en-desherence\/\">\n\t\t\t\t\t\t<span class=\"elementor-button-content-wrapper\">\n\t\t\t\t\t\t\t\t\t<span class=\"elementor-button-text\">\u2022 Relever un nom en d\u00e9sh\u00e9rence <\/span>\n\t\t\t\t\t<\/span>\n\t\t\t\t\t<\/a>\n\t\t\t\t<\/div>\n\t\t\t\t\t\t\t\t<\/div>\n\t\t\t\t<\/div>\n\t\t\t\t<div class=\"elementor-element elementor-element-30faea8 elementor-widget elementor-widget-button\" data-id=\"30faea8\" data-element_type=\"widget\" data-widget_type=\"button.default\">\n\t\t\t\t<div class=\"elementor-widget-container\">\n\t\t\t\t\t\t\t\t\t<div class=\"elementor-button-wrapper\">\n\t\t\t\t\t<a class=\"elementor-button elementor-button-link elementor-size-sm\" href=\"https:\/\/trianomina.fr\/index.php\/reprise-ou-adjonction-dun-nom-de-terre-a-particule\/\">\n\t\t\t\t\t\t<span class=\"elementor-button-content-wrapper\">\n\t\t\t\t\t\t\t\t\t<span class=\"elementor-button-text\">\u2022 Reprendre un nom de terre (\u00e0 particule)<\/span>\n\t\t\t\t\t<\/span>\n\t\t\t\t\t<\/a>\n\t\t\t\t<\/div>\n\t\t\t\t\t\t\t\t<\/div>\n\t\t\t\t<\/div>\n\t\t\t\t<\/div>\n\t\t<div class=\"elementor-element elementor-element-2b4509f e-con-full e-flex e-con e-child\" data-id=\"2b4509f\" data-element_type=\"container\" data-settings=\"{&quot;background_background&quot;:&quot;classic&quot;}\">\n\t\t\t\t<div class=\"elementor-element elementor-element-960063d elementor-widget__width-initial elementor-widget elementor-widget-image\" data-id=\"960063d\" data-element_type=\"widget\" data-widget_type=\"image.default\">\n\t\t\t\t<div class=\"elementor-widget-container\">\n\t\t\t\t\t\t\t\t\t\t\t\t\t\t\t\t<a href=\"https:\/\/trianomina.fr\/index.php\/genealogie-fonciere-recherche-de-proprietaires\/\">\n\t\t\t\t\t\t\t<img decoding=\"async\" width=\"683\" height=\"1024\" src=\"https:\/\/trianomina.fr\/wp-content\/uploads\/2025\/05\/8aea8d22-8f24-436a-8eb0-bece064a8065.png\" class=\"attachment-large size-large wp-image-3835\" alt=\"\" srcset=\"https:\/\/trianomina.fr\/wp-content\/uploads\/2025\/05\/8aea8d22-8f24-436a-8eb0-bece064a8065.png 1024w, https:\/\/trianomina.fr\/wp-content\/uploads\/2025\/05\/8aea8d22-8f24-436a-8eb0-bece064a8065-200x300.png 200w\" sizes=\"(max-width: 683px) 100vw, 683px\" \/>\t\t\t\t\t\t\t\t<\/a>\n\t\t\t\t\t\t\t\t\t\t\t\t\t\t\t<\/div>\n\t\t\t\t<\/div>\n\t\t\t\t<div class=\"elementor-element elementor-element-6279cac elementor-widget elementor-widget-button\" data-id=\"6279cac\" data-element_type=\"widget\" data-widget_type=\"button.default\">\n\t\t\t\t<div class=\"elementor-widget-container\">\n\t\t\t\t\t\t\t\t\t<div class=\"elementor-button-wrapper\">\n\t\t\t\t\t<a class=\"elementor-button elementor-button-link elementor-size-sm\" href=\"https:\/\/trianomina.fr\/index.php\/genealogie-fonciere-recherche-de-proprietaires\/\">\n\t\t\t\t\t\t<span class=\"elementor-button-content-wrapper\">\n\t\t\t\t\t\t\t\t\t<span class=\"elementor-button-text\">\u2022 Rechercher des propri\u00e9taires <span style=\"font-weight: normal;\">d'un terrain, d'un bien abandonn\u00e9 (g\u00e9n\u00e9alogie fonci\u00e8re)<\/span><\/span>\n\t\t\t\t\t<\/span>\n\t\t\t\t\t<\/a>\n\t\t\t\t<\/div>\n\t\t\t\t\t\t\t\t<\/div>\n\t\t\t\t<\/div>\n\t\t\t\t<\/div>\n\t\t<div class=\"elementor-element elementor-element-62152de e-con-full e-flex e-con e-child\" data-id=\"62152de\" data-element_type=\"container\" data-settings=\"{&quot;background_background&quot;:&quot;classic&quot;}\">\n\t\t\t\t<div class=\"elementor-element elementor-element-73cfa6a elementor-widget__width-initial elementor-widget elementor-widget-image\" data-id=\"73cfa6a\" data-element_type=\"widget\" data-widget_type=\"image.default\">\n\t\t\t\t<div class=\"elementor-widget-container\">\n\t\t\t\t\t\t\t\t\t\t\t\t\t\t\t\t<a href=\"https:\/\/trianomina.fr\/index.php\/recherche-de-preuves-de-la-nationalite-francaise\/\">\n\t\t\t\t\t\t\t<img loading=\"lazy\" decoding=\"async\" width=\"717\" height=\"1024\" src=\"https:\/\/trianomina.fr\/wp-content\/uploads\/2025\/04\/French_Passport_Cover.svg.png\" class=\"attachment-large size-large wp-image-1662\" alt=\"\" \/>\t\t\t\t\t\t\t\t<\/a>\n\t\t\t\t\t\t\t\t\t\t\t\t\t\t\t<\/div>\n\t\t\t\t<\/div>\n\t\t\t\t<div class=\"elementor-element elementor-element-39404ad elementor-widget elementor-widget-button\" data-id=\"39404ad\" data-element_type=\"widget\" data-widget_type=\"button.default\">\n\t\t\t\t<div class=\"elementor-widget-container\">\n\t\t\t\t\t\t\t\t\t<div class=\"elementor-button-wrapper\">\n\t\t\t\t\t<a class=\"elementor-button elementor-button-link elementor-size-sm\" href=\"https:\/\/trianomina.fr\/index.php\/recherche-de-preuves-de-la-nationalite-francaise\/\">\n\t\t\t\t\t\t<span class=\"elementor-button-content-wrapper\">\n\t\t\t\t\t\t\t\t\t<span class=\"elementor-button-text\">\u2022 Prouver sa nationalit\u00e9 fran\u00e7aise <br><span style=\"font-weight: normal;\">(famille fran\u00e7aise expatri\u00e9e depuis longtemps souhaite demander des documents d'identit\u00e9 fran\u00e7ais)<\/span><\/span>\n\t\t\t\t\t<\/span>\n\t\t\t\t\t<\/a>\n\t\t\t\t<\/div>\n\t\t\t\t\t\t\t\t<\/div>\n\t\t\t\t<\/div>\n\t\t\t\t<\/div>\n\t\t<div class=\"elementor-element elementor-element-d339d90 e-con-full e-flex e-con e-child\" data-id=\"d339d90\" data-element_type=\"container\" data-settings=\"{&quot;background_background&quot;:&quot;classic&quot;}\">\n\t\t\t\t<div class=\"elementor-element elementor-element-357f220 elementor-widget__width-initial elementor-widget elementor-widget-image\" data-id=\"357f220\" data-element_type=\"widget\" data-widget_type=\"image.default\">\n\t\t\t\t<div class=\"elementor-widget-container\">\n\t\t\t\t\t\t\t\t\t\t\t\t\t\t\t\t<a href=\"https:\/\/trianomina.fr\/index.php\/preuves-de-noblesse\/\">\n\t\t\t\t\t\t\t<img loading=\"lazy\" decoding=\"async\" width=\"600\" height=\"527\" src=\"https:\/\/trianomina.fr\/wp-content\/uploads\/2025\/04\/D81_04-e1744687693157.jpg\" class=\"attachment-large size-large wp-image-1665\" alt=\"\" srcset=\"https:\/\/trianomina.fr\/wp-content\/uploads\/2025\/04\/D81_04-e1744687693157.jpg 600w, https:\/\/trianomina.fr\/wp-content\/uploads\/2025\/04\/D81_04-e1744687693157-300x264.jpg 300w\" sizes=\"(max-width: 600px) 100vw, 600px\" \/>\t\t\t\t\t\t\t\t<\/a>\n\t\t\t\t\t\t\t\t\t\t\t\t\t\t\t<\/div>\n\t\t\t\t<\/div>\n\t\t\t\t<div class=\"elementor-element elementor-element-af41a2a elementor-align-justify elementor-widget elementor-widget-button\" data-id=\"af41a2a\" data-element_type=\"widget\" data-widget_type=\"button.default\">\n\t\t\t\t<div class=\"elementor-widget-container\">\n\t\t\t\t\t\t\t\t\t<div class=\"elementor-button-wrapper\">\n\t\t\t\t\t<a class=\"elementor-button elementor-button-link elementor-size-sm\" href=\"https:\/\/trianomina.fr\/index.php\/preuves-de-noblesse\/\">\n\t\t\t\t\t\t<span class=\"elementor-button-content-wrapper\">\n\t\t\t\t\t\t\t\t\t<span class=\"elementor-button-text\">\u2022 Prouver sa qualit\u00e9 de noble <br><span style=\"font-weight: normal;\">(pour adh\u00e9rer \u00e0 l'ANF,  apposer un titre de courtoisie, etc.)<\/span><\/span>\n\t\t\t\t\t<\/span>\n\t\t\t\t\t<\/a>\n\t\t\t\t<\/div>\n\t\t\t\t\t\t\t\t<\/div>\n\t\t\t\t<\/div>\n\t\t\t\t<\/div>\n\t\t<div class=\"elementor-element elementor-element-cd18407 e-con-full e-flex e-con e-child\" data-id=\"cd18407\" data-element_type=\"container\" data-settings=\"{&quot;background_background&quot;:&quot;classic&quot;}\">\n\t\t\t\t<div class=\"elementor-element elementor-element-3cac0ac elementor-widget__width-initial elementor-widget elementor-widget-image\" data-id=\"3cac0ac\" data-element_type=\"widget\" data-widget_type=\"image.default\">\n\t\t\t\t<div class=\"elementor-widget-container\">\n\t\t\t\t\t\t\t\t\t\t\t\t\t\t\t\t<a href=\"https:\/\/trianomina.fr\/index.php\/acquisition-de-la-nationalite-luxembourgeoise\/\">\n\t\t\t\t\t\t\t<img loading=\"lazy\" decoding=\"async\" width=\"667\" height=\"1000\" src=\"https:\/\/trianomina.fr\/wp-content\/uploads\/2025\/05\/Luxembourg.webp\" class=\"attachment-large size-large wp-image-3903\" alt=\"\" srcset=\"https:\/\/trianomina.fr\/wp-content\/uploads\/2025\/05\/Luxembourg.webp 667w, https:\/\/trianomina.fr\/wp-content\/uploads\/2025\/05\/Luxembourg-200x300.webp 200w\" sizes=\"(max-width: 667px) 100vw, 667px\" \/>\t\t\t\t\t\t\t\t<\/a>\n\t\t\t\t\t\t\t\t\t\t\t\t\t\t\t<\/div>\n\t\t\t\t<\/div>\n\t\t\t\t<div class=\"elementor-element elementor-element-40eca46 elementor-widget elementor-widget-button\" data-id=\"40eca46\" data-element_type=\"widget\" data-widget_type=\"button.default\">\n\t\t\t\t<div class=\"elementor-widget-container\">\n\t\t\t\t\t\t\t\t\t<div class=\"elementor-button-wrapper\">\n\t\t\t\t\t<a class=\"elementor-button elementor-button-link elementor-size-sm\" href=\"https:\/\/trianomina.fr\/index.php\/acquisition-de-la-nationalite-luxembourgeoise\/\">\n\t\t\t\t\t\t<span class=\"elementor-button-content-wrapper\">\n\t\t\t\t\t\t\t\t\t<span class=\"elementor-button-text\">\u2022 Acqu\u00e9rir la nationalit\u00e9 luxembourgeoise par recouvrement <br><span style=\"font-weight: normal;\"> (par un anc\u00eatre n\u00e9 au Luxembourg avant 1900)<\/span><\/span>\n\t\t\t\t\t<\/span>\n\t\t\t\t\t<\/a>\n\t\t\t\t<\/div>\n\t\t\t\t\t\t\t\t<\/div>\n\t\t\t\t<\/div>\n\t\t\t\t<\/div>\n\t\t\t\t\t<\/div>\n\t\t\t\t<\/div>\n\t\t\t\t<\/div>\n\t\t","protected":false},"excerpt":{"rendered":"<p>Les proc\u00e9dures administratives &amp; judiciaires Les cas sp\u00e9cifiques Des recherches g\u00e9n\u00e9alogiques peuvent \u00eatres n\u00e9cessaires si vous \u00eates concern\u00e9s ou int\u00e9ress\u00e9s [&hellip;]<\/p>\n","protected":false},"author":1,"featured_media":0,"parent":0,"menu_order":0,"comment_status":"closed","ping_status":"closed","template":"","meta":{"site-sidebar-layout":"no-sidebar","site-content-layout":"","ast-site-content-layout":"full-width-container","site-content-style":"default","site-sidebar-style":"default","ast-global-header-display":"","ast-banner-title-visibility":"","ast-main-header-display":"","ast-hfb-above-header-display":"","ast-hfb-below-header-display":"","ast-hfb-mobile-header-display":"","site-post-title":"disabled","ast-breadcrumbs-content":"","ast-featured-img":"disabled","footer-sml-layout":"","theme-transparent-header-meta":"","adv-header-id-meta":"","stick-header-meta":"","header-above-stick-meta":"","header-main-stick-meta":"","header-below-stick-meta":"","astra-migrate-meta-layouts":"default","ast-page-background-enabled":"default","ast-page-background-meta":{"desktop":{"background-color":"var(--ast-global-color-5)","background-image":"","background-repeat":"repeat","background-position":"center center","background-size":"auto","background-attachment":"scroll","background-type":"","background-media":"","overlay-type":"","overlay-color":"","overlay-opacity":"","overlay-gradient":""},"tablet":{"background-color":"","background-image":"","background-repeat":"repeat","background-position":"center center","background-size":"auto","background-attachment":"scroll","background-type":"","background-media":"","overlay-type":"","overlay-color":"","overlay-opacity":"","overlay-gradient":""},"mobile":{"background-color":"","background-image":"","background-repeat":"repeat","background-position":"center center","background-size":"auto","background-attachment":"scroll","background-type":"","background-media":"","overlay-type":"","overlay-color":"","overlay-opacity":"","overlay-gradient":""}},"ast-content-background-meta":{"desktop":{"background-color":"var(--ast-global-color-4)","background-image":"","background-repeat":"repeat","background-position":"center center","background-size":"auto","background-attachment":"scroll","background-type":"","background-media":"","overlay-type":"","overlay-color":"","overlay-opacity":"","overlay-gradient":""},"tablet":{"background-color":"var(--ast-global-color-4)","background-image":"","background-repeat":"repeat","background-position":"center center","background-size":"auto","background-attachment":"scroll","background-type":"","background-media":"","overlay-type":"","overlay-color":"","overlay-opacity":"","overlay-gradient":""},"mobile":{"background-color":"var(--ast-global-color-4)","background-image":"","background-repeat":"repeat","background-position":"center center","background-size":"auto","background-attachment":"scroll","background-type":"","background-media":"","overlay-type":"","overlay-color":"","overlay-opacity":"","overlay-gradient":""}},"footnotes":""},"class_list":["post-1860","page","type-page","status-publish","hentry"],"_links":{"self":[{"href":"https:\/\/trianomina.fr\/index.php\/wp-json\/wp\/v2\/pages\/1860","targetHints":{"allow":["GET"]}}],"collection":[{"href":"https:\/\/trianomina.fr\/index.php\/wp-json\/wp\/v2\/pages"}],"about":[{"href":"https:\/\/trianomina.fr\/index.php\/wp-json\/wp\/v2\/types\/page"}],"author":[{"embeddable":true,"href":"https:\/\/trianomina.fr\/index.php\/wp-json\/wp\/v2\/users\/1"}],"replies":[{"embeddable":true,"href":"https:\/\/trianomina.fr\/index.php\/wp-json\/wp\/v2\/comments?post=1860"}],"version-history":[{"count":184,"href":"https:\/\/trianomina.fr\/index.php\/wp-json\/wp\/v2\/pages\/1860\/revisions"}],"predecessor-version":[{"id":3929,"href":"https:\/\/trianomina.fr\/index.php\/wp-json\/wp\/v2\/pages\/1860\/revisions\/3929"}],"wp:attachment":[{"href":"https:\/\/trianomina.fr\/index.php\/wp-json\/wp\/v2\/media?parent=1860"}],"curies":[{"name":"wp","href":"https:\/\/api.w.org\/{rel}","templated":true}]}}