{"id":1901,"date":"2025-04-15T07:26:08","date_gmt":"2025-04-15T05:26:08","guid":{"rendered":"https:\/\/trianomina.fr\/?page_id=1901"},"modified":"2025-05-03T18:31:42","modified_gmt":"2025-05-03T16:31:42","slug":"genealogie-immobiliere","status":"publish","type":"page","link":"https:\/\/trianomina.fr\/index.php\/genealogie-immobiliere\/","title":{"rendered":"G\u00e9n\u00e9alogie immobili\u00e8re"},"content":{"rendered":"\t\t<div data-elementor-type=\"wp-page\" data-elementor-id=\"1901\" class=\"elementor elementor-1901\">\n\t\t\t\t<div class=\"elementor-element elementor-element-b0382c0 e-flex e-con-boxed e-con e-parent\" data-id=\"b0382c0\" data-element_type=\"container\">\n\t\t\t\t\t<div class=\"e-con-inner\">\n\t\t\t\t<div class=\"elementor-element elementor-element-86994a3 elementor-widget-divider--view-line elementor-widget elementor-widget-divider\" data-id=\"86994a3\" data-element_type=\"widget\" data-widget_type=\"divider.default\">\n\t\t\t\t<div class=\"elementor-widget-container\">\n\t\t\t\t\t\t\t<div class=\"elementor-divider\">\n\t\t\t<span class=\"elementor-divider-separator\">\n\t\t\t\t\t\t<\/span>\n\t\t<\/div>\n\t\t\t\t\t\t<\/div>\n\t\t\t\t<\/div>\n\t\t\t\t\t<\/div>\n\t\t\t\t<\/div>\n\t\t<div class=\"elementor-element elementor-element-5a4f9e4 e-flex e-con-boxed e-con e-parent\" data-id=\"5a4f9e4\" data-element_type=\"container\" data-settings=\"{&quot;background_background&quot;:&quot;slideshow&quot;,&quot;background_slideshow_gallery&quot;:[{&quot;id&quot;:2580,&quot;url&quot;:&quot;http:\\\/\\\/trianomina.fr\\\/wp-content\\\/uploads\\\/2025\\\/04\\\/CC130_24c-rotated.jpg&quot;}],&quot;background_slideshow_loop&quot;:&quot;yes&quot;,&quot;background_slideshow_slide_duration&quot;:5000,&quot;background_slideshow_slide_transition&quot;:&quot;fade&quot;,&quot;background_slideshow_transition_duration&quot;:500}\">\n\t\t\t\t\t<div class=\"e-con-inner\">\n\t\t\t\t<div class=\"elementor-element elementor-element-6ba64f9 elementor-widget__width-initial elementor-widget elementor-widget-heading\" data-id=\"6ba64f9\" data-element_type=\"widget\" data-widget_type=\"heading.default\">\n\t\t\t\t<div class=\"elementor-widget-container\">\n\t\t\t\t\t<h1 class=\"elementor-heading-title elementor-size-default\"><span style=\"font-size: 45px;\">G\u00e9n\u00e9alogie immobili\u00e8re<br><span style=\"font-size: 30px;\">D\u00e9couvrez l'histoire passionnante de votre bien <\/span><\/span><\/h1>\t\t\t\t<\/div>\n\t\t\t\t<\/div>\n\t\t\t\t\t<\/div>\n\t\t\t\t<\/div>\n\t\t<div class=\"elementor-element elementor-element-c97ea9d e-con-full e-flex e-con e-parent\" data-id=\"c97ea9d\" data-element_type=\"container\">\n\t\t\t\t<div class=\"elementor-element elementor-element-c842fb6 elementor-widget elementor-widget-heading\" data-id=\"c842fb6\" data-element_type=\"widget\" data-widget_type=\"heading.default\">\n\t\t\t\t<div class=\"elementor-widget-container\">\n\t\t\t\t\t<h2 class=\"elementor-heading-title elementor-size-default\"><b>Quand les murs parlent : d\u00e9couvrez l\u2019histoire oubli\u00e9e de votre bien<\/b><\/h2>\t\t\t\t<\/div>\n\t\t\t\t<\/div>\n\t\t\t\t<div class=\"elementor-element elementor-element-cedaf99 elementor-drop-cap-yes elementor-drop-cap-view-default elementor-widget elementor-widget-text-editor\" data-id=\"cedaf99\" data-element_type=\"widget\" data-settings=\"{&quot;drop_cap&quot;:&quot;yes&quot;}\" data-widget_type=\"text-editor.default\">\n\t\t\t\t<div class=\"elementor-widget-container\">\n\t\t\t\t\t\t\t\t\t<p>Du cadastre aux archives, nous retra\u00e7ons la m\u00e9moire de votre bien.<\/p><p data-start=\"521\" data-end=\"725\"><b>Votre bien n\u2019est pas qu\u2019un bien immobilier mais\u00a0<span style=\"font-style: inherit;\">a une histoire, parfois riche.<\/span><\/b><span style=\"font-style: inherit; font-weight: inherit;\"> Qu\u2019il s\u2019agisse d\u2019un bien ancien m\u00eame d&rsquo;apparence ordinaire : ancien corps de ferme, d\u2019un immeuble urbain ou d\u2019une maison de famille,\u00a0 chaque bien immobilier a vu d\u00e9filer des g\u00e9n\u00e9rations, des \u00e9v\u00e9nements, des destins. C<\/span>\u2019est un t\u00e9moin discret du temps, un fragment d\u2019histoire qui a vu passer des g\u00e9n\u00e9rations, des joies, des drames, des transmissions, et qui a pu se traduire par des \u00e9volutions, des transformations, des agrandissements, des d\u00e9molitions, des embellissements etc.<\/p><p data-start=\"732\" data-end=\"986\">Gr\u00e2ce \u00e0 la <strong data-start=\"743\" data-end=\"769\">g\u00e9n\u00e9alogie immobili\u00e8re<\/strong>, nous faisons parler les murs,\u00a0<span style=\"font-style: inherit; font-weight: inherit;\">nous enqu\u00eatons dans les archives notariales, cadastrales et historiques nous retra\u00e7ons la chronologie des propri\u00e9taires, comprendre les \u00e9volutions du b\u00e2ti et mettre en lumi\u00e8re les r\u00e9cits humains attach\u00e9s aux lieux. Nous viennent alors naturellement ces questions simples sur le bien qui nous suscite tant de curiosit\u00e9 :<\/span><\/p><p style=\"font-size: 20px;\" data-start=\"774\" data-end=\"796\"><strong>\u2022 Qui l\u2019a construit ?<\/strong><\/p><p style=\"font-size: 20px;\" data-start=\"799\" data-end=\"818\"><strong>\u2022 Qui l\u2019a habit\u00e9 ?<\/strong><\/p><p style=\"font-size: 20px;\" data-start=\"821\" data-end=\"864\"><strong>\u2022 Comment a-t-il \u00e9volu\u00e9 au fil du temps ?<\/strong><\/p><p style=\"font-size: 20px;\" data-start=\"867\" data-end=\"902\"><strong>\u2022Quels r\u00e9cits m\u00e9connus s\u2019y cachent ?<\/strong><\/p><p data-start=\"993\" data-end=\"1105\"><span style=\"font-style: inherit; font-weight: inherit;\">Notre travail est rigoureux, passionn\u00e9, document\u00e9. Il s\u2019adresse aux <\/span><strong style=\"font-style: inherit;\" data-start=\"972\" data-end=\"997\">curieux de patrimoine<\/strong><span style=\"font-style: inherit; font-weight: inherit;\">, aux <\/span><strong style=\"font-style: inherit;\" data-start=\"1003\" data-end=\"1035\">passionn\u00e9s d\u2019histoire locale<\/strong><span style=\"font-style: inherit; font-weight: inherit;\">, ou \u00e0 ceux qui veulent simplement <\/span><strong style=\"font-style: inherit;\" data-start=\"1070\" data-end=\"1106\">mieux comprendre l\u2019\u00e2me d\u2019un lieu<\/strong><span style=\"font-style: inherit; font-weight: inherit;\"> qu\u2019ils habitent ou restaurent.<\/span><\/p><p data-start=\"993\" data-end=\"1105\"><span style=\"font-style: inherit; font-weight: inherit;\">C&rsquo;est aussi un formidable moyen de <\/span><span style=\"font-style: inherit;\"><b>mettre en valeur un patrimoine<\/b><\/span><span style=\"font-style: inherit; font-weight: inherit;\"> car l&rsquo;histoire ajoute toujours une dimension de profondeur et une r\u00e9elle perspective, o\u00f9 de \u00ab\u00a0vieilles pierres\u00a0\u00bb prennent alors tout leur sens : <\/span><span style=\"font-style: inherit;\"><b>projet culturel ou touristique <\/b>(visite, location, \u00e9v\u00e8nementiel)<b>, travaux de restauration&#8230;<\/b><\/span><\/p>\t\t\t\t\t\t\t\t<\/div>\n\t\t\t\t<\/div>\n\t\t\t\t<\/div>\n\t\t<div class=\"elementor-element elementor-element-77dff25 e-con-full e-flex e-con e-parent\" data-id=\"77dff25\" data-element_type=\"container\">\n\t\t\t\t<div class=\"elementor-element elementor-element-0fadbc4 elementor-widget-mobile__width-initial elementor-widget elementor-widget-heading\" data-id=\"0fadbc4\" data-element_type=\"widget\" data-widget_type=\"heading.default\">\n\t\t\t\t<div class=\"elementor-widget-container\">\n\t\t\t\t\t<h2 class=\"elementor-heading-title elementor-size-default\">Nos prestations : une enqu\u00eate fonci\u00e8re sur-mesure<\/h2>\t\t\t\t<\/div>\n\t\t\t\t<\/div>\n\t\t\t\t<div class=\"elementor-element elementor-element-41dd947 elementor-drop-cap-yes elementor-drop-cap-view-default elementor-widget elementor-widget-text-editor\" data-id=\"41dd947\" data-element_type=\"widget\" data-settings=\"{&quot;drop_cap&quot;:&quot;yes&quot;}\" data-widget_type=\"text-editor.default\">\n\t\t\t\t<div class=\"elementor-widget-container\">\n\t\t\t\t\t\t\t\t\t<p class=\"\" data-start=\"1342\" data-end=\"1417\"><strong data-start=\"1342\" data-end=\"1378\">\u2022 Recherche historique et fonci\u00e8re<\/strong> (cadastre, hypoth\u00e8ques, successions, documents fiscaux, actes notari\u00e9s, etc.)<\/p><p class=\"\" data-start=\"1342\" data-end=\"1417\"><strong data-start=\"1420\" data-end=\"1461\">\u2022 Retracement de la cha\u00eene de propri\u00e9t\u00e9 <\/strong><span data-start=\"1420\" data-end=\"1461\">(aussi loin que possible)<\/span><\/p><p class=\"\" data-start=\"1466\" data-end=\"1518\"><strong data-start=\"1466\" data-end=\"1516\">\u2022 Exploration des archives locales et nationales <\/strong><span data-start=\"1466\" data-end=\"1516\">(prestations et d\u00e9placements possibles sur <u>tout le territoire national<\/u>)<\/span><\/p><p class=\"\" data-start=\"1521\" data-end=\"1579\"><strong data-start=\"1521\" data-end=\"1577\">\u2022 Mise en contexte historique et urbanistique\u00a0<\/strong><span data-start=\"1521\" data-end=\"1577\">(lieu, quartier\/village, \u00e9poque et \u00e9ventuelle analyse du contexte urbain : avantage\u00a0 sp\u00e9cifique du g\u00e9n\u00e9alogiste qui est g\u00e9ographe-urbaniste de formation)<\/span><\/p><p class=\"\" data-start=\"1582\" data-end=\"1644\"><strong data-start=\"1582\" data-end=\"1644\">\u2022 Int\u00e9gration de cartes, plans, photos anciennes <\/strong><span data-start=\"1582\" data-end=\"1644\">(et m\u00eame \u00e9ventuellement d&rsquo;\u00e9laboration de cartographies\/esquisses en cas de reconstitution d&rsquo;une description d&rsquo;un b\u00e2timent).<\/span><\/p><p class=\"\" data-start=\"1582\" data-end=\"1644\"><span data-start=\"1582\" data-end=\"1644\"><b><strong data-start=\"1342\" data-end=\"1378\">\u2022 <\/strong>Support et format du rendu au libre choix du client<\/b> (digital, papier, dossier de type m\u00e9moire universitaire, livret voire m\u00eame livre \u00e9dit\u00e9 en partenariat avec un \u00e9diteur)\u00a0<\/span><\/p><p class=\"\" data-start=\"1582\" data-end=\"1644\"><span data-start=\"1582\" data-end=\"1644\"><b><strong data-start=\"1342\" data-end=\"1378\">\u2022 <\/strong>Pr\u00e9sentation des recherches par le g\u00e9n\u00e9alogiste et format\/type de pr\u00e9sentation \u00e0 la libert\u00e9 du client <\/b>(pr\u00e9sentation orale, conf\u00e9rence pour \u00e9v\u00e9nement, pr\u00e9paration d&rsquo;un support de pr\u00e9sentation orale de type PPT avec diapositives, etc.)<\/span><\/p>\t\t\t\t\t\t\t\t<\/div>\n\t\t\t\t<\/div>\n\t\t\t\t<div class=\"elementor-element elementor-element-f4dea24 elementor-widget__width-initial elementor-widget elementor-widget-html\" data-id=\"f4dea24\" data-element_type=\"widget\" data-widget_type=\"html.default\">\n\t\t\t\t<div class=\"elementor-widget-container\">\n\t\t\t\t\t<div id=\"metaslider-id-2650\" style=\"width: 100%;\" class=\"ml-slider-3-97-0 metaslider metaslider-flex metaslider-2650 ml-slider ml-slider-lightbox-1-13-4 lightbox-disabled ms-theme-default-base has-dots-nav\" role=\"region\" aria-roledescription=\"Slideshow\" aria-label=\"G\u00e9n\u00e9alogie immobili\u00e8re\" data-width=\"700\">\n    <div id=\"metaslider_container_2650\">\n        <div id=\"metaslider_2650\">\n            <ul class='slides'>\n                <li style=\"display: block; width: 100%;\" class=\"slide-2661 ms-image \" aria-roledescription=\"slide\" aria-label=\"slide-2661\" data-date=\"2025-04-25 01:30:19\"><img fetchpriority=\"high\" decoding=\"async\" src=\"https:\/\/trianomina.fr\/wp-content\/uploads\/2025\/04\/CC130_24c-rotated-700x300.jpg\" height=\"300\" width=\"700\" alt=\"\" class=\"slider-2650 slide-2661\" \/><div class=\"caption-wrap\"><div class=\"caption\">Cadastre \u00e9tablit par le capitoulat de Toulouse (le plus ancien de France), ici la rue des Lois, du Taur et des P\u00e9nitents gris, AM de Toulouse, 1680<\/div><\/div><\/li>\n                <li style=\"display: none; width: 100%;\" class=\"slide-2658 ms-image \" aria-roledescription=\"slide\" aria-label=\"slide-2658\" data-date=\"2025-04-25 01:25:39\"><img decoding=\"async\" src=\"https:\/\/trianomina.fr\/wp-content\/uploads\/2025\/04\/LL-1-016-700x300.jpg\" height=\"300\" width=\"700\" alt=\"\" class=\"slider-2650 slide-2658\" \/><div class=\"caption-wrap\"><div class=\"caption\">Cadastre \"napol\u00e9onien\", ici la rue des Lois, du Taur et des P\u00e9nitents gris \u00e0 Toulouse, AM de Toulouse, 1830<\/div><\/div><\/li>\n                <li style=\"display: none; width: 100%;\" class=\"slide-2659 ms-image \" aria-roledescription=\"slide\" aria-label=\"slide-2659\" data-date=\"2025-04-25 01:25:52\"><img decoding=\"async\" src=\"https:\/\/trianomina.fr\/wp-content\/uploads\/2025\/04\/rechercher_acte_de_notoriete-700x300.jpg\" height=\"300\" width=\"700\" alt=\"\" class=\"slider-2650 slide-2659\" \/><div class=\"caption-wrap\"><div class=\"caption\">Acte notari\u00e9 du XIXe si\u00e8cle - AD de la Haute-Garonne<\/div><\/div><\/li>\n                <li style=\"display: none; width: 100%;\" class=\"slide-2662 ms-image \" aria-roledescription=\"slide\" aria-label=\"slide-2662\" data-date=\"2025-04-25 01:31:13\"><img loading=\"lazy\" decoding=\"async\" src=\"https:\/\/trianomina.fr\/wp-content\/uploads\/2025\/04\/217ecdfa-7d02-4688-a253-69fb65f8f6e8-700x300.png\" height=\"300\" width=\"700\" alt=\"\" class=\"slider-2650 slide-2662\" \/><div class=\"caption-wrap\"><div class=\"caption\">Fa\u00e7ade d'un immeuble d'architecture typique du midi toulousain<\/div><\/div><\/li>\n                <li style=\"display: none; width: 100%;\" class=\"slide-2664 ms-image \" aria-roledescription=\"slide\" aria-label=\"slide-2664\" data-date=\"2025-04-25 01:38:56\"><img loading=\"lazy\" decoding=\"async\" src=\"https:\/\/trianomina.fr\/wp-content\/uploads\/2025\/04\/native-487x208.jpg\" height=\"300\" width=\"700\" alt=\"\" class=\"slider-2650 slide-2664\" \/><div class=\"caption-wrap\"><div class=\"caption\">La rue Saint-Rome, xylogravure de Fran\u00e7ois Gauzi, Images et Boniments au Pays d\u2019Oc, 1925<\/div><\/div><\/li>\n            <\/ul>\n        <\/div>\n        \n    <\/div>\n<\/div>\t\t\t\t<\/div>\n\t\t\t\t<\/div>\n\t\t\t\t<\/div>\n\t\t<div class=\"elementor-element elementor-element-b9e1f3d e-con-full e-flex e-con e-parent\" data-id=\"b9e1f3d\" data-element_type=\"container\">\n\t\t\t\t<div class=\"elementor-element elementor-element-4349301 elementor-widget elementor-widget-heading\" data-id=\"4349301\" data-element_type=\"widget\" data-widget_type=\"heading.default\">\n\t\t\t\t<div class=\"elementor-widget-container\">\n\t\t\t\t\t<h2 class=\"elementor-heading-title elementor-size-default\"><b>Nos honoraires : un devis adapt\u00e9 sur un diagnostic pr\u00e9alable et gratuit<\/b><\/h2>\t\t\t\t<\/div>\n\t\t\t\t<\/div>\n\t\t\t\t<div class=\"elementor-element elementor-element-1bc81dc elementor-drop-cap-yes elementor-drop-cap-view-default elementor-widget elementor-widget-text-editor\" data-id=\"1bc81dc\" data-element_type=\"widget\" data-settings=\"{&quot;drop_cap&quot;:&quot;yes&quot;}\" data-widget_type=\"text-editor.default\">\n\t\t\t\t<div class=\"elementor-widget-container\">\n\t\t\t\t\t\t\t\t\t<p class=\"\" data-start=\"201\" data-end=\"428\">Parce que chaque bien a son histoire, chaque enqu\u00eate est unique.<br data-start=\"265\" data-end=\"268\">C\u2019est pourquoi je propose un <strong data-start=\"297\" data-end=\"329\">diagnostic pr\u00e9alable gratuit<\/strong>, sans engagement, pour \u00e9valuer le potentiel de recherche et vous indiquer les sources disponibles.<\/p>\n<p class=\"\" data-start=\"430\" data-end=\"548\">\u00c0 l\u2019issue de cette premi\u00e8re analyse, je vous adresse un <strong data-start=\"486\" data-end=\"508\">devis personnalis\u00e9<\/strong>, transparent et d\u00e9taill\u00e9, en fonction :<\/p>\n<ul data-start=\"549\" data-end=\"743\">\n<li class=\"\" data-start=\"549\" data-end=\"602\">\n<p class=\"\" data-start=\"551\" data-end=\"602\">du type de bien (maison, terrain, immeuble, etc.)<\/p>\n<\/li>\n<li class=\"\" data-start=\"603\" data-end=\"646\">\n<p class=\"\" data-start=\"605\" data-end=\"646\">de la complexit\u00e9 des recherches \u00e0 mener<\/p>\n<\/li>\n<li class=\"\" data-start=\"647\" data-end=\"743\">\n<p class=\"\" data-start=\"649\" data-end=\"743\">des objectifs souhait\u00e9s (simple transmission, enqu\u00eate approfondie, valorisation patrimoniale\u2026)<\/p>\n<\/li>\n<li class=\"\" data-start=\"647\" data-end=\"743\">\n<p class=\"\" data-start=\"649\" data-end=\"743\">Des d\u00e9placements \u00e0 pr\u00e9voir depuis le si\u00e8ge situ\u00e9 Toulouse<\/p>\n<\/li>\n<\/ul>\n<p class=\"\" data-start=\"745\" data-end=\"837\"><strong data-start=\"745\" data-end=\"837\">Pas de surprise, pas de tarif fig\u00e9 : vous ne payez que pour ce qui est r\u00e9ellement utile.<\/strong><\/p>\n<p class=\"\" data-start=\"745\" data-end=\"837\"><strong data-start=\"745\" data-end=\"837\">Contactez nous pour \u00e9tablir un diagnostic et devis gratuits.<\/strong><\/p>\t\t\t\t\t\t\t\t<\/div>\n\t\t\t\t<\/div>\n\t\t\t\t<div class=\"elementor-element elementor-element-491836f elementor-align-center elementor-widget elementor-widget-button\" data-id=\"491836f\" data-element_type=\"widget\" data-widget_type=\"button.default\">\n\t\t\t\t<div class=\"elementor-widget-container\">\n\t\t\t\t\t\t\t\t\t<div class=\"elementor-button-wrapper\">\n\t\t\t\t\t<a class=\"elementor-button elementor-button-link elementor-size-sm\" href=\"https:\/\/trianomina.fr\/index.php\/contact\/\">\n\t\t\t\t\t\t<span class=\"elementor-button-content-wrapper\">\n\t\t\t\t\t\t\t\t\t<span class=\"elementor-button-text\"><span style=\"font-weight:bold; font-size:20px;\">Diagnostic et devis gratuits <\/span><\/span>\n\t\t\t\t\t<\/span>\n\t\t\t\t\t<\/a>\n\t\t\t\t<\/div>\n\t\t\t\t\t\t\t\t<\/div>\n\t\t\t\t<\/div>\n\t\t\t\t<\/div>\n\t\t\t\t<\/div>\n\t\t","protected":false},"excerpt":{"rendered":"<p>G\u00e9n\u00e9alogie immobili\u00e8reD\u00e9couvrez l&rsquo;histoire passionnante de votre bien Quand les murs parlent : d\u00e9couvrez l\u2019histoire oubli\u00e9e de votre bien Du cadastre [&hellip;]<\/p>\n","protected":false},"author":1,"featured_media":0,"parent":0,"menu_order":0,"comment_status":"closed","ping_status":"closed","template":"","meta":{"site-sidebar-layout":"no-sidebar","site-content-layout":"","ast-site-content-layout":"full-width-container","site-content-style":"default","site-sidebar-style":"default","ast-global-header-display":"","ast-banner-title-visibility":"","ast-main-header-display":"","ast-hfb-above-header-display":"","ast-hfb-below-header-display":"","ast-hfb-mobile-header-display":"","site-post-title":"disabled","ast-breadcrumbs-content":"","ast-featured-img":"disabled","footer-sml-layout":"","theme-transparent-header-meta":"","adv-header-id-meta":"","stick-header-meta":"","header-above-stick-meta":"","header-main-stick-meta":"","header-below-stick-meta":"","astra-migrate-meta-layouts":"default","ast-page-background-enabled":"default","ast-page-background-meta":{"desktop":{"background-color":"var(--ast-global-color-5)","background-image":"","background-repeat":"repeat","background-position":"center center","background-size":"auto","background-attachment":"scroll","background-type":"","background-media":"","overlay-type":"","overlay-color":"","overlay-opacity":"","overlay-gradient":""},"tablet":{"background-color":"","background-image":"","background-repeat":"repeat","background-position":"center center","background-size":"auto","background-attachment":"scroll","background-type":"","background-media":"","overlay-type":"","overlay-color":"","overlay-opacity":"","overlay-gradient":""},"mobile":{"background-color":"","background-image":"","background-repeat":"repeat","background-position":"center center","background-size":"auto","background-attachment":"scroll","background-type":"","background-media":"","overlay-type":"","overlay-color":"","overlay-opacity":"","overlay-gradient":""}},"ast-content-background-meta":{"desktop":{"background-color":"var(--ast-global-color-4)","background-image":"","background-repeat":"repeat","background-position":"center center","background-size":"auto","background-attachment":"scroll","background-type":"","background-media":"","overlay-type":"","overlay-color":"","overlay-opacity":"","overlay-gradient":""},"tablet":{"background-color":"var(--ast-global-color-4)","background-image":"","background-repeat":"repeat","background-position":"center center","background-size":"auto","background-attachment":"scroll","background-type":"","background-media":"","overlay-type":"","overlay-color":"","overlay-opacity":"","overlay-gradient":""},"mobile":{"background-color":"var(--ast-global-color-4)","background-image":"","background-repeat":"repeat","background-position":"center center","background-size":"auto","background-attachment":"scroll","background-type":"","background-media":"","overlay-type":"","overlay-color":"","overlay-opacity":"","overlay-gradient":""}},"footnotes":""},"class_list":["post-1901","page","type-page","status-publish","hentry"],"_links":{"self":[{"href":"https:\/\/trianomina.fr\/index.php\/wp-json\/wp\/v2\/pages\/1901","targetHints":{"allow":["GET"]}}],"collection":[{"href":"https:\/\/trianomina.fr\/index.php\/wp-json\/wp\/v2\/pages"}],"about":[{"href":"https:\/\/trianomina.fr\/index.php\/wp-json\/wp\/v2\/types\/page"}],"author":[{"embeddable":true,"href":"https:\/\/trianomina.fr\/index.php\/wp-json\/wp\/v2\/users\/1"}],"replies":[{"embeddable":true,"href":"https:\/\/trianomina.fr\/index.php\/wp-json\/wp\/v2\/comments?post=1901"}],"version-history":[{"count":139,"href":"https:\/\/trianomina.fr\/index.php\/wp-json\/wp\/v2\/pages\/1901\/revisions"}],"predecessor-version":[{"id":3558,"href":"https:\/\/trianomina.fr\/index.php\/wp-json\/wp\/v2\/pages\/1901\/revisions\/3558"}],"wp:attachment":[{"href":"https:\/\/trianomina.fr\/index.php\/wp-json\/wp\/v2\/media?parent=1901"}],"curies":[{"name":"wp","href":"https:\/\/api.w.org\/{rel}","templated":true}]}}