{"id":2439,"date":"2025-04-17T00:33:24","date_gmt":"2025-04-16T22:33:24","guid":{"rendered":"https:\/\/trianomina.fr\/?page_id=2439"},"modified":"2025-05-03T05:52:37","modified_gmt":"2025-05-03T03:52:37","slug":"genealogie-successorale-2","status":"publish","type":"page","link":"https:\/\/trianomina.fr\/index.php\/genealogie-successorale-2\/","title":{"rendered":"G\u00e9n\u00e9alogie successorale"},"content":{"rendered":"\t\t<div data-elementor-type=\"wp-page\" data-elementor-id=\"2439\" class=\"elementor elementor-2439\">\n\t\t\t\t<div class=\"elementor-element elementor-element-2dc8268 e-flex e-con-boxed e-con e-parent\" data-id=\"2dc8268\" data-element_type=\"container\">\n\t\t\t\t\t<div class=\"e-con-inner\">\n\t\t\t\t<div class=\"elementor-element elementor-element-433f0c5 elementor-widget-divider--view-line elementor-widget elementor-widget-divider\" data-id=\"433f0c5\" data-element_type=\"widget\" data-widget_type=\"divider.default\">\n\t\t\t\t<div class=\"elementor-widget-container\">\n\t\t\t\t\t\t\t<div class=\"elementor-divider\">\n\t\t\t<span class=\"elementor-divider-separator\">\n\t\t\t\t\t\t<\/span>\n\t\t<\/div>\n\t\t\t\t\t\t<\/div>\n\t\t\t\t<\/div>\n\t\t\t\t\t<\/div>\n\t\t\t\t<\/div>\n\t\t<div class=\"elementor-element elementor-element-7bf89d3 e-flex e-con-boxed e-con e-parent\" data-id=\"7bf89d3\" data-element_type=\"container\" data-settings=\"{&quot;background_background&quot;:&quot;slideshow&quot;,&quot;background_slideshow_gallery&quot;:[{&quot;id&quot;:2475,&quot;url&quot;:&quot;http:\\\/\\\/trianomina.fr\\\/wp-content\\\/uploads\\\/2025\\\/04\\\/notoriete_stpalais_4u35-36-768x1001-1.jpg&quot;}],&quot;background_slideshow_loop&quot;:&quot;yes&quot;,&quot;background_slideshow_slide_duration&quot;:5000,&quot;background_slideshow_slide_transition&quot;:&quot;fade&quot;,&quot;background_slideshow_transition_duration&quot;:500}\">\n\t\t\t\t\t<div class=\"e-con-inner\">\n\t\t\t\t<div class=\"elementor-element elementor-element-f7ddf3c elementor-widget__width-initial elementor-widget elementor-widget-heading\" data-id=\"f7ddf3c\" data-element_type=\"widget\" data-widget_type=\"heading.default\">\n\t\t\t\t<div class=\"elementor-widget-container\">\n\t\t\t\t\t<h1 class=\"elementor-heading-title elementor-size-default\"><div style=\"font-family: 'Cambria', serif;\"><span style=\"font-size: 45px;\">\nG\u00e9n\u00e9alogie successorale<br><span style=\"font-size: 27px;\">L'efficacit\u00e9 et la rigueur au service des professionnels et des h\u00e9ritiers<\/span><\/div><\/h1>\t\t\t\t<\/div>\n\t\t\t\t<\/div>\n\t\t\t\t\t<\/div>\n\t\t\t\t<\/div>\n\t\t<div class=\"elementor-element elementor-element-5031977 e-flex e-con-boxed e-con e-parent\" data-id=\"5031977\" data-element_type=\"container\">\n\t\t\t\t\t<div class=\"e-con-inner\">\n\t\t\t\t<div class=\"elementor-element elementor-element-c765547 elementor-widget__width-initial elementor-widget elementor-widget-heading\" data-id=\"c765547\" data-element_type=\"widget\" data-widget_type=\"heading.default\">\n\t\t\t\t<div class=\"elementor-widget-container\">\n\t\t\t\t\t<h2 class=\"elementor-heading-title elementor-size-default\">La g\u00e9n\u00e9alogie successorale<\/h2>\t\t\t\t<\/div>\n\t\t\t\t<\/div>\n\t\t\t\t<div class=\"elementor-element elementor-element-1defcf1 elementor-drop-cap-yes elementor-drop-cap-view-default elementor-widget elementor-widget-text-editor\" data-id=\"1defcf1\" data-element_type=\"widget\" data-settings=\"{&quot;drop_cap&quot;:&quot;yes&quot;}\" data-widget_type=\"text-editor.default\">\n\t\t\t\t<div class=\"elementor-widget-container\">\n\t\t\t\t\t\t\t\t\t<p data-start=\"85\" data-end=\"130\"><span style=\"font-size: 20px; font-style: inherit; font-weight: inherit; color: #334155;\">La g\u00e9n\u00e9alogie successorale consiste \u00e0 identifier, localiser et repr\u00e9senter juridiquement les ayants droit d&rsquo;une succession, lorsque ceux-ci sont inconnus, pr\u00e9sum\u00e9s disparus ou incertains. Elle joue un r\u00f4le essentiel dans le r\u00e8glement des successions complexes, en appui des notaires, des collectivit\u00e9s, des administrateurs de biens, ou encore des familles elles-m\u00eames.<\/span><\/p>\n<p class=\"\" data-start=\"502\" data-end=\"675\">Nous intervenons \u00e0 diff\u00e9rents moments du r\u00e8glement successoral pour garantir la s\u00e9curit\u00e9 juridique et permettre la transmission des biens conform\u00e9ment aux r\u00e8gles en vigueur.<\/p>\t\t\t\t\t\t\t\t<\/div>\n\t\t\t\t<\/div>\n\t\t\t\t\t<\/div>\n\t\t\t\t<\/div>\n\t\t<div class=\"elementor-element elementor-element-8df57bb e-flex e-con-boxed e-con e-parent\" data-id=\"8df57bb\" data-element_type=\"container\">\n\t\t\t\t\t<div class=\"e-con-inner\">\n\t\t\t\t<div class=\"elementor-element elementor-element-43b5b60 elementor-widget elementor-widget-html\" data-id=\"43b5b60\" data-element_type=\"widget\" data-widget_type=\"html.default\">\n\t\t\t\t<div class=\"elementor-widget-container\">\n\t\t\t\t\t<style>\r\n    \/* Rendre le tableau fluide et \u00e9viter qu'il ne d\u00e9borde *\/\r\n    table {\r\n        width: 100%;\r\n        border-collapse: collapse;\r\n        border: 1px solid #000000;\r\n    }\r\n\r\n    thead tr {\r\n        background-color: #334155;\r\n        color: #ffffff;\r\n        font-weight: bold;\r\n        font-size: 25px;\r\n    }\r\n\r\n    th, td {\r\n        padding: 12px;\r\n        border: 1px solid #000000;\r\n        font-size: 20px;\r\n    }\r\n\r\n    td {\r\n        font-weight: bold;\r\n    }\r\n\r\n    \/* Pour les petits \u00e9crans : tableau avec d\u00e9filement horizontal *\/\r\n    @media (max-width: 768px) {\r\n        .table-wrapper {\r\n            overflow-x: auto;\r\n            -webkit-overflow-scrolling: touch;\r\n        }\r\n\r\n        table {\r\n            width: 100%;\r\n            min-width: 600px; \/* Assure que le tableau n'est pas trop petit *\/\r\n            display: block;\r\n        }\r\n\r\n        th, td {\r\n            font-size: 16px; \/* R\u00e9duire la taille de la police sur mobile *\/\r\n        }\r\n    }\r\n\r\n    \/* Alternance de couleur pour les lignes sauf la premi\u00e8re *\/\r\n    tbody tr:nth-child(even) {\r\n        background-color: #97C2FF40; \/* Couleur altern\u00e9e pour les lignes paires *\/\r\n    }\r\n\r\n    \/* Supprimer le gras de la deuxi\u00e8me colonne (hors 1\u00e8re ligne) *\/\r\n    tbody td:nth-child(2) {\r\n        font-weight: normal;\r\n    }\r\n<\/style>\r\n\r\n<!-- Conteneur pour le tableau avec d\u00e9filement horizontal sur mobile -->\r\n<div class=\"table-wrapper\">\r\n    <table>\r\n        <thead>\r\n            <tr>\r\n                <th>Nature des prestations<\/th>\r\n                <th>Description<\/th>\r\n            <\/tr>\r\n        <\/thead>\r\n        <tbody>\r\n            <tr>\r\n                <td>Recherche d\u2019h\u00e9ritiers inconnus<\/td>\r\n                <td>Lorsque les h\u00e9ritiers ne sont pas identifi\u00e9s ou que la d\u00e9volution successorale est incertaine, nous menons des recherches approfondies afin de retrouver tous les ayants droit l\u00e9gitimes.<\/td>\r\n            <\/tr>\r\n            <tr>\r\n                <td>V\u00e9rification de la d\u00e9volution successorale<\/td>\r\n                <td>Nous proc\u00e9dons \u00e0 la confirmation rigoureuse des droits successoraux, \u00e0 la demande d\u2019un notaire ou d\u2019un autre professionnel du droit, afin de s\u00e9curiser juridiquement le r\u00e8glement d'une succession.<\/td>\r\n            <\/tr>\r\n            <tr>\r\n                <td>Recherche cibl\u00e9e d\u2019h\u00e9ritiers r\u00e9servataires ou l\u00e9gaux<\/td>\r\n                <td>Dans certaines successions, seuls des h\u00e9ritiers d\u2019une branche ou d\u2019un degr\u00e9 pr\u00e9cis doivent \u00eatre retrouv\u00e9s. Nous intervenons pour reconstituer la lign\u00e9e concern\u00e9e.<\/td>\r\n            <\/tr>\r\n            <tr>\r\n                <td>Localisation de propri\u00e9taires ou co-indivisaires<\/td>\r\n                <td>Lorsque des biens immobiliers sont en indivision ou sans gestion claire, nous identifions les propri\u00e9taires ou co-indivisaires concern\u00e9s par une succession ou une transmission.<\/td>\r\n            <\/tr>\r\n            <tr>\r\n                <td>Reconstitution de cha\u00eenes de propri\u00e9t\u00e9 successorale<\/td>\r\n                <td>Lorsqu\u2019un bien a chang\u00e9 de main au fil du temps sans titre clair, nous retra\u00e7ons les successions successives pour identifier le ou les h\u00e9ritiers actuels ayant qualit\u00e9 \u00e0 r\u00e9gulariser.<\/td>\r\n            <\/tr>\r\n            <tr>\r\n                <td>Attestation d\u2019absence d\u2019autres h\u00e9ritiers<\/td>\r\n                <td>\u00c0 l\u2019issue de recherches n\u00e9gatives, nous \u00e9tablissons une attestation garantissant qu\u2019aucun autre h\u00e9ritier n\u2019a \u00e9t\u00e9 identifi\u00e9, permettant ainsi au notaire de proc\u00e9der en toute s\u00e9curit\u00e9.<\/td>\r\n            <\/tr>\r\n            <tr>\r\n                <td>Recherche successorale \u00e0 l\u2019international<\/td>\r\n                <td>Nous menons des investigations dans des archives \u00e9trang\u00e8res lorsqu\u2019un h\u00e9ritier potentiel r\u00e9side \u00e0 l\u2019\u00e9tranger ou que l\u2019origine de la famille implique des migrations anciennes.<\/td>\r\n            <\/tr>\r\n            <tr>\r\n                <td>Obtention d\u2019actes dans le cadre de succession<\/td>\r\n                <td>Nous proc\u00e9dons \u00e0 la recherche et \u00e0 la d\u00e9livrance d\u2019actes d\u2019\u00e9tat civil ou de documents d\u2019archives indispensables \u00e0 l\u2019\u00e9tablissement des droits successoraux.<\/td>\r\n            <\/tr>\r\n        <\/tbody>\r\n    <\/table>\r\n<\/div>\r\n\t\t\t\t<\/div>\n\t\t\t\t<\/div>\n\t\t\t\t\t<\/div>\n\t\t\t\t<\/div>\n\t\t<div class=\"elementor-element elementor-element-1228c2d e-flex e-con-boxed e-con e-parent\" data-id=\"1228c2d\" data-element_type=\"container\">\n\t\t\t\t\t<div class=\"e-con-inner\">\n\t\t\t\t<div class=\"elementor-element elementor-element-9a0e344 elementor-widget__width-initial elementor-widget elementor-widget-heading\" data-id=\"9a0e344\" data-element_type=\"widget\" data-widget_type=\"heading.default\">\n\t\t\t\t<div class=\"elementor-widget-container\">\n\t\t\t\t\t<h2 class=\"elementor-heading-title elementor-size-default\">Nos honoraires : u<strong data-start=\"142\" data-end=\"215\" style=\"font-style: inherit;\">ne intervention sur-mesure, au service des professionnels et des h\u00e9ritiers<\/strong><\/h2>\t\t\t\t<\/div>\n\t\t\t\t<\/div>\n\t\t\t\t<div class=\"elementor-element elementor-element-9bb2302 elementor-drop-cap-yes elementor-drop-cap-view-default elementor-widget elementor-widget-text-editor\" data-id=\"9bb2302\" data-element_type=\"widget\" data-settings=\"{&quot;drop_cap&quot;:&quot;yes&quot;}\" data-widget_type=\"text-editor.default\">\n\t\t\t\t<div class=\"elementor-widget-container\">\n\t\t\t\t\t\t\t\t\t<p class=\"\" data-start=\"67\" data-end=\"734\">En g\u00e9n\u00e9alogie successorale, <b>les honoraires sont exclusivement fond\u00e9s sur le r\u00e9sultat obtenu<\/b>, selon le principe du <strong data-start=\"181\" data-end=\"202\">\u00ab\u00a0no cure, no pay\u00a0\u00bb<\/strong> : ils ne sont dus que si le g\u00e9n\u00e9alogiste parvient \u00e0 faire valoir les droits de l\u2019h\u00e9ritier identifi\u00e9.\u00a0<\/p><p class=\"\" data-start=\"67\" data-end=\"734\">Ces honoraires font l\u2019objet d\u2019un <strong data-start=\"337\" data-end=\"362\">contrat de r\u00e9v\u00e9lation<\/strong>, sign\u00e9 par l\u2019h\u00e9ritier, qui pr\u00e9cise les conditions d\u2019intervention du g\u00e9n\u00e9alogiste ainsi que le pourcentage convenu sur la part nette recueillie dans la succession. Ce fonctionnement permet \u00e0 l\u2019h\u00e9ritier de <b>b\u00e9n\u00e9ficier des services du g\u00e9n\u00e9alogiste sans avance de frais<\/b>, les honoraires \u00e9tant ensuite pr\u00e9lev\u00e9s directement par le notaire au moment du r\u00e8glement de la succession.<\/p>\t\t\t\t\t\t\t\t<\/div>\n\t\t\t\t<\/div>\n\t\t\t\t<div class=\"elementor-element elementor-element-95b1341 elementor-align-center elementor-widget elementor-widget-button\" data-id=\"95b1341\" data-element_type=\"widget\" data-widget_type=\"button.default\">\n\t\t\t\t<div class=\"elementor-widget-container\">\n\t\t\t\t\t\t\t\t\t<div class=\"elementor-button-wrapper\">\n\t\t\t\t\t<a class=\"elementor-button elementor-button-link elementor-size-sm\" href=\"https:\/\/trianomina.fr\/index.php\/contact\/\">\n\t\t\t\t\t\t<span class=\"elementor-button-content-wrapper\">\n\t\t\t\t\t\t\t\t\t<span class=\"elementor-button-text\"><span style=\"font-weight:bold; font-size:20px;\">Contacter l'\u00e9tude<\/span><\/span>\n\t\t\t\t\t<\/span>\n\t\t\t\t\t<\/a>\n\t\t\t\t<\/div>\n\t\t\t\t\t\t\t\t<\/div>\n\t\t\t\t<\/div>\n\t\t\t\t\t<\/div>\n\t\t\t\t<\/div>\n\t\t\t\t<\/div>\n\t\t","protected":false},"excerpt":{"rendered":"<p>G\u00e9n\u00e9alogie successoraleL&rsquo;efficacit\u00e9 et la rigueur au service des professionnels et des h\u00e9ritiers La g\u00e9n\u00e9alogie successorale La g\u00e9n\u00e9alogie successorale consiste \u00e0 [&hellip;]<\/p>\n","protected":false},"author":1,"featured_media":0,"parent":0,"menu_order":0,"comment_status":"closed","ping_status":"closed","template":"","meta":{"site-sidebar-layout":"no-sidebar","site-content-layout":"","ast-site-content-layout":"full-width-container","site-content-style":"default","site-sidebar-style":"default","ast-global-header-display":"","ast-banner-title-visibility":"","ast-main-header-display":"","ast-hfb-above-header-display":"","ast-hfb-below-header-display":"","ast-hfb-mobile-header-display":"","site-post-title":"disabled","ast-breadcrumbs-content":"","ast-featured-img":"disabled","footer-sml-layout":"","theme-transparent-header-meta":"","adv-header-id-meta":"","stick-header-meta":"","header-above-stick-meta":"","header-main-stick-meta":"","header-below-stick-meta":"","astra-migrate-meta-layouts":"default","ast-page-background-enabled":"default","ast-page-background-meta":{"desktop":{"background-color":"var(--ast-global-color-5)","background-image":"","background-repeat":"repeat","background-position":"center center","background-size":"auto","background-attachment":"scroll","background-type":"","background-media":"","overlay-type":"","overlay-color":"","overlay-opacity":"","overlay-gradient":""},"tablet":{"background-color":"","background-image":"","background-repeat":"repeat","background-position":"center center","background-size":"auto","background-attachment":"scroll","background-type":"","background-media":"","overlay-type":"","overlay-color":"","overlay-opacity":"","overlay-gradient":""},"mobile":{"background-color":"","background-image":"","background-repeat":"repeat","background-position":"center center","background-size":"auto","background-attachment":"scroll","background-type":"","background-media":"","overlay-type":"","overlay-color":"","overlay-opacity":"","overlay-gradient":""}},"ast-content-background-meta":{"desktop":{"background-color":"var(--ast-global-color-4)","background-image":"","background-repeat":"repeat","background-position":"center center","background-size":"auto","background-attachment":"scroll","background-type":"","background-media":"","overlay-type":"","overlay-color":"","overlay-opacity":"","overlay-gradient":""},"tablet":{"background-color":"var(--ast-global-color-4)","background-image":"","background-repeat":"repeat","background-position":"center center","background-size":"auto","background-attachment":"scroll","background-type":"","background-media":"","overlay-type":"","overlay-color":"","overlay-opacity":"","overlay-gradient":""},"mobile":{"background-color":"var(--ast-global-color-4)","background-image":"","background-repeat":"repeat","background-position":"center center","background-size":"auto","background-attachment":"scroll","background-type":"","background-media":"","overlay-type":"","overlay-color":"","overlay-opacity":"","overlay-gradient":""}},"footnotes":""},"class_list":["post-2439","page","type-page","status-publish","hentry"],"_links":{"self":[{"href":"https:\/\/trianomina.fr\/index.php\/wp-json\/wp\/v2\/pages\/2439","targetHints":{"allow":["GET"]}}],"collection":[{"href":"https:\/\/trianomina.fr\/index.php\/wp-json\/wp\/v2\/pages"}],"about":[{"href":"https:\/\/trianomina.fr\/index.php\/wp-json\/wp\/v2\/types\/page"}],"author":[{"embeddable":true,"href":"https:\/\/trianomina.fr\/index.php\/wp-json\/wp\/v2\/users\/1"}],"replies":[{"embeddable":true,"href":"https:\/\/trianomina.fr\/index.php\/wp-json\/wp\/v2\/comments?post=2439"}],"version-history":[{"count":133,"href":"https:\/\/trianomina.fr\/index.php\/wp-json\/wp\/v2\/pages\/2439\/revisions"}],"predecessor-version":[{"id":3479,"href":"https:\/\/trianomina.fr\/index.php\/wp-json\/wp\/v2\/pages\/2439\/revisions\/3479"}],"wp:attachment":[{"href":"https:\/\/trianomina.fr\/index.php\/wp-json\/wp\/v2\/media?parent=2439"}],"curies":[{"name":"wp","href":"https:\/\/api.w.org\/{rel}","templated":true}]}}