{"id":2939,"date":"2025-04-27T02:47:56","date_gmt":"2025-04-27T00:47:56","guid":{"rendered":"https:\/\/trianomina.fr\/?page_id=2939"},"modified":"2025-05-04T02:46:16","modified_gmt":"2025-05-04T00:46:16","slug":"relevement-dun-nom-en-desherence","status":"publish","type":"page","link":"https:\/\/trianomina.fr\/index.php\/relevement-dun-nom-en-desherence\/","title":{"rendered":"Rel\u00e8vement d&rsquo;un nom en d\u00e9sh\u00e9rence"},"content":{"rendered":"\t\t<div data-elementor-type=\"wp-page\" data-elementor-id=\"2939\" class=\"elementor elementor-2939\">\n\t\t\t\t<div class=\"elementor-element elementor-element-0db4763 e-flex e-con-boxed e-con e-parent\" data-id=\"0db4763\" data-element_type=\"container\">\n\t\t\t\t\t<div class=\"e-con-inner\">\n\t\t\t\t<div class=\"elementor-element elementor-element-e65809d elementor-widget-divider--view-line elementor-widget elementor-widget-divider\" data-id=\"e65809d\" data-element_type=\"widget\" data-widget_type=\"divider.default\">\n\t\t\t\t<div class=\"elementor-widget-container\">\n\t\t\t\t\t\t\t<div class=\"elementor-divider\">\n\t\t\t<span class=\"elementor-divider-separator\">\n\t\t\t\t\t\t<\/span>\n\t\t<\/div>\n\t\t\t\t\t\t<\/div>\n\t\t\t\t<\/div>\n\t\t\t\t\t<\/div>\n\t\t\t\t<\/div>\n\t\t<div class=\"elementor-element elementor-element-a7d0a2f e-flex e-con-boxed e-con e-parent\" data-id=\"a7d0a2f\" data-element_type=\"container\" data-settings=\"{&quot;background_background&quot;:&quot;slideshow&quot;,&quot;background_slideshow_gallery&quot;:[{&quot;id&quot;:3851,&quot;url&quot;:&quot;http:\\\/\\\/trianomina.fr\\\/wp-content\\\/uploads\\\/2025\\\/05\\\/8fe3612f-7250-4b09-8e53-73aecb149253.png&quot;}],&quot;background_slideshow_loop&quot;:&quot;yes&quot;,&quot;background_slideshow_slide_duration&quot;:5000,&quot;background_slideshow_slide_transition&quot;:&quot;fade&quot;,&quot;background_slideshow_transition_duration&quot;:500}\">\n\t\t\t\t\t<div class=\"e-con-inner\">\n\t\t\t\t<div class=\"elementor-element elementor-element-af4cf46 elementor-widget__width-initial elementor-widget elementor-widget-heading\" data-id=\"af4cf46\" data-element_type=\"widget\" data-widget_type=\"heading.default\">\n\t\t\t\t<div class=\"elementor-widget-container\">\n\t\t\t\t\t<h1 class=\"elementor-heading-title elementor-size-default\">Rel\u00e8vement d'un nom en d\u00e9sh\u00e9rence<\/h1>\t\t\t\t<\/div>\n\t\t\t\t<\/div>\n\t\t\t\t\t<\/div>\n\t\t\t\t<\/div>\n\t\t<div class=\"elementor-element elementor-element-1fd611a e-con-full e-flex e-con e-parent\" data-id=\"1fd611a\" data-element_type=\"container\">\n\t\t\t\t<div class=\"elementor-element elementor-element-e153533 elementor-widget elementor-widget-heading\" data-id=\"e153533\" data-element_type=\"widget\" data-widget_type=\"heading.default\">\n\t\t\t\t<div class=\"elementor-widget-container\">\n\t\t\t\t\t<h1 class=\"elementor-heading-title elementor-size-default\">Relever un nom de famille oubli\u00e9 : restaurer votre histoire, honorer votre lign\u00e9e<\/h1>\t\t\t\t<\/div>\n\t\t\t\t<\/div>\n\t\t\t\t<div class=\"elementor-element elementor-element-67d7113 elementor-drop-cap-yes elementor-drop-cap-view-default elementor-widget elementor-widget-text-editor\" data-id=\"67d7113\" data-element_type=\"widget\" data-settings=\"{&quot;drop_cap&quot;:&quot;yes&quot;}\" data-widget_type=\"text-editor.default\">\n\t\t\t\t<div class=\"elementor-widget-container\">\n\t\t\t\t\t\t\t\t\t<p class=\"\" data-start=\"229\" data-end=\"504\">Avec le temps, il n\u2019est pas rare que le patronyme d\u2019un a\u00efeul s\u2019efface des m\u00e9moires, puis des registres. Qu\u2019il s\u2019agisse d\u2019un nom de noblesse, d\u2019un patronyme rare ou tout simplement du nom d\u2019une branche familiale \u00e9teinte ayant \u00e9t\u00e9 port\u00e9 par des a\u00efeux proches \u00e0 l&rsquo;existence marquante, <strong data-start=\"449\" data-end=\"504\">il est parfois encore possible de lui redonner vie.<\/strong><\/p>\n<p class=\"\" data-start=\"506\" data-end=\"956\">La l\u00e9gislation fran\u00e7aise permet, sous certaines conditions, de <strong data-start=\"569\" data-end=\"601\">relever un nom en d\u00e9sh\u00e9rence<\/strong>, afin qu\u2019il ne sombre pas d\u00e9finitivement dans l\u2019oubli. Ce droit, pr\u00e9vu par l\u2019article 61-3-1 du <strong data-start=\"697\" data-end=\"711\">Code civil<\/strong>, autorise toute personne \u00e0 reprendre le nom d\u2019un anc\u00eatre <strong data-start=\"769\" data-end=\"790\">jusqu\u2019au 4e degr\u00e9<\/strong> (arri\u00e8re-arri\u00e8re-grand-parent ou bisa\u00efeul), \u00e0 condition de prouver que <strong data-start=\"850\" data-end=\"886\">la branche concern\u00e9e est \u00e9teinte<\/strong>, c\u2019est-\u00e0-dire qu\u2019aucun descendant n\u2019est susceptible de porter ce nom.<\/p>\n<h4 class=\"\" data-start=\"958\" data-end=\"1009\">Une d\u00e9marche rare, une technicit\u00e9 exigeante<\/h4>\n<p class=\"\" data-start=\"1011\" data-end=\"1417\">La proc\u00e9dure de rel\u00e8vement de nom peut \u00eatre&nbsp;<strong data-start=\"1049\" data-end=\"1075\">complexe et dans tous les cas, rigoureuse<\/strong>. Elle repose sur une <strong data-start=\"1097\" data-end=\"1138\">d\u00e9monstration g\u00e9n\u00e9alogique minutieuse<\/strong> : il vous faut produire un dossier complet, coh\u00e9rent, et juridiquement solide, capable de convaincre le <strong data-start=\"1243\" data-end=\"1286\">Bureau des Affaires Civiles et du Sceau<\/strong> du Minist\u00e8re de la Justice. Cette recherche peut vous mener \u00e0 <strong data-start=\"1349\" data-end=\"1416\">reconstituer des lign\u00e9es depuis le XVIIIe si\u00e8cle, voire au-del\u00e0<\/strong>.<\/p>\n<p class=\"\" data-start=\"1419\" data-end=\"1543\">C\u2019est pr\u00e9cis\u00e9ment l\u00e0 que nous intervenons. Forts de plus de vingt ans d\u2019exp\u00e9rience dans ce type de recherches, nous savons :<\/p>\n<ul data-start=\"1544\" data-end=\"1747\">\n<li class=\"\" data-start=\"1544\" data-end=\"1579\">\n<p class=\"\" data-start=\"1546\" data-end=\"1579\">reconstituer la lign\u00e9e concern\u00e9e,<\/p>\n<\/li>\n<li class=\"\" data-start=\"1580\" data-end=\"1627\">\n<p class=\"\" data-start=\"1582\" data-end=\"1627\">prouver l\u2019extinction d\u2019une branche familiale,<\/p>\n<\/li>\n<li class=\"\" data-start=\"1628\" data-end=\"1675\">\n<p class=\"\" data-start=\"1630\" data-end=\"1675\">identifier les \u00e9ventuels h\u00e9ritiers l\u00e9gitimes,<\/p>\n<\/li>\n<li class=\"\" data-start=\"1676\" data-end=\"1747\">\n<p class=\"\" data-start=\"1678\" data-end=\"1747\">monter un <strong data-start=\"1688\" data-end=\"1746\">dossier solide, conforme aux exigences administratives<\/strong>.<\/p>\n<\/li>\n<\/ul>\n<h4 class=\"\" data-start=\"1749\" data-end=\"1804\">Des r\u00e9sultats concrets, un savoir-faire reconnu<\/h4>\n<p class=\"\" data-start=\"1806\" data-end=\"2154\">Tous les dossiers que nous avons constitu\u00e9s et qui ont \u00e9t\u00e9 soumis \u00e0 l\u2019administration ont abouti \u00e0 une <strong data-start=\"1908\" data-end=\"1930\">d\u00e9cision favorable<\/strong> et \u00e0 la publication d\u2019un <strong data-start=\"1956\" data-end=\"2007\">d\u00e9cret de changement de nom au Journal Officiel<\/strong>. Plus de <strong data-start=\"2017\" data-end=\"2036\">trente familles<\/strong> ont ainsi pu restaurer un nom ancien, porteur d\u2019histoire, et l\u2019inscrire \u00e0 nouveau dans l\u2019\u00e9tat civil de la R\u00e9publique.<\/p>\n<p class=\"\" data-start=\"2156\" data-end=\"2385\">Nous sommes r\u00e9guli\u00e8rement en lien avec <strong data-start=\"2197\" data-end=\"2264\">des avocats, des notaires ou des experts en droit de la famille<\/strong>, qui reconnaissent la fiabilit\u00e9 de notre travail et l\u2019expertise que nous mettons au service de ces proc\u00e9dures d\u00e9licates.<\/p>\t\t\t\t\t\t\t\t<\/div>\n\t\t\t\t<\/div>\n\t\t\t\t<\/div>\n\t\t<div class=\"elementor-element elementor-element-8efaafc e-flex e-con-boxed e-con e-parent\" data-id=\"8efaafc\" data-element_type=\"container\">\n\t\t\t\t\t<div class=\"e-con-inner\">\n\t\t\t\t<div class=\"elementor-element elementor-element-a2569e4 elementor-align-center elementor-widget elementor-widget-button\" data-id=\"a2569e4\" data-element_type=\"widget\" data-widget_type=\"button.default\">\n\t\t\t\t<div class=\"elementor-widget-container\">\n\t\t\t\t\t\t\t\t\t<div class=\"elementor-button-wrapper\">\n\t\t\t\t\t<a class=\"elementor-button elementor-button-link elementor-size-sm\" href=\"https:\/\/trianomina.fr\/index.php\/contact\/\">\n\t\t\t\t\t\t<span class=\"elementor-button-content-wrapper\">\n\t\t\t\t\t\t\t\t\t<span class=\"elementor-button-text\"><span style=\"font-weight:bold; font-size:20px;\">Contacter l'\u00e9tude<\/span><\/span>\n\t\t\t\t\t<\/span>\n\t\t\t\t\t<\/a>\n\t\t\t\t<\/div>\n\t\t\t\t\t\t\t\t<\/div>\n\t\t\t\t<\/div>\n\t\t\t\t\t<\/div>\n\t\t\t\t<\/div>\n\t\t\t\t<\/div>\n\t\t","protected":false},"excerpt":{"rendered":"<p>Rel\u00e8vement d&rsquo;un nom en d\u00e9sh\u00e9rence Relever un nom de famille oubli\u00e9 : restaurer votre histoire, honorer votre lign\u00e9e Avec le [&hellip;]<\/p>\n","protected":false},"author":1,"featured_media":0,"parent":0,"menu_order":0,"comment_status":"closed","ping_status":"closed","template":"","meta":{"site-sidebar-layout":"no-sidebar","site-content-layout":"","ast-site-content-layout":"full-width-container","site-content-style":"default","site-sidebar-style":"default","ast-global-header-display":"","ast-banner-title-visibility":"","ast-main-header-display":"","ast-hfb-above-header-display":"","ast-hfb-below-header-display":"","ast-hfb-mobile-header-display":"","site-post-title":"disabled","ast-breadcrumbs-content":"","ast-featured-img":"disabled","footer-sml-layout":"","theme-transparent-header-meta":"","adv-header-id-meta":"","stick-header-meta":"","header-above-stick-meta":"","header-main-stick-meta":"","header-below-stick-meta":"","astra-migrate-meta-layouts":"default","ast-page-background-enabled":"default","ast-page-background-meta":{"desktop":{"background-color":"var(--ast-global-color-5)","background-image":"","background-repeat":"repeat","background-position":"center center","background-size":"auto","background-attachment":"scroll","background-type":"","background-media":"","overlay-type":"","overlay-color":"","overlay-opacity":"","overlay-gradient":""},"tablet":{"background-color":"","background-image":"","background-repeat":"repeat","background-position":"center center","background-size":"auto","background-attachment":"scroll","background-type":"","background-media":"","overlay-type":"","overlay-color":"","overlay-opacity":"","overlay-gradient":""},"mobile":{"background-color":"","background-image":"","background-repeat":"repeat","background-position":"center center","background-size":"auto","background-attachment":"scroll","background-type":"","background-media":"","overlay-type":"","overlay-color":"","overlay-opacity":"","overlay-gradient":""}},"ast-content-background-meta":{"desktop":{"background-color":"var(--ast-global-color-4)","background-image":"","background-repeat":"repeat","background-position":"center center","background-size":"auto","background-attachment":"scroll","background-type":"","background-media":"","overlay-type":"","overlay-color":"","overlay-opacity":"","overlay-gradient":""},"tablet":{"background-color":"var(--ast-global-color-4)","background-image":"","background-repeat":"repeat","background-position":"center center","background-size":"auto","background-attachment":"scroll","background-type":"","background-media":"","overlay-type":"","overlay-color":"","overlay-opacity":"","overlay-gradient":""},"mobile":{"background-color":"var(--ast-global-color-4)","background-image":"","background-repeat":"repeat","background-position":"center center","background-size":"auto","background-attachment":"scroll","background-type":"","background-media":"","overlay-type":"","overlay-color":"","overlay-opacity":"","overlay-gradient":""}},"footnotes":""},"class_list":["post-2939","page","type-page","status-publish","hentry"],"_links":{"self":[{"href":"https:\/\/trianomina.fr\/index.php\/wp-json\/wp\/v2\/pages\/2939","targetHints":{"allow":["GET"]}}],"collection":[{"href":"https:\/\/trianomina.fr\/index.php\/wp-json\/wp\/v2\/pages"}],"about":[{"href":"https:\/\/trianomina.fr\/index.php\/wp-json\/wp\/v2\/types\/page"}],"author":[{"embeddable":true,"href":"https:\/\/trianomina.fr\/index.php\/wp-json\/wp\/v2\/users\/1"}],"replies":[{"embeddable":true,"href":"https:\/\/trianomina.fr\/index.php\/wp-json\/wp\/v2\/comments?post=2939"}],"version-history":[{"count":16,"href":"https:\/\/trianomina.fr\/index.php\/wp-json\/wp\/v2\/pages\/2939\/revisions"}],"predecessor-version":[{"id":3854,"href":"https:\/\/trianomina.fr\/index.php\/wp-json\/wp\/v2\/pages\/2939\/revisions\/3854"}],"wp:attachment":[{"href":"https:\/\/trianomina.fr\/index.php\/wp-json\/wp\/v2\/media?parent=2939"}],"curies":[{"name":"wp","href":"https:\/\/api.w.org\/{rel}","templated":true}]}}