{"id":2944,"date":"2025-04-27T02:53:18","date_gmt":"2025-04-27T00:53:18","guid":{"rendered":"https:\/\/trianomina.fr\/?page_id=2944"},"modified":"2025-05-04T03:25:25","modified_gmt":"2025-05-04T01:25:25","slug":"reprise-ou-adjonction-dun-nom-de-terre-a-particule","status":"publish","type":"page","link":"https:\/\/trianomina.fr\/index.php\/reprise-ou-adjonction-dun-nom-de-terre-a-particule\/","title":{"rendered":"Reprise ou adjonction d&rsquo;un nom de terre \u00e0 particule"},"content":{"rendered":"\t\t<div data-elementor-type=\"wp-page\" data-elementor-id=\"2944\" class=\"elementor elementor-2944\">\n\t\t\t\t<div class=\"elementor-element elementor-element-7bf2a26 e-flex e-con-boxed e-con e-parent\" data-id=\"7bf2a26\" data-element_type=\"container\">\n\t\t\t\t\t<div class=\"e-con-inner\">\n\t\t\t\t<div class=\"elementor-element elementor-element-d8b0b78 elementor-widget-divider--view-line elementor-widget elementor-widget-divider\" data-id=\"d8b0b78\" data-element_type=\"widget\" data-widget_type=\"divider.default\">\n\t\t\t\t<div class=\"elementor-widget-container\">\n\t\t\t\t\t\t\t<div class=\"elementor-divider\">\n\t\t\t<span class=\"elementor-divider-separator\">\n\t\t\t\t\t\t<\/span>\n\t\t<\/div>\n\t\t\t\t\t\t<\/div>\n\t\t\t\t<\/div>\n\t\t\t\t\t<\/div>\n\t\t\t\t<\/div>\n\t\t<div class=\"elementor-element elementor-element-7cf4a50 e-flex e-con-boxed e-con e-parent\" data-id=\"7cf4a50\" data-element_type=\"container\" data-settings=\"{&quot;background_background&quot;:&quot;slideshow&quot;,&quot;background_slideshow_gallery&quot;:[{&quot;id&quot;:3118,&quot;url&quot;:&quot;http:\\\/\\\/trianomina.fr\\\/wp-content\\\/uploads\\\/2025\\\/04\\\/ChatGPT-Image-29-avr.-2025-15_15_00.png&quot;}],&quot;background_slideshow_loop&quot;:&quot;yes&quot;,&quot;background_slideshow_slide_duration&quot;:5000,&quot;background_slideshow_slide_transition&quot;:&quot;fade&quot;,&quot;background_slideshow_transition_duration&quot;:500}\">\n\t\t\t\t\t<div class=\"e-con-inner\">\n\t\t\t\t<div class=\"elementor-element elementor-element-cc7dfd2 elementor-widget__width-initial elementor-widget elementor-widget-heading\" data-id=\"cc7dfd2\" data-element_type=\"widget\" data-widget_type=\"heading.default\">\n\t\t\t\t<div class=\"elementor-widget-container\">\n\t\t\t\t\t<h1 class=\"elementor-heading-title elementor-size-default\">Reprise d'un nom de terre (\u00e0 particule)<\/h1>\t\t\t\t<\/div>\n\t\t\t\t<\/div>\n\t\t\t\t\t<\/div>\n\t\t\t\t<\/div>\n\t\t<div class=\"elementor-element elementor-element-6b34a6c e-con-full e-flex e-con e-parent\" data-id=\"6b34a6c\" data-element_type=\"container\">\n\t\t\t\t<div class=\"elementor-element elementor-element-9eb05e6 elementor-widget elementor-widget-heading\" data-id=\"9eb05e6\" data-element_type=\"widget\" data-widget_type=\"heading.default\">\n\t\t\t\t<div class=\"elementor-widget-container\">\n\t\t\t\t\t<h1 class=\"elementor-heading-title elementor-size-default\">Faire revivre un nom de terre oubli\u00e9 : entre noblesse, patrimoine et filiation\n<\/h1>\t\t\t\t<\/div>\n\t\t\t\t<\/div>\n\t\t\t\t<div class=\"elementor-element elementor-element-5cdb695 elementor-drop-cap-yes elementor-drop-cap-view-default elementor-widget elementor-widget-text-editor\" data-id=\"5cdb695\" data-element_type=\"widget\" data-settings=\"{&quot;drop_cap&quot;:&quot;yes&quot;}\" data-widget_type=\"text-editor.default\">\n\t\t\t\t<div class=\"elementor-widget-container\">\n\t\t\t\t\t\t\t\t\t<p class=\"\" data-start=\"216\" data-end=\"660\">Dans de nombreuses familles, un nom \u00e0 particule \u00e9voque \u00e0 la fois un <strong data-start=\"284\" data-end=\"333\">h\u00e9ritage historique, une origine g\u00e9ographique<\/strong> et une certaine <strong data-start=\"350\" data-end=\"368\">lign\u00e9e sociale<\/strong>. Mais avec les al\u00e9as de la R\u00e9volution, des successions complexes ou simplement le passage du temps, <span data-start=\"469\" data-end=\"537\">nombre de ces noms de terre se sont \u00e9teints ou ont \u00e9t\u00e9 d\u00e9laiss\u00e9s<\/span>. <b>Pourtant, la loi permet aujourd\u2019hui d\u2019en <span data-start=\"580\" data-end=\"606\">revendiquer la reprise<\/span>, \u00e0 condition de d\u00e9montrer un lien de filiation av\u00e9r\u00e9<\/b>.<\/p><h4 class=\"\" data-start=\"662\" data-end=\"714\">Un cadre juridique exigeant, mais accessible<\/h4><p class=\"\" data-start=\"716\" data-end=\"1067\">La reprise d\u2019un nom de terre \u00e0 particule \u2013 par exemple \u00ab de La Tour \u00bb, \u00ab du Breuil \u00bb ou \u00ab des Vall\u00e9es \u00bb \u2013 rel\u00e8ve de la <strong data-start=\"835\" data-end=\"869\">proc\u00e9dure de changement de nom<\/strong> pr\u00e9vue par l\u2019<strong data-start=\"883\" data-end=\"923\">article 61 et suivants du Code civil<\/strong>. Cette d\u00e9marche est encadr\u00e9e par la <strong data-start=\"960\" data-end=\"993\">circulaire du 6 d\u00e9cembre 1994<\/strong> relative \u00e0 la proc\u00e9dure de changement de nom, et n\u00e9cessite de justifier :<\/p><ul data-start=\"1068\" data-end=\"1343\"><li class=\"\" data-start=\"1068\" data-end=\"1150\"><p class=\"\" data-start=\"1070\" data-end=\"1150\">d\u2019un <strong data-start=\"1075\" data-end=\"1119\">lien de filiation directe ou collat\u00e9rale<\/strong> avec l\u2019anc\u00eatre porteur du nom,<\/p><\/li><li class=\"\" data-start=\"1151\" data-end=\"1226\"><p class=\"\" data-start=\"1153\" data-end=\"1226\">de <strong data-start=\"1156\" data-end=\"1186\">l\u2019extinction de la branche<\/strong> qui portait ce nom de mani\u00e8re continue,<\/p><\/li><li class=\"\" data-start=\"1227\" data-end=\"1343\"><p class=\"\" data-start=\"1229\" data-end=\"1343\">d\u2019un <strong data-start=\"1234\" data-end=\"1254\">int\u00e9r\u00eat l\u00e9gitime<\/strong> (pr\u00e9servation d\u2019un patrimoine familial, continuit\u00e9 d\u2019un nom attach\u00e9 \u00e0 un domaine, etc.).<\/p><\/li><\/ul><p class=\"\" data-start=\"1345\" data-end=\"1660\">L\u2019instruction du dossier est assur\u00e9e par le <strong data-start=\"1389\" data-end=\"1408\">Bureau du Sceau<\/strong> du <strong data-start=\"1412\" data-end=\"1484\">Minist\u00e8re de la Justice (Direction des Affaires civiles et du Sceau)<\/strong>, seul comp\u00e9tent pour \u00e9mettre un avis favorable ou non \u00e0 votre demande. En cas d\u2019accord, un <strong data-start=\"1576\" data-end=\"1617\">d\u00e9cret est publi\u00e9 au Journal Officiel<\/strong>, rendant officiel votre nouveau patronyme.<\/p><h4 class=\"\" data-start=\"1662\" data-end=\"1726\">Une reconstitution historique et g\u00e9n\u00e9alogique sur mesure<\/h4><p class=\"\" data-start=\"1728\" data-end=\"1806\">Nous r\u00e9alisons pour vous un <strong data-start=\"1756\" data-end=\"1789\">travail d\u2019archives approfondi<\/strong>, permettant de :<\/p><ul data-start=\"1807\" data-end=\"1988\"><li class=\"\" data-start=\"1807\" data-end=\"1868\"><p class=\"\" data-start=\"1809\" data-end=\"1868\">retrouver l\u2019ascendance noble ou terrienne de votre famille,<\/p><\/li><li class=\"\" data-start=\"1869\" data-end=\"1912\"><p class=\"\" data-start=\"1871\" data-end=\"1912\">d\u00e9montrer le lien avec le nom revendiqu\u00e9,<\/p><\/li><li class=\"\" data-start=\"1913\" data-end=\"1988\"><p class=\"\" data-start=\"1915\" data-end=\"1988\">justifier la l\u00e9gitimit\u00e9 de la reprise devant l\u2019administration comp\u00e9tente.<\/p><\/li><\/ul><p class=\"\" data-start=\"1990\" data-end=\"2142\">Notre dossier comprend toutes les <strong data-start=\"2024\" data-end=\"2102\">pi\u00e8ces d\u2019\u00e9tat civil, actes notari\u00e9s, extraits d\u2019armoriaux ou d\u2019inventaires<\/strong> n\u00e9cessaires \u00e0 l\u2019appui de votre demande.<\/p><h4 class=\"\" data-start=\"2144\" data-end=\"2203\">Restaurer l\u2019honneur d\u2019un nom, r\u00e9tablir un h\u00e9ritage<\/h4><p class=\"\" data-start=\"2205\" data-end=\"2583\">Reprendre un nom de terre, ce n\u2019est pas seulement une question d\u2019apparat : c\u2019est <strong data-start=\"2286\" data-end=\"2328\">redonner sens \u00e0 une identit\u00e9 familiale<\/strong>, <strong data-start=\"2330\" data-end=\"2368\">faire revivre un pan de l\u2019histoire<\/strong>, <strong data-start=\"2370\" data-end=\"2408\">transmettre un h\u00e9ritage symbolique<\/strong>. Depuis plus de vingt ans, nous accompagnons les familles dans ces d\u00e9marches sensibles, et chaque demande est trait\u00e9e avec la <strong data-start=\"2535\" data-end=\"2582\">plus grande rigueur historique et juridique<\/strong>.<\/p>\t\t\t\t\t\t\t\t<\/div>\n\t\t\t\t<\/div>\n\t\t\t\t<\/div>\n\t\t<div class=\"elementor-element elementor-element-35b5887 e-flex e-con-boxed e-con e-parent\" data-id=\"35b5887\" data-element_type=\"container\">\n\t\t\t\t\t<div class=\"e-con-inner\">\n\t\t\t\t<div class=\"elementor-element elementor-element-f73f492 elementor-align-center elementor-widget elementor-widget-button\" data-id=\"f73f492\" data-element_type=\"widget\" data-widget_type=\"button.default\">\n\t\t\t\t<div class=\"elementor-widget-container\">\n\t\t\t\t\t\t\t\t\t<div class=\"elementor-button-wrapper\">\n\t\t\t\t\t<a class=\"elementor-button elementor-button-link elementor-size-sm\" href=\"https:\/\/trianomina.fr\/index.php\/contact\/\">\n\t\t\t\t\t\t<span class=\"elementor-button-content-wrapper\">\n\t\t\t\t\t\t\t\t\t<span class=\"elementor-button-text\"><span style=\"font-weight:bold; font-size:20px;\">Contacter l'\u00e9tude<\/span><\/span>\n\t\t\t\t\t<\/span>\n\t\t\t\t\t<\/a>\n\t\t\t\t<\/div>\n\t\t\t\t\t\t\t\t<\/div>\n\t\t\t\t<\/div>\n\t\t\t\t\t<\/div>\n\t\t\t\t<\/div>\n\t\t\t\t<\/div>\n\t\t","protected":false},"excerpt":{"rendered":"<p>Reprise d&rsquo;un nom de terre (\u00e0 particule) Faire revivre un nom de terre oubli\u00e9 : entre noblesse, patrimoine et filiation [&hellip;]<\/p>\n","protected":false},"author":1,"featured_media":0,"parent":0,"menu_order":0,"comment_status":"closed","ping_status":"closed","template":"","meta":{"site-sidebar-layout":"no-sidebar","site-content-layout":"","ast-site-content-layout":"full-width-container","site-content-style":"default","site-sidebar-style":"default","ast-global-header-display":"","ast-banner-title-visibility":"","ast-main-header-display":"","ast-hfb-above-header-display":"","ast-hfb-below-header-display":"","ast-hfb-mobile-header-display":"","site-post-title":"disabled","ast-breadcrumbs-content":"","ast-featured-img":"disabled","footer-sml-layout":"","theme-transparent-header-meta":"","adv-header-id-meta":"","stick-header-meta":"","header-above-stick-meta":"","header-main-stick-meta":"","header-below-stick-meta":"","astra-migrate-meta-layouts":"default","ast-page-background-enabled":"default","ast-page-background-meta":{"desktop":{"background-color":"var(--ast-global-color-5)","background-image":"","background-repeat":"repeat","background-position":"center center","background-size":"auto","background-attachment":"scroll","background-type":"","background-media":"","overlay-type":"","overlay-color":"","overlay-opacity":"","overlay-gradient":""},"tablet":{"background-color":"","background-image":"","background-repeat":"repeat","background-position":"center center","background-size":"auto","background-attachment":"scroll","background-type":"","background-media":"","overlay-type":"","overlay-color":"","overlay-opacity":"","overlay-gradient":""},"mobile":{"background-color":"","background-image":"","background-repeat":"repeat","background-position":"center center","background-size":"auto","background-attachment":"scroll","background-type":"","background-media":"","overlay-type":"","overlay-color":"","overlay-opacity":"","overlay-gradient":""}},"ast-content-background-meta":{"desktop":{"background-color":"var(--ast-global-color-4)","background-image":"","background-repeat":"repeat","background-position":"center center","background-size":"auto","background-attachment":"scroll","background-type":"","background-media":"","overlay-type":"","overlay-color":"","overlay-opacity":"","overlay-gradient":""},"tablet":{"background-color":"var(--ast-global-color-4)","background-image":"","background-repeat":"repeat","background-position":"center center","background-size":"auto","background-attachment":"scroll","background-type":"","background-media":"","overlay-type":"","overlay-color":"","overlay-opacity":"","overlay-gradient":""},"mobile":{"background-color":"var(--ast-global-color-4)","background-image":"","background-repeat":"repeat","background-position":"center center","background-size":"auto","background-attachment":"scroll","background-type":"","background-media":"","overlay-type":"","overlay-color":"","overlay-opacity":"","overlay-gradient":""}},"footnotes":""},"class_list":["post-2944","page","type-page","status-publish","hentry"],"_links":{"self":[{"href":"https:\/\/trianomina.fr\/index.php\/wp-json\/wp\/v2\/pages\/2944","targetHints":{"allow":["GET"]}}],"collection":[{"href":"https:\/\/trianomina.fr\/index.php\/wp-json\/wp\/v2\/pages"}],"about":[{"href":"https:\/\/trianomina.fr\/index.php\/wp-json\/wp\/v2\/types\/page"}],"author":[{"embeddable":true,"href":"https:\/\/trianomina.fr\/index.php\/wp-json\/wp\/v2\/users\/1"}],"replies":[{"embeddable":true,"href":"https:\/\/trianomina.fr\/index.php\/wp-json\/wp\/v2\/comments?post=2944"}],"version-history":[{"count":10,"href":"https:\/\/trianomina.fr\/index.php\/wp-json\/wp\/v2\/pages\/2944\/revisions"}],"predecessor-version":[{"id":3880,"href":"https:\/\/trianomina.fr\/index.php\/wp-json\/wp\/v2\/pages\/2944\/revisions\/3880"}],"wp:attachment":[{"href":"https:\/\/trianomina.fr\/index.php\/wp-json\/wp\/v2\/media?parent=2944"}],"curies":[{"name":"wp","href":"https:\/\/api.w.org\/{rel}","templated":true}]}}