{"id":2946,"date":"2025-04-27T02:55:44","date_gmt":"2025-04-27T00:55:44","guid":{"rendered":"https:\/\/trianomina.fr\/?page_id=2946"},"modified":"2025-05-04T01:01:02","modified_gmt":"2025-05-03T23:01:02","slug":"ayant-droits-de-caveau-funeraire","status":"publish","type":"page","link":"https:\/\/trianomina.fr\/index.php\/ayant-droits-de-caveau-funeraire\/","title":{"rendered":"Ayant droits de caveau fun\u00e9raire"},"content":{"rendered":"\t\t<div data-elementor-type=\"wp-page\" data-elementor-id=\"2946\" class=\"elementor elementor-2946\">\n\t\t\t\t<div class=\"elementor-element elementor-element-10d9c3c e-flex e-con-boxed e-con e-parent\" data-id=\"10d9c3c\" data-element_type=\"container\">\n\t\t\t\t\t<div class=\"e-con-inner\">\n\t\t\t\t<div class=\"elementor-element elementor-element-9d099f9 elementor-widget-divider--view-line elementor-widget elementor-widget-divider\" data-id=\"9d099f9\" data-element_type=\"widget\" data-widget_type=\"divider.default\">\n\t\t\t\t<div class=\"elementor-widget-container\">\n\t\t\t\t\t\t\t<div class=\"elementor-divider\">\n\t\t\t<span class=\"elementor-divider-separator\">\n\t\t\t\t\t\t<\/span>\n\t\t<\/div>\n\t\t\t\t\t\t<\/div>\n\t\t\t\t<\/div>\n\t\t\t\t\t<\/div>\n\t\t\t\t<\/div>\n\t\t<div class=\"elementor-element elementor-element-eded7e9 e-flex e-con-boxed e-con e-parent\" data-id=\"eded7e9\" data-element_type=\"container\" data-settings=\"{&quot;background_background&quot;:&quot;slideshow&quot;,&quot;background_slideshow_gallery&quot;:[{&quot;id&quot;:3180,&quot;url&quot;:&quot;http:\\\/\\\/trianomina.fr\\\/wp-content\\\/uploads\\\/2025\\\/04\\\/20200806-124421-largejpg.jpg&quot;}],&quot;background_slideshow_loop&quot;:&quot;yes&quot;,&quot;background_slideshow_slide_duration&quot;:5000,&quot;background_slideshow_slide_transition&quot;:&quot;fade&quot;,&quot;background_slideshow_transition_duration&quot;:500}\">\n\t\t\t\t\t<div class=\"e-con-inner\">\n\t\t\t\t<div class=\"elementor-element elementor-element-66dd194 elementor-widget__width-initial elementor-widget elementor-widget-heading\" data-id=\"66dd194\" data-element_type=\"widget\" data-widget_type=\"heading.default\">\n\t\t\t\t<div class=\"elementor-widget-container\">\n\t\t\t\t\t<h1 class=\"elementor-heading-title elementor-size-default\">Prouver des ayants droits sur une concession d'un caveau fun\u00e9raire<\/h1>\t\t\t\t<\/div>\n\t\t\t\t<\/div>\n\t\t\t\t\t<\/div>\n\t\t\t\t<\/div>\n\t\t<div class=\"elementor-element elementor-element-d365dfd e-con-full e-flex e-con e-parent\" data-id=\"d365dfd\" data-element_type=\"container\">\n\t\t\t\t<div class=\"elementor-element elementor-element-6c23e41 elementor-widget elementor-widget-heading\" data-id=\"6c23e41\" data-element_type=\"widget\" data-widget_type=\"heading.default\">\n\t\t\t\t<div class=\"elementor-widget-container\">\n\t\t\t\t\t<h1 class=\"elementor-heading-title elementor-size-default\">H\u00e9riter d\u2019un caveau de famille : un droit m\u00e9connu face \u00e0 la p\u00e9nurie de places fun\u00e9raires<\/h1>\t\t\t\t<\/div>\n\t\t\t\t<\/div>\n\t\t\t\t<div class=\"elementor-element elementor-element-2c24eb2 elementor-drop-cap-yes elementor-drop-cap-view-default elementor-widget elementor-widget-text-editor\" data-id=\"2c24eb2\" data-element_type=\"widget\" data-settings=\"{&quot;drop_cap&quot;:&quot;yes&quot;}\" data-widget_type=\"text-editor.default\">\n\t\t\t\t<div class=\"elementor-widget-container\">\n\t\t\t\t\t\t\t\t\t<p class=\"\" data-start=\"207\" data-end=\"741\"><strong>Obtenir une place dans un cimeti\u00e8re devient aujourd\u2019hui un v\u00e9ritable parcours du combattant<\/strong>, en particulier dans les grandes villes o\u00f9 l\u2019espace est compt\u00e9. Agglom\u00e9ration parisienne, cimeti\u00e8res urbains des m\u00e9tropoles, etc., face \u00e0 cette raret\u00e9, les prix flambent, les d\u00e9lais s\u2019allongent, et les exigences administratives des Directions de cimeti\u00e8res deviennent de plus en plus drastiques : justificatifs complexes, preuves d\u00e9taill\u00e9es, v\u00e9rifications minutieuses&#8230;<\/p><p class=\"\" data-start=\"743\" data-end=\"1316\">Pourtant, un droit souvent ignor\u00e9 permet de contourner cette difficult\u00e9 : <strong data-start=\"817\" data-end=\"852\">la reprise d\u2019un caveau familial<\/strong>. Si l\u2019un de vos anc\u00eatres a acquis une concession perp\u00e9tuelle dans le pass\u00e9, cette derni\u00e8re reste valable \u2014 m\u00eame si elle remonte \u00e0 plusieurs g\u00e9n\u00e9rations. En effet, si les mairies ne d\u00e9livrent plus de nouvelles concessions perp\u00e9tuelles, elles ne peuvent en revanche pas annuler celles d\u00e9j\u00e0 octroy\u00e9es. Cela signifie que vous pouvez potentiellement faire valoir votre droit \u00e0 y \u00eatre inhum\u00e9, \u00e0 condition de fournir un <strong data-start=\"1266\" data-end=\"1315\">dossier g\u00e9n\u00e9alogique solide et bien argument\u00e9<\/strong>.<\/p><p class=\"\" data-start=\"1318\" data-end=\"1743\">C\u2019est pr\u00e9cis\u00e9ment l\u00e0 que nous intervenons. Gr\u00e2ce \u00e0 un travail rigoureux de recherche et de reconstitution familiale, nous pouvons \u00e9tablir pour vous le lien de filiation n\u00e9cessaire pour <strong data-start=\"1494\" data-end=\"1542\">revendiquer votre droit sur un caveau ancien<\/strong>. Cette d\u00e9marche, \u00e0 la fois juridique et patrimoniale, permet de redonner vie \u00e0 une s\u00e9pulture oubli\u00e9e mais aussi de pouvoir reposer en paix pour vous ou vos proches dans un endroit auquel vous \u00eates attach\u00e9s\u2026 pour un co\u00fbt bien inf\u00e9rieur \u00e0 celui d\u2019un achat de concession neuve, lorsqu\u2019il est encore possible.<\/p>\t\t\t\t\t\t\t\t<\/div>\n\t\t\t\t<\/div>\n\t\t\t\t<\/div>\n\t\t<div class=\"elementor-element elementor-element-00f1e02 e-flex e-con-boxed e-con e-parent\" data-id=\"00f1e02\" data-element_type=\"container\">\n\t\t\t\t\t<div class=\"e-con-inner\">\n\t\t\t\t<div class=\"elementor-element elementor-element-6c1e3a0 elementor-align-center elementor-widget elementor-widget-button\" data-id=\"6c1e3a0\" data-element_type=\"widget\" data-widget_type=\"button.default\">\n\t\t\t\t<div class=\"elementor-widget-container\">\n\t\t\t\t\t\t\t\t\t<div class=\"elementor-button-wrapper\">\n\t\t\t\t\t<a class=\"elementor-button elementor-button-link elementor-size-sm\" href=\"https:\/\/trianomina.fr\/index.php\/contact\/\">\n\t\t\t\t\t\t<span class=\"elementor-button-content-wrapper\">\n\t\t\t\t\t\t\t\t\t<span class=\"elementor-button-text\"><span style=\"font-weight:bold; font-size:20px;\">Contacter l'\u00e9tude<\/span><\/span>\n\t\t\t\t\t<\/span>\n\t\t\t\t\t<\/a>\n\t\t\t\t<\/div>\n\t\t\t\t\t\t\t\t<\/div>\n\t\t\t\t<\/div>\n\t\t\t\t\t<\/div>\n\t\t\t\t<\/div>\n\t\t\t\t<\/div>\n\t\t","protected":false},"excerpt":{"rendered":"<p>Prouver des ayants droits sur une concession d&rsquo;un caveau fun\u00e9raire H\u00e9riter d\u2019un caveau de famille : un droit m\u00e9connu face [&hellip;]<\/p>\n","protected":false},"author":1,"featured_media":0,"parent":0,"menu_order":0,"comment_status":"closed","ping_status":"closed","template":"","meta":{"site-sidebar-layout":"no-sidebar","site-content-layout":"","ast-site-content-layout":"full-width-container","site-content-style":"default","site-sidebar-style":"default","ast-global-header-display":"","ast-banner-title-visibility":"","ast-main-header-display":"","ast-hfb-above-header-display":"","ast-hfb-below-header-display":"","ast-hfb-mobile-header-display":"","site-post-title":"disabled","ast-breadcrumbs-content":"","ast-featured-img":"disabled","footer-sml-layout":"","theme-transparent-header-meta":"","adv-header-id-meta":"","stick-header-meta":"","header-above-stick-meta":"","header-main-stick-meta":"","header-below-stick-meta":"","astra-migrate-meta-layouts":"default","ast-page-background-enabled":"default","ast-page-background-meta":{"desktop":{"background-color":"var(--ast-global-color-5)","background-image":"","background-repeat":"repeat","background-position":"center center","background-size":"auto","background-attachment":"scroll","background-type":"","background-media":"","overlay-type":"","overlay-color":"","overlay-opacity":"","overlay-gradient":""},"tablet":{"background-color":"","background-image":"","background-repeat":"repeat","background-position":"center center","background-size":"auto","background-attachment":"scroll","background-type":"","background-media":"","overlay-type":"","overlay-color":"","overlay-opacity":"","overlay-gradient":""},"mobile":{"background-color":"","background-image":"","background-repeat":"repeat","background-position":"center center","background-size":"auto","background-attachment":"scroll","background-type":"","background-media":"","overlay-type":"","overlay-color":"","overlay-opacity":"","overlay-gradient":""}},"ast-content-background-meta":{"desktop":{"background-color":"var(--ast-global-color-4)","background-image":"","background-repeat":"repeat","background-position":"center center","background-size":"auto","background-attachment":"scroll","background-type":"","background-media":"","overlay-type":"","overlay-color":"","overlay-opacity":"","overlay-gradient":""},"tablet":{"background-color":"var(--ast-global-color-4)","background-image":"","background-repeat":"repeat","background-position":"center center","background-size":"auto","background-attachment":"scroll","background-type":"","background-media":"","overlay-type":"","overlay-color":"","overlay-opacity":"","overlay-gradient":""},"mobile":{"background-color":"var(--ast-global-color-4)","background-image":"","background-repeat":"repeat","background-position":"center center","background-size":"auto","background-attachment":"scroll","background-type":"","background-media":"","overlay-type":"","overlay-color":"","overlay-opacity":"","overlay-gradient":""}},"footnotes":""},"class_list":["post-2946","page","type-page","status-publish","hentry"],"_links":{"self":[{"href":"https:\/\/trianomina.fr\/index.php\/wp-json\/wp\/v2\/pages\/2946","targetHints":{"allow":["GET"]}}],"collection":[{"href":"https:\/\/trianomina.fr\/index.php\/wp-json\/wp\/v2\/pages"}],"about":[{"href":"https:\/\/trianomina.fr\/index.php\/wp-json\/wp\/v2\/types\/page"}],"author":[{"embeddable":true,"href":"https:\/\/trianomina.fr\/index.php\/wp-json\/wp\/v2\/users\/1"}],"replies":[{"embeddable":true,"href":"https:\/\/trianomina.fr\/index.php\/wp-json\/wp\/v2\/comments?post=2946"}],"version-history":[{"count":70,"href":"https:\/\/trianomina.fr\/index.php\/wp-json\/wp\/v2\/pages\/2946\/revisions"}],"predecessor-version":[{"id":3810,"href":"https:\/\/trianomina.fr\/index.php\/wp-json\/wp\/v2\/pages\/2946\/revisions\/3810"}],"wp:attachment":[{"href":"https:\/\/trianomina.fr\/index.php\/wp-json\/wp\/v2\/media?parent=2946"}],"curies":[{"name":"wp","href":"https:\/\/api.w.org\/{rel}","templated":true}]}}