{"id":2948,"date":"2025-04-27T02:59:45","date_gmt":"2025-04-27T00:59:45","guid":{"rendered":"https:\/\/trianomina.fr\/?page_id=2948"},"modified":"2025-05-04T04:15:02","modified_gmt":"2025-05-04T02:15:02","slug":"acquisition-de-la-nationalite-luxembourgeoise","status":"publish","type":"page","link":"https:\/\/trianomina.fr\/index.php\/acquisition-de-la-nationalite-luxembourgeoise\/","title":{"rendered":"Acquisition de la nationalit\u00e9 luxembourgeoise"},"content":{"rendered":"\t\t<div data-elementor-type=\"wp-page\" data-elementor-id=\"2948\" class=\"elementor elementor-2948\">\n\t\t\t\t<div class=\"elementor-element elementor-element-6badb06 e-flex e-con-boxed e-con e-parent\" data-id=\"6badb06\" data-element_type=\"container\">\n\t\t\t\t\t<div class=\"e-con-inner\">\n\t\t\t\t<div class=\"elementor-element elementor-element-59ee247 elementor-widget-divider--view-line elementor-widget elementor-widget-divider\" data-id=\"59ee247\" data-element_type=\"widget\" data-widget_type=\"divider.default\">\n\t\t\t\t<div class=\"elementor-widget-container\">\n\t\t\t\t\t\t\t<div class=\"elementor-divider\">\n\t\t\t<span class=\"elementor-divider-separator\">\n\t\t\t\t\t\t<\/span>\n\t\t<\/div>\n\t\t\t\t\t\t<\/div>\n\t\t\t\t<\/div>\n\t\t\t\t\t<\/div>\n\t\t\t\t<\/div>\n\t\t<div class=\"elementor-element elementor-element-d48915f e-flex e-con-boxed e-con e-parent\" data-id=\"d48915f\" data-element_type=\"container\" data-settings=\"{&quot;background_background&quot;:&quot;slideshow&quot;,&quot;background_slideshow_gallery&quot;:[{&quot;id&quot;:3903,&quot;url&quot;:&quot;http:\\\/\\\/trianomina.fr\\\/wp-content\\\/uploads\\\/2025\\\/05\\\/Luxembourg.webp&quot;}],&quot;background_slideshow_loop&quot;:&quot;yes&quot;,&quot;background_slideshow_slide_duration&quot;:5000,&quot;background_slideshow_slide_transition&quot;:&quot;fade&quot;,&quot;background_slideshow_transition_duration&quot;:500}\">\n\t\t\t\t\t<div class=\"e-con-inner\">\n\t\t\t\t<div class=\"elementor-element elementor-element-44d383c elementor-widget__width-initial elementor-widget elementor-widget-heading\" data-id=\"44d383c\" data-element_type=\"widget\" data-widget_type=\"heading.default\">\n\t\t\t\t<div class=\"elementor-widget-container\">\n\t\t\t\t\t<h1 class=\"elementor-heading-title elementor-size-default\">Acquisition de la nationalit\u00e9 luxembourgeoise par recouvrement <\/h1>\t\t\t\t<\/div>\n\t\t\t\t<\/div>\n\t\t\t\t\t<\/div>\n\t\t\t\t<\/div>\n\t\t<div class=\"elementor-element elementor-element-cf88a0e e-con-full e-flex e-con e-parent\" data-id=\"cf88a0e\" data-element_type=\"container\">\n\t\t\t\t<div class=\"elementor-element elementor-element-b1a9850 elementor-widget elementor-widget-heading\" data-id=\"b1a9850\" data-element_type=\"widget\" data-widget_type=\"heading.default\">\n\t\t\t\t<div class=\"elementor-widget-container\">\n\t\t\t\t\t<h1 class=\"elementor-heading-title elementor-size-default\">Luxembourgeois par le sang : vous avez des origines luxembourgeoises ? \n<br> Faites valoir vos droits \u00e0 la nationalit\u00e9 <\/h1>\t\t\t\t<\/div>\n\t\t\t\t<\/div>\n\t\t\t\t<div class=\"elementor-element elementor-element-345e1c9 elementor-drop-cap-yes elementor-drop-cap-view-default elementor-widget elementor-widget-text-editor\" data-id=\"345e1c9\" data-element_type=\"widget\" data-settings=\"{&quot;drop_cap&quot;:&quot;yes&quot;}\" data-widget_type=\"text-editor.default\">\n\t\t\t\t<div class=\"elementor-widget-container\">\n\t\t\t\t\t\t\t\t\t<p class=\"\" data-start=\"359\" data-end=\"801\"><b>Vous avez un ou une anc\u00eatre n\u00e9(e) luxembourgeois(e) avant 1900?<\/b>\u00a0<\/p><p class=\"\" data-start=\"359\" data-end=\"801\">Gr\u00e2ce \u00e0 la loi luxembourgeoise, il est parfois <strong data-start=\"460\" data-end=\"516\">possible de r\u00e9cup\u00e9rer la nationalit\u00e9 luxembourgeoise<\/strong>, m\u00eame bien apr\u00e8s plusieurs g\u00e9n\u00e9rations plus tard. Mais attention : les d\u00e9marches sont encadr\u00e9es par la loi et doivent respecter des conditions pr\u00e9cises. Notre \u00e9tude de g\u00e9n\u00e9alogie vous accompagne dans <strong data-start=\"708\" data-end=\"767\">la v\u00e9rification, la reconstitution et la reconnaissance<\/strong> de vos origines luxembourgeoises ainsi que le dossier administratif.<\/p><h3 class=\"\" data-start=\"808\" data-end=\"848\">Ce que dit la loi luxembourgeoise :<\/h3><p class=\"\" data-start=\"850\" data-end=\"1144\">La nationalit\u00e9 luxembourgeoise repose sur le <strong data-start=\"895\" data-end=\"912\">droit du sang<\/strong> (<i>jus sanguinis<\/i>). Selon l\u2019<strong data-start=\"938\" data-end=\"1011\">article 7 de la Loi du 8 mars 2017 sur la nationalit\u00e9 luxembourgeoise<\/strong>, <b>une personne peut <span data-start=\"1031\" data-end=\"1059\">recouvrer la nationalit\u00e9<\/span> si elle prouve descendre d\u2019un <\/b><strong data-start=\"1090\" data-end=\"1143\">anc\u00eatre luxembourgeois vivant au 1er janvier 1900<\/strong>.<\/p><p class=\"\" data-start=\"1146\" data-end=\"1202\"><strong data-start=\"1146\" data-end=\"1175\">Article 89 de la m\u00eame loi<\/strong> permet \u00e0 ces descendants :<\/p><blockquote data-start=\"1203\" data-end=\"1349\"><p class=\"\" data-start=\"1205\" data-end=\"1349\"><em data-start=\"1205\" data-end=\"1349\">\u00ab\u00a0de recouvrer la nationalit\u00e9 luxembourgeoise par simple d\u00e9claration, sans obligation de r\u00e9sidence ni de renonciation \u00e0 une autre nationalit\u00e9.\u00a0\u00bb<\/em><\/p><\/blockquote><h3 class=\"\" data-start=\"1356\" data-end=\"1382\">\u00a0<\/h3>\t\t\t\t\t\t\t\t<\/div>\n\t\t\t\t<\/div>\n\t\t\t\t<div class=\"elementor-element elementor-element-a1a45d6 elementor-widget elementor-widget-heading\" data-id=\"a1a45d6\" data-element_type=\"widget\" data-widget_type=\"heading.default\">\n\t\t\t\t<div class=\"elementor-widget-container\">\n\t\t\t\t\t<h2 class=\"elementor-heading-title elementor-size-default\">Conditions \u00e0 remplir <\/h2>\t\t\t\t<\/div>\n\t\t\t\t<\/div>\n\t\t\t\t<div class=\"elementor-element elementor-element-0eb6acd elementor-drop-cap-yes elementor-drop-cap-view-default elementor-widget elementor-widget-text-editor\" data-id=\"0eb6acd\" data-element_type=\"widget\" data-settings=\"{&quot;drop_cap&quot;:&quot;yes&quot;}\" data-widget_type=\"text-editor.default\">\n\t\t\t\t<div class=\"elementor-widget-container\">\n\t\t\t\t\t\t\t\t\t<ul data-start=\"1383\" data-end=\"1884\"><li class=\"\" data-start=\"1383\" data-end=\"1487\"><p class=\"\" data-start=\"1385\" data-end=\"1487\">Prouver que vous descendez d\u2019un <strong data-start=\"1417\" data-end=\"1486\">anc\u00eatre de nationalit\u00e9 luxembourgeoise vivant au 1er janvier 1900<\/strong>.<\/p><\/li><li class=\"\" data-start=\"1488\" data-end=\"1615\"><p class=\"\" data-start=\"1490\" data-end=\"1615\">Fournir tous les <strong data-start=\"1507\" data-end=\"1529\">actes d\u2019\u00e9tat civil<\/strong> prouvant la filiation directe (cha\u00eene ininterrompue : parents, grands-parents, etc.).<\/p><\/li><li class=\"\" data-start=\"1616\" data-end=\"1706\"><p class=\"\" data-start=\"1618\" data-end=\"1706\">D\u00e9poser une <strong data-start=\"1630\" data-end=\"1705\">d\u00e9claration officielle aupr\u00e8s du minist\u00e8re de la Justice luxembourgeois<\/strong>.<\/p><\/li><li class=\"\" data-start=\"1707\" data-end=\"1884\"><p class=\"\" data-start=\"1709\" data-end=\"1884\"><strong data-start=\"1709\" data-end=\"1720\">D\u00e9lai :<\/strong> Le dispositif de recouvrement par d\u00e9claration a \u00e9t\u00e9 prolong\u00e9, mais certaines dates limites peuvent s\u2019appliquer selon votre situation. Une vigilance est n\u00e9cessaire.<span style=\"font-weight: bold;\">N<\/span><\/p><\/li><\/ul>\t\t\t\t\t\t\t\t<\/div>\n\t\t\t\t<\/div>\n\t\t\t\t<div class=\"elementor-element elementor-element-2dd8f5f elementor-widget elementor-widget-heading\" data-id=\"2dd8f5f\" data-element_type=\"widget\" data-widget_type=\"heading.default\">\n\t\t\t\t<div class=\"elementor-widget-container\">\n\t\t\t\t\t<h2 class=\"elementor-heading-title elementor-size-default\">Nous vous aidons \u00e0 :<\/h2>\t\t\t\t<\/div>\n\t\t\t\t<\/div>\n\t\t\t\t<div class=\"elementor-element elementor-element-fbc9237 elementor-widget elementor-widget-text-editor\" data-id=\"fbc9237\" data-element_type=\"widget\" data-widget_type=\"text-editor.default\">\n\t\t\t\t<div class=\"elementor-widget-container\">\n\t\t\t\t\t\t\t\t\t<p class=\"\" style=\"font-size: 20px;\" data-start=\"1921\" data-end=\"2002\">\u2022\u00a0 Retrouver les actes de naissance, mariage et d\u00e9c\u00e8s au Luxembourg et \u00e0 l\u2019\u00e9tranger.<\/p><p class=\"\" style=\"font-size: 20px;\" data-start=\"1921\" data-end=\"2002\">\u2022\u00a0\u00c9tablir une\u00a0<span style=\"font-weight: bold;\" data-start=\"2017\" data-end=\"2062\">cha\u00eene de filiation compl\u00e8te et validable<\/span>.<\/p><p class=\"\" style=\"font-size: 20px;\" data-start=\"2066\" data-end=\"2123\">\u2022\u00a0Pr\u00e9parer votre\u00a0<span style=\"font-weight: bold;\" data-start=\"2081\" data-end=\"2122\">dossier de d\u00e9claration de nationalit\u00e9<\/span>.<\/p><p class=\"\" style=\"font-size: 20px;\" data-start=\"2066\" data-end=\"2123\">\u2022\u00a0Vous accompagner dans les d\u00e9marches administratives aupr\u00e8s du\u00a0<span style=\"font-weight: bold;\" data-start=\"2188\" data-end=\"2233\">Service de la nationalit\u00e9 luxembourgeoise<\/span>.<\/p>\t\t\t\t\t\t\t\t<\/div>\n\t\t\t\t<\/div>\n\t\t\t\t<div class=\"elementor-element elementor-element-c0afc29 elementor-widget elementor-widget-heading\" data-id=\"c0afc29\" data-element_type=\"widget\" data-widget_type=\"heading.default\">\n\t\t\t\t<div class=\"elementor-widget-container\">\n\t\t\t\t\t<h2 class=\"elementor-heading-title elementor-size-default\">Les avantage de la nationalit\u00e9 luxembourgeoise<\/h2>\t\t\t\t<\/div>\n\t\t\t\t<\/div>\n\t\t\t\t<div class=\"elementor-element elementor-element-230d742 elementor-drop-cap-yes elementor-drop-cap-view-default elementor-widget elementor-widget-text-editor\" data-id=\"230d742\" data-element_type=\"widget\" data-settings=\"{&quot;drop_cap&quot;:&quot;yes&quot;}\" data-widget_type=\"text-editor.default\">\n\t\t\t\t<div class=\"elementor-widget-container\">\n\t\t\t\t\t\t\t\t\t<p data-start=\"124\" data-end=\"726\">Obtenir la nationalit\u00e9 luxembourgeoise, c\u2019est bien plus qu\u2019une simple formalit\u00e9 administrative : <b>c\u2019est acc\u00e9der \u00e0 un statut de citoyen europ\u00e9en dans l\u2019un des pays les plus stables, prosp\u00e8res et respect\u00e9s du continent.\u00a0<\/b><\/p><p data-start=\"124\" data-end=\"726\">Gr\u00e2ce \u00e0 son passeport class\u00e9 parmi les plus puissants au monde, le Luxembourg offre \u00e0 ses ressortissants <b>la possibilit\u00e9 de voyager sans visa dans de tr\u00e8s nombreux pays.<\/b>\u00a0<span style=\"font-style: inherit; font-weight: inherit;\">Le passeport luxembourgeois figure d\u2019ailleurs parmi les plus puissants au monde. <\/span><span style=\"font-style: inherit;\"><b>En 2025, il permettait d\u2019entrer sans visa dans 191 pays, pla\u00e7ant le Luxembourg au 4\u1d49 rang mondial<\/b><\/span><span style=\"font-style: inherit; font-weight: inherit;\"> selon le Henley Passport Index. C\u2019est un v\u00e9ritable passeport pour la libert\u00e9, qui rivalise avec ceux des grandes puissances comme le Japon ou Singapour, et d\u00e9passe ceux des \u00c9tats-Unis ou du Royaume-Uni.<\/span><\/p><p data-start=\"728\" data-end=\"1138\">\u00catre Luxembourgeois, c\u2019est aussi b\u00e9n\u00e9ficier de tous les droits civiques : voter aux \u00e9lections nationales et europ\u00e9ennes, s\u2019impliquer dans la vie d\u00e9mocratique, voire se pr\u00e9senter \u00e0 certaines fonctions \u00e9lectives. <b>C\u2019est s\u2019ouvrir les portes d\u2019un pays \u00e0 l\u2019\u00e9conomie florissante,<\/b> o\u00f9 les opportunit\u00e9s professionnelles, notamment dans la finance, les institutions europ\u00e9ennes ou la tech, sont nombreuses et attractives.<\/p><p data-start=\"1140\" data-end=\"1493\">Pour les familles, la nationalit\u00e9 luxembourgeoise est un v\u00e9ritable atout. <b>Elle permet aux enfants d\u2019acc\u00e9der aux \u00e9tablissements<\/b> <b>d\u2019enseignement sup\u00e9rieur europ\u00e9ens dans des conditions avantageuses<\/b>, de participer aux programmes de mobilit\u00e9 \u00e9tudiante et de b\u00e9n\u00e9ficier d\u2019une reconnaissance automatique de leurs dipl\u00f4mes dans l\u2019ensemble de l\u2019Union europ\u00e9enne.<\/p><p data-start=\"1495\" data-end=\"1883\"><b>Autre avantage majeur : le Luxembourg autorise la double nationalit\u00e9.<\/b> Vous n\u2019avez pas \u00e0 renoncer \u00e0 votre nationalit\u00e9 d\u2019origine. C\u2019est donc un enrichissement, pas un choix \u00e0 faire entre deux identit\u00e9s. <b>Une fois obtenue, cette nationalit\u00e9 peut \u00eatre transmise \u00e0 vos enfants<\/b>, leur offrant les m\u00eames droits, la m\u00eame libert\u00e9 de circulation, et les m\u00eames opportunit\u00e9s \u00e0 l\u2019\u00e9chelle internationale.<\/p><p data-start=\"1885\" data-end=\"2192\">Faire reconna\u00eetre ou r\u00e9cup\u00e9rer la nationalit\u00e9 luxembourgeoise, c\u2019est enfin une mani\u00e8re de renouer avec une histoire familiale, de valoriser un h\u00e9ritage souvent oubli\u00e9, et de donner \u00e0 vos origines une port\u00e9e concr\u00e8te dans votre vie d\u2019aujourd\u2019hui. <b>C\u2019est un droit, une chance, et un choix tourn\u00e9 vers l\u2019avenir.<\/b><\/p><p data-start=\"2194\" data-end=\"2575\"><span style=\"font-weight: bold; font-style: inherit;\">Ne laissez pas vos racines luxembourgeoises se perdre : transformez-les en droits concrets.<\/span><\/p><p data-start=\"2194\" data-end=\"2575\"><span style=\"font-weight: bold;\">Contactez-nous pour une analyse pr\u00e9alable gratuite de votre lign\u00e9e luxembourgeoise et d\u00e9couvrez si vous pouvez obtenir la double nationalit\u00e9.<\/span><\/p>\t\t\t\t\t\t\t\t<\/div>\n\t\t\t\t<\/div>\n\t\t\t\t<\/div>\n\t\t<div class=\"elementor-element elementor-element-da552d3 e-flex e-con-boxed e-con e-parent\" data-id=\"da552d3\" data-element_type=\"container\">\n\t\t\t\t\t<div class=\"e-con-inner\">\n\t\t\t\t<div class=\"elementor-element elementor-element-3a7b092 elementor-align-center elementor-widget elementor-widget-button\" data-id=\"3a7b092\" data-element_type=\"widget\" data-widget_type=\"button.default\">\n\t\t\t\t<div class=\"elementor-widget-container\">\n\t\t\t\t\t\t\t\t\t<div class=\"elementor-button-wrapper\">\n\t\t\t\t\t<a class=\"elementor-button elementor-button-link elementor-size-sm\" href=\"https:\/\/trianomina.fr\/index.php\/contact\/\">\n\t\t\t\t\t\t<span class=\"elementor-button-content-wrapper\">\n\t\t\t\t\t\t\t\t\t<span class=\"elementor-button-text\"><span style=\"font-weight:bold; font-size:20px;\">Contacter l'\u00e9tude<\/span><\/span>\n\t\t\t\t\t<\/span>\n\t\t\t\t\t<\/a>\n\t\t\t\t<\/div>\n\t\t\t\t\t\t\t\t<\/div>\n\t\t\t\t<\/div>\n\t\t\t\t\t<\/div>\n\t\t\t\t<\/div>\n\t\t\t\t<\/div>\n\t\t","protected":false},"excerpt":{"rendered":"<p>Acquisition de la nationalit\u00e9 luxembourgeoise par recouvrement Luxembourgeois par le sang : vous avez des origines luxembourgeoises ? Faites valoir [&hellip;]<\/p>\n","protected":false},"author":1,"featured_media":0,"parent":0,"menu_order":0,"comment_status":"closed","ping_status":"closed","template":"","meta":{"site-sidebar-layout":"no-sidebar","site-content-layout":"","ast-site-content-layout":"full-width-container","site-content-style":"default","site-sidebar-style":"default","ast-global-header-display":"","ast-banner-title-visibility":"","ast-main-header-display":"","ast-hfb-above-header-display":"","ast-hfb-below-header-display":"","ast-hfb-mobile-header-display":"","site-post-title":"disabled","ast-breadcrumbs-content":"","ast-featured-img":"disabled","footer-sml-layout":"","theme-transparent-header-meta":"","adv-header-id-meta":"","stick-header-meta":"","header-above-stick-meta":"","header-main-stick-meta":"","header-below-stick-meta":"","astra-migrate-meta-layouts":"default","ast-page-background-enabled":"default","ast-page-background-meta":{"desktop":{"background-color":"var(--ast-global-color-5)","background-image":"","background-repeat":"repeat","background-position":"center center","background-size":"auto","background-attachment":"scroll","background-type":"","background-media":"","overlay-type":"","overlay-color":"","overlay-opacity":"","overlay-gradient":""},"tablet":{"background-color":"","background-image":"","background-repeat":"repeat","background-position":"center center","background-size":"auto","background-attachment":"scroll","background-type":"","background-media":"","overlay-type":"","overlay-color":"","overlay-opacity":"","overlay-gradient":""},"mobile":{"background-color":"","background-image":"","background-repeat":"repeat","background-position":"center center","background-size":"auto","background-attachment":"scroll","background-type":"","background-media":"","overlay-type":"","overlay-color":"","overlay-opacity":"","overlay-gradient":""}},"ast-content-background-meta":{"desktop":{"background-color":"var(--ast-global-color-4)","background-image":"","background-repeat":"repeat","background-position":"center center","background-size":"auto","background-attachment":"scroll","background-type":"","background-media":"","overlay-type":"","overlay-color":"","overlay-opacity":"","overlay-gradient":""},"tablet":{"background-color":"var(--ast-global-color-4)","background-image":"","background-repeat":"repeat","background-position":"center center","background-size":"auto","background-attachment":"scroll","background-type":"","background-media":"","overlay-type":"","overlay-color":"","overlay-opacity":"","overlay-gradient":""},"mobile":{"background-color":"var(--ast-global-color-4)","background-image":"","background-repeat":"repeat","background-position":"center center","background-size":"auto","background-attachment":"scroll","background-type":"","background-media":"","overlay-type":"","overlay-color":"","overlay-opacity":"","overlay-gradient":""}},"footnotes":""},"class_list":["post-2948","page","type-page","status-publish","hentry"],"_links":{"self":[{"href":"https:\/\/trianomina.fr\/index.php\/wp-json\/wp\/v2\/pages\/2948","targetHints":{"allow":["GET"]}}],"collection":[{"href":"https:\/\/trianomina.fr\/index.php\/wp-json\/wp\/v2\/pages"}],"about":[{"href":"https:\/\/trianomina.fr\/index.php\/wp-json\/wp\/v2\/types\/page"}],"author":[{"embeddable":true,"href":"https:\/\/trianomina.fr\/index.php\/wp-json\/wp\/v2\/users\/1"}],"replies":[{"embeddable":true,"href":"https:\/\/trianomina.fr\/index.php\/wp-json\/wp\/v2\/comments?post=2948"}],"version-history":[{"count":28,"href":"https:\/\/trianomina.fr\/index.php\/wp-json\/wp\/v2\/pages\/2948\/revisions"}],"predecessor-version":[{"id":3923,"href":"https:\/\/trianomina.fr\/index.php\/wp-json\/wp\/v2\/pages\/2948\/revisions\/3923"}],"wp:attachment":[{"href":"https:\/\/trianomina.fr\/index.php\/wp-json\/wp\/v2\/media?parent=2948"}],"curies":[{"name":"wp","href":"https:\/\/api.w.org\/{rel}","templated":true}]}}