{"id":2952,"date":"2025-04-27T03:03:55","date_gmt":"2025-04-27T01:03:55","guid":{"rendered":"https:\/\/trianomina.fr\/?page_id=2952"},"modified":"2025-05-04T03:43:11","modified_gmt":"2025-05-04T01:43:11","slug":"recherche-de-preuves-de-la-nationalite-francaise","status":"publish","type":"page","link":"https:\/\/trianomina.fr\/index.php\/recherche-de-preuves-de-la-nationalite-francaise\/","title":{"rendered":"Recherche de preuves de la nationalit\u00e9 fran\u00e7aise"},"content":{"rendered":"\t\t<div data-elementor-type=\"wp-page\" data-elementor-id=\"2952\" class=\"elementor elementor-2952\">\n\t\t\t\t<div class=\"elementor-element elementor-element-f6ff408 e-flex e-con-boxed e-con e-parent\" data-id=\"f6ff408\" data-element_type=\"container\">\n\t\t\t\t\t<div class=\"e-con-inner\">\n\t\t\t\t<div class=\"elementor-element elementor-element-4feb79f elementor-widget-divider--view-line elementor-widget elementor-widget-divider\" data-id=\"4feb79f\" data-element_type=\"widget\" data-widget_type=\"divider.default\">\n\t\t\t\t<div class=\"elementor-widget-container\">\n\t\t\t\t\t\t\t<div class=\"elementor-divider\">\n\t\t\t<span class=\"elementor-divider-separator\">\n\t\t\t\t\t\t<\/span>\n\t\t<\/div>\n\t\t\t\t\t\t<\/div>\n\t\t\t\t<\/div>\n\t\t\t\t\t<\/div>\n\t\t\t\t<\/div>\n\t\t<div class=\"elementor-element elementor-element-3ed8307 e-flex e-con-boxed e-con e-parent\" data-id=\"3ed8307\" data-element_type=\"container\" data-settings=\"{&quot;background_background&quot;:&quot;slideshow&quot;,&quot;background_slideshow_gallery&quot;:[{&quot;id&quot;:1662,&quot;url&quot;:&quot;http:\\\/\\\/trianomina.fr\\\/wp-content\\\/uploads\\\/2025\\\/04\\\/French_Passport_Cover.svg.png&quot;}],&quot;background_slideshow_loop&quot;:&quot;yes&quot;,&quot;background_slideshow_slide_duration&quot;:5000,&quot;background_slideshow_slide_transition&quot;:&quot;fade&quot;,&quot;background_slideshow_transition_duration&quot;:500}\">\n\t\t\t\t\t<div class=\"e-con-inner\">\n\t\t\t\t<div class=\"elementor-element elementor-element-2cfcf4b elementor-widget__width-initial elementor-widget elementor-widget-heading\" data-id=\"2cfcf4b\" data-element_type=\"widget\" data-widget_type=\"heading.default\">\n\t\t\t\t<div class=\"elementor-widget-container\">\n\t\t\t\t\t<h1 class=\"elementor-heading-title elementor-size-default\">Prouvez votre nationalit\u00e9 fran\u00e7aise<\/h1>\t\t\t\t<\/div>\n\t\t\t\t<\/div>\n\t\t\t\t\t<\/div>\n\t\t\t\t<\/div>\n\t\t<div class=\"elementor-element elementor-element-9bcb5e1 e-con-full e-flex e-con e-parent\" data-id=\"9bcb5e1\" data-element_type=\"container\">\n\t\t\t\t<div class=\"elementor-element elementor-element-8b6e0f5 elementor-widget elementor-widget-heading\" data-id=\"8b6e0f5\" data-element_type=\"widget\" data-widget_type=\"heading.default\">\n\t\t\t\t<div class=\"elementor-widget-container\">\n\t\t\t\t\t<h1 class=\"elementor-heading-title elementor-size-default\">Revendiquez vos origines fran\u00e7aises : jusqu'o\u00f9 remonter pour prouver votre nationalit\u00e9 ?<\/h1>\t\t\t\t<\/div>\n\t\t\t\t<\/div>\n\t\t\t\t<div class=\"elementor-element elementor-element-a8e5377 elementor-drop-cap-yes elementor-drop-cap-view-default elementor-widget elementor-widget-text-editor\" data-id=\"a8e5377\" data-element_type=\"widget\" data-settings=\"{&quot;drop_cap&quot;:&quot;yes&quot;}\" data-widget_type=\"text-editor.default\">\n\t\t\t\t<div class=\"elementor-widget-container\">\n\t\t\t\t\t\t\t\t\t<p class=\"\" data-start=\"302\" data-end=\"647\">Vous avez des anc\u00eatres fran\u00e7ais mais vivez \u00e0 l\u2019\u00e9tranger depuis plusieurs g\u00e9n\u00e9rations ? Vous pensez avoir droit \u00e0 la nationalit\u00e9 fran\u00e7aise, mais ne savez pas par o\u00f9 commencer ? Notre service vous aide \u00e0 d\u00e9m\u00ealer les fils de votre histoire familiale pour \u00e9tablir, documenter et d\u00e9fendre votre nationalit\u00e9 fran\u00e7aise aupr\u00e8s des autorit\u00e9s comp\u00e9tentes.<\/p>\n<p class=\"\" data-start=\"649\" data-end=\"1035\">En droit fran\u00e7ais, la nationalit\u00e9 peut se transmettre <strong data-start=\"703\" data-end=\"720\">par filiation<\/strong>, sans limitation de g\u00e9n\u00e9ration\u2026 <strong data-start=\"753\" data-end=\"812\">\u00e0 condition de pouvoir prouver une cha\u00eene ininterrompue<\/strong> entre vous et votre anc\u00eatre fran\u00e7ais. Chaque g\u00e9n\u00e9ration doit avoir transmis l\u00e9galement la nationalit\u00e9 \u00e0 la suivante, et cette continuit\u00e9 doit \u00eatre d\u00e9montr\u00e9e par des actes d\u2019\u00e9tat civil complets (naissances, mariages, etc.).<\/p>\n<p class=\"\" data-start=\"1037\" data-end=\"1260\">Mais attention : <strong data-start=\"1054\" data-end=\"1152\">si la famille a quitt\u00e9 la France depuis plus de 50 ans sans aucun lien administratif avec elle<\/strong>, l\u2019\u00c9tat peut refuser de reconna\u00eetre cette nationalit\u00e9, m\u00eame si l\u2019ascendant \u00e9tait bien fran\u00e7ais \u00e0 l\u2019origine.<\/p>\n<p class=\"\" data-start=\"1262\" data-end=\"1296\">Notre accompagnement vous aide \u00e0 :<\/p>\n<ul data-start=\"1297\" data-end=\"1611\">\n<li class=\"\" data-start=\"1297\" data-end=\"1364\">\n<p class=\"\" data-start=\"1299\" data-end=\"1364\">Retrouver et authentifier les documents d\u2019\u00e9tat civil n\u00e9cessaires.<\/p>\n<\/li>\n<li class=\"\" data-start=\"1365\" data-end=\"1420\">\n<p class=\"\" data-start=\"1367\" data-end=\"1420\">Reconstituer votre cha\u00eene de filiation franco-l\u00e9gale.<\/p>\n<\/li>\n<li class=\"\" data-start=\"1421\" data-end=\"1510\">\n<p class=\"\" data-start=\"1423\" data-end=\"1510\">Pr\u00e9parer un dossier solide de demande de <strong data-start=\"1464\" data-end=\"1509\">certificat de nationalit\u00e9 fran\u00e7aise (CNF)<\/strong>.<\/p>\n<\/li>\n<li class=\"\" data-start=\"1511\" data-end=\"1611\">\n<p class=\"\" data-start=\"1513\" data-end=\"1611\">Explorer les alternatives possibles (r\u00e9int\u00e9gration ou naturalisation) en cas de dossier incomplet.<\/p>\n<\/li>\n<\/ul>\n<p class=\"\" data-start=\"1613\" data-end=\"1761\">Vous souhaitez savoir si vous pouvez pr\u00e9tendre \u00e0 la nationalit\u00e9 fran\u00e7aise ?&nbsp;<\/p><p class=\"\" data-start=\"1613\" data-end=\"1761\">Contactez nous pour une <strong data-start=\"1716\" data-end=\"1760\">\u00e9tude de votre lign\u00e9e fran\u00e7aise :<\/strong><\/p>\t\t\t\t\t\t\t\t<\/div>\n\t\t\t\t<\/div>\n\t\t\t\t<\/div>\n\t\t<div class=\"elementor-element elementor-element-c2fa11b e-flex e-con-boxed e-con e-parent\" data-id=\"c2fa11b\" data-element_type=\"container\">\n\t\t\t\t\t<div class=\"e-con-inner\">\n\t\t\t\t<div class=\"elementor-element elementor-element-43390a6 elementor-align-center elementor-widget elementor-widget-button\" data-id=\"43390a6\" data-element_type=\"widget\" data-widget_type=\"button.default\">\n\t\t\t\t<div class=\"elementor-widget-container\">\n\t\t\t\t\t\t\t\t\t<div class=\"elementor-button-wrapper\">\n\t\t\t\t\t<a class=\"elementor-button elementor-button-link elementor-size-sm\" href=\"https:\/\/trianomina.fr\/index.php\/contact\/\">\n\t\t\t\t\t\t<span class=\"elementor-button-content-wrapper\">\n\t\t\t\t\t\t\t\t\t<span class=\"elementor-button-text\"><span style=\"font-weight:bold; font-size:20px;\">Contacter l'\u00e9tude<\/span><\/span>\n\t\t\t\t\t<\/span>\n\t\t\t\t\t<\/a>\n\t\t\t\t<\/div>\n\t\t\t\t\t\t\t\t<\/div>\n\t\t\t\t<\/div>\n\t\t\t\t\t<\/div>\n\t\t\t\t<\/div>\n\t\t\t\t<\/div>\n\t\t","protected":false},"excerpt":{"rendered":"<p>Prouvez votre nationalit\u00e9 fran\u00e7aise Revendiquez vos origines fran\u00e7aises : jusqu&rsquo;o\u00f9 remonter pour prouver votre nationalit\u00e9 ? Vous avez des anc\u00eatres [&hellip;]<\/p>\n","protected":false},"author":1,"featured_media":0,"parent":0,"menu_order":0,"comment_status":"closed","ping_status":"closed","template":"","meta":{"site-sidebar-layout":"no-sidebar","site-content-layout":"","ast-site-content-layout":"full-width-container","site-content-style":"default","site-sidebar-style":"default","ast-global-header-display":"","ast-banner-title-visibility":"","ast-main-header-display":"","ast-hfb-above-header-display":"","ast-hfb-below-header-display":"","ast-hfb-mobile-header-display":"","site-post-title":"disabled","ast-breadcrumbs-content":"","ast-featured-img":"disabled","footer-sml-layout":"","theme-transparent-header-meta":"","adv-header-id-meta":"","stick-header-meta":"","header-above-stick-meta":"","header-main-stick-meta":"","header-below-stick-meta":"","astra-migrate-meta-layouts":"default","ast-page-background-enabled":"default","ast-page-background-meta":{"desktop":{"background-color":"var(--ast-global-color-5)","background-image":"","background-repeat":"repeat","background-position":"center center","background-size":"auto","background-attachment":"scroll","background-type":"","background-media":"","overlay-type":"","overlay-color":"","overlay-opacity":"","overlay-gradient":""},"tablet":{"background-color":"","background-image":"","background-repeat":"repeat","background-position":"center center","background-size":"auto","background-attachment":"scroll","background-type":"","background-media":"","overlay-type":"","overlay-color":"","overlay-opacity":"","overlay-gradient":""},"mobile":{"background-color":"","background-image":"","background-repeat":"repeat","background-position":"center center","background-size":"auto","background-attachment":"scroll","background-type":"","background-media":"","overlay-type":"","overlay-color":"","overlay-opacity":"","overlay-gradient":""}},"ast-content-background-meta":{"desktop":{"background-color":"var(--ast-global-color-4)","background-image":"","background-repeat":"repeat","background-position":"center center","background-size":"auto","background-attachment":"scroll","background-type":"","background-media":"","overlay-type":"","overlay-color":"","overlay-opacity":"","overlay-gradient":""},"tablet":{"background-color":"var(--ast-global-color-4)","background-image":"","background-repeat":"repeat","background-position":"center center","background-size":"auto","background-attachment":"scroll","background-type":"","background-media":"","overlay-type":"","overlay-color":"","overlay-opacity":"","overlay-gradient":""},"mobile":{"background-color":"var(--ast-global-color-4)","background-image":"","background-repeat":"repeat","background-position":"center center","background-size":"auto","background-attachment":"scroll","background-type":"","background-media":"","overlay-type":"","overlay-color":"","overlay-opacity":"","overlay-gradient":""}},"footnotes":""},"class_list":["post-2952","page","type-page","status-publish","hentry"],"_links":{"self":[{"href":"https:\/\/trianomina.fr\/index.php\/wp-json\/wp\/v2\/pages\/2952","targetHints":{"allow":["GET"]}}],"collection":[{"href":"https:\/\/trianomina.fr\/index.php\/wp-json\/wp\/v2\/pages"}],"about":[{"href":"https:\/\/trianomina.fr\/index.php\/wp-json\/wp\/v2\/types\/page"}],"author":[{"embeddable":true,"href":"https:\/\/trianomina.fr\/index.php\/wp-json\/wp\/v2\/users\/1"}],"replies":[{"embeddable":true,"href":"https:\/\/trianomina.fr\/index.php\/wp-json\/wp\/v2\/comments?post=2952"}],"version-history":[{"count":4,"href":"https:\/\/trianomina.fr\/index.php\/wp-json\/wp\/v2\/pages\/2952\/revisions"}],"predecessor-version":[{"id":3892,"href":"https:\/\/trianomina.fr\/index.php\/wp-json\/wp\/v2\/pages\/2952\/revisions\/3892"}],"wp:attachment":[{"href":"https:\/\/trianomina.fr\/index.php\/wp-json\/wp\/v2\/media?parent=2952"}],"curies":[{"name":"wp","href":"https:\/\/api.w.org\/{rel}","templated":true}]}}