{"id":2954,"date":"2025-04-27T03:08:22","date_gmt":"2025-04-27T01:08:22","guid":{"rendered":"https:\/\/trianomina.fr\/?page_id=2954"},"modified":"2025-05-04T03:33:48","modified_gmt":"2025-05-04T01:33:48","slug":"preuves-de-noblesse","status":"publish","type":"page","link":"https:\/\/trianomina.fr\/index.php\/preuves-de-noblesse\/","title":{"rendered":"Preuves de noblesse"},"content":{"rendered":"\t\t<div data-elementor-type=\"wp-page\" data-elementor-id=\"2954\" class=\"elementor elementor-2954\">\n\t\t\t\t<div class=\"elementor-element elementor-element-2fa5f69 e-flex e-con-boxed e-con e-parent\" data-id=\"2fa5f69\" data-element_type=\"container\">\n\t\t\t\t\t<div class=\"e-con-inner\">\n\t\t\t\t<div class=\"elementor-element elementor-element-fdd6e2c elementor-widget-divider--view-line elementor-widget elementor-widget-divider\" data-id=\"fdd6e2c\" data-element_type=\"widget\" data-widget_type=\"divider.default\">\n\t\t\t\t<div class=\"elementor-widget-container\">\n\t\t\t\t\t\t\t<div class=\"elementor-divider\">\n\t\t\t<span class=\"elementor-divider-separator\">\n\t\t\t\t\t\t<\/span>\n\t\t<\/div>\n\t\t\t\t\t\t<\/div>\n\t\t\t\t<\/div>\n\t\t\t\t\t<\/div>\n\t\t\t\t<\/div>\n\t\t<div class=\"elementor-element elementor-element-8711466 e-flex e-con-boxed e-con e-parent\" data-id=\"8711466\" data-element_type=\"container\" data-settings=\"{&quot;background_background&quot;:&quot;slideshow&quot;,&quot;background_slideshow_gallery&quot;:[{&quot;id&quot;:3881,&quot;url&quot;:&quot;http:\\\/\\\/trianomina.fr\\\/wp-content\\\/uploads\\\/2025\\\/05\\\/0ec37519-eb4b-40b2-8334-ae22bada3b24-e1746322349525.png&quot;}],&quot;background_slideshow_loop&quot;:&quot;yes&quot;,&quot;background_slideshow_slide_duration&quot;:5000,&quot;background_slideshow_slide_transition&quot;:&quot;fade&quot;,&quot;background_slideshow_transition_duration&quot;:500}\">\n\t\t\t\t\t<div class=\"e-con-inner\">\n\t\t\t\t<div class=\"elementor-element elementor-element-1f3f0ba elementor-widget__width-initial elementor-widget elementor-widget-heading\" data-id=\"1f3f0ba\" data-element_type=\"widget\" data-widget_type=\"heading.default\">\n\t\t\t\t<div class=\"elementor-widget-container\">\n\t\t\t\t\t<h1 class=\"elementor-heading-title elementor-size-default\">D\u00e9montrez votre extraction noble<\/h1>\t\t\t\t<\/div>\n\t\t\t\t<\/div>\n\t\t\t\t\t<\/div>\n\t\t\t\t<\/div>\n\t\t<div class=\"elementor-element elementor-element-b4172bb e-con-full e-flex e-con e-parent\" data-id=\"b4172bb\" data-element_type=\"container\">\n\t\t\t\t<div class=\"elementor-element elementor-element-a06016c elementor-widget elementor-widget-heading\" data-id=\"a06016c\" data-element_type=\"widget\" data-widget_type=\"heading.default\">\n\t\t\t\t<div class=\"elementor-widget-container\">\n\t\t\t\t\t<h1 class=\"elementor-heading-title elementor-size-default\">L'H\u00e9ritage de la Noblesse : prouvez et perp\u00e9tuez l'excellence de votre lign\u00e9e\n\n<\/h1>\t\t\t\t<\/div>\n\t\t\t\t<\/div>\n\t\t\t\t<div class=\"elementor-element elementor-element-087de63 elementor-drop-cap-yes elementor-drop-cap-view-default elementor-widget elementor-widget-text-editor\" data-id=\"087de63\" data-element_type=\"widget\" data-settings=\"{&quot;drop_cap&quot;:&quot;yes&quot;}\" data-widget_type=\"text-editor.default\">\n\t\t\t\t<div class=\"elementor-widget-container\">\n\t\t\t\t\t\t\t\t\t<p class=\"\" data-start=\"393\" data-end=\"934\">En France, la noblesse, tr\u00e8s ancienne institution <b>d\u00e9j\u00e0 existante sous les gaulois et les romains<\/b> puis devenue h\u00e9r\u00e9ditaire et f\u00e9odale au moyen-\u00e2ge sous la dynastie carolingienne (IX\u00e8me si\u00e8cle) et qui constituait le corps de l&rsquo;\u00e9lite sociale, politique, militaire\/guerri\u00e8re (chevaleresque), judiciaire, \u00e9conomique (dans une moindre mesure) et m\u00eame religieuse de la France. Cette institution aux titres et pr\u00e9rogatives bien \u00e9tablis s&rsquo;organisant autour de l&rsquo;institution royale, a fa\u00e7onn\u00e9 la France pendant pr\u00e8s de 1000\u00a0 ans.\u00a0\u00a0<\/p><p class=\"\" data-start=\"393\" data-end=\"934\">Mais aujourd&rsquo;hui elle n\u2019a plus de statut juridique depuis la R\u00e9volution. Pourtant, <strong data-start=\"477\" data-end=\"572\">l\u2019ancienne noblesse subsiste \u00e0 travers des lign\u00e9es, des usages, et des institutions priv\u00e9es<\/strong> <b>comme l\u2019ANF <\/b>(Association d\u2019entraide de la noblesse fran\u00e7aise). Il est donc toujours possible \u2013 et parfois n\u00e9cessaire \u2013 de <strong data-start=\"695\" data-end=\"743\">prouver son appartenance \u00e0 une famille noble<\/strong>, que ce soit pour <strong data-start=\"762\" data-end=\"802\">adh\u00e9rer \u00e0 une association historique<\/strong>, <strong data-start=\"804\" data-end=\"844\">transmettre un patrimoine symbolique<\/strong>, ou <strong data-start=\"849\" data-end=\"889\">faire usage d\u2019un titre de courtoisie<\/strong> conforme aux r\u00e8gles h\u00e9raldiques et sociales.<\/p><h4 class=\"\" data-start=\"936\" data-end=\"996\">Quelle reconnaissance aujourd\u2019hui ? Que dit la loi ?<\/h4><p class=\"\" data-start=\"998\" data-end=\"1221\">La R\u00e9publique fran\u00e7aise <strong data-start=\"1022\" data-end=\"1077\">ne reconna\u00eet aucun titre nobiliaire \u00e0 valeur l\u00e9gale<\/strong>. Toutefois, elle <strong data-start=\"1095\" data-end=\"1122\">tol\u00e8re leur usage priv\u00e9<\/strong>, \u00e0 condition que celui-ci <strong data-start=\"1149\" data-end=\"1171\">ne soit pas usurp\u00e9<\/strong> et qu\u2019il <strong data-start=\"1181\" data-end=\"1220\">repose sur une filiation v\u00e9rifiable<\/strong>.<\/p><p class=\"\" data-start=\"1223\" data-end=\"1641\">Cela est pr\u00e9cis\u00e9 par l\u2019<strong data-start=\"1246\" data-end=\"1278\">article 433-14 du Code p\u00e9nal<\/strong>, qui interdit l\u2019usurpation de titres (y compris nobiliaires), sous peine d\u2019amende et d\u2019\u00e9ventuelles poursuites. En revanche, <strong data-start=\"1403\" data-end=\"1439\">l\u2019usage d\u2019un titre de courtoisie<\/strong>, tel que \u00ab comte de\u2026 \u00bb, \u00ab marquis de\u2026 \u00bb ou \u00ab chevalier \u00bb, <strong data-start=\"1498\" data-end=\"1580\">est licite si vous pouvez en d\u00e9montrer l\u2019origine h\u00e9r\u00e9ditaire ou traditionnelle<\/strong>, m\u00eame s\u2019il ne donne lieu \u00e0 aucune reconnaissance officielle et pr\u00e9rogative.<\/p><h4 class=\"\" data-start=\"1643\" data-end=\"1700\">\u00a0<\/h4>\t\t\t\t\t\t\t\t<\/div>\n\t\t\t\t<\/div>\n\t\t\t\t<div class=\"elementor-element elementor-element-f84d7b6 elementor-widget elementor-widget-heading\" data-id=\"f84d7b6\" data-element_type=\"widget\" data-widget_type=\"heading.default\">\n\t\t\t\t<div class=\"elementor-widget-container\">\n\t\t\t\t\t<h2 class=\"elementor-heading-title elementor-size-default\">Adh\u00e9rer \u00e0 l\u2019ANF : une reconnaissance entre pairs\n<\/h2>\t\t\t\t<\/div>\n\t\t\t\t<\/div>\n\t\t\t\t<div class=\"elementor-element elementor-element-8176116 elementor-drop-cap-yes elementor-drop-cap-view-default elementor-widget elementor-widget-text-editor\" data-id=\"8176116\" data-element_type=\"widget\" data-settings=\"{&quot;drop_cap&quot;:&quot;yes&quot;}\" data-widget_type=\"text-editor.default\">\n\t\t\t\t<div class=\"elementor-widget-container\">\n\t\t\t\t\t\t\t\t\t<h4 class=\"\" data-start=\"1643\" data-end=\"1700\"><span style=\"font-style: inherit; font-weight: inherit; color: #334155;\">L\u2019<\/span><strong style=\"font-style: inherit; color: #334155;\" data-start=\"1704\" data-end=\"1761\">Association d&rsquo;entraide de la noblesse fran\u00e7aise (ANF)<\/strong><span style=\"font-style: inherit; font-weight: inherit; color: #334155;\"> est la principale structure fran\u00e7aise regroupant les descendants de familles nobles. Pour y adh\u00e9rer, il faut :<\/span><\/h4><ul data-start=\"1873\" data-end=\"2186\"><li class=\"\" data-start=\"1873\" data-end=\"1979\"><p class=\"\" data-start=\"1875\" data-end=\"1979\"><strong data-start=\"1875\" data-end=\"1899\">prouver sa filiation<\/strong> avec un anc\u00eatre noble <strong data-start=\"1922\" data-end=\"1943\">vivant avant 1789<\/strong> (noblesse d\u2019extraction ou de robe),<\/p><\/li><li class=\"\" data-start=\"1980\" data-end=\"2094\"><p class=\"\" data-start=\"1982\" data-end=\"2094\">ou <strong data-start=\"1985\" data-end=\"2016\">produire une lettre patente<\/strong> ou un anoblissement post\u00e9rieur v\u00e9rifi\u00e9 (notamment pour la noblesse d\u2019Empire),<\/p><\/li><li class=\"\" data-start=\"2095\" data-end=\"2186\"><p class=\"\" data-start=\"2097\" data-end=\"2186\"><strong data-start=\"2097\" data-end=\"2142\">soumettre un dossier g\u00e9n\u00e9alogique complet<\/strong>, valid\u00e9 par une commission interne experte.<\/p><\/li><\/ul><p class=\"\" data-start=\"2188\" data-end=\"2445\">L\u2019ANF ne reconna\u00eet que la noblesse h\u00e9r\u00e9ditaire et <strong data-start=\"2238\" data-end=\"2265\">n\u2019accorde pas de titres<\/strong> : elle se fonde sur <strong data-start=\"2286\" data-end=\"2346\">les preuves objectives de noblesse transmise par le sang<\/strong>. L\u2019adh\u00e9sion y est un gage de <strong data-start=\"2376\" data-end=\"2444\">continuit\u00e9 historique et de rigueur dans la filiation nobiliaire<\/strong>.<\/p><h4 class=\"\" data-start=\"2447\" data-end=\"2484\">Ce que nous faisons pour vous :<\/h4><p class=\"\" data-start=\"2486\" data-end=\"2641\">Nous sommes sp\u00e9cialis\u00e9s dans la constitution de <strong data-start=\"2534\" data-end=\"2571\">preuves de noblesse transmissible<\/strong>, gr\u00e2ce \u00e0 un travail de recherche historique et g\u00e9n\u00e9alogique de fond :<\/p><ul data-start=\"2642\" data-end=\"3122\"><li class=\"\" data-start=\"2642\" data-end=\"2694\"><p class=\"\" data-start=\"2644\" data-end=\"2694\">reconstitution de filiation sur plusieurs si\u00e8cles;<\/p><\/li><li class=\"\" data-start=\"2695\" data-end=\"2786\"><p class=\"\" data-start=\"2697\" data-end=\"2786\">identification de l\u2019origine de la noblesse (de charge, d\u2019\u00e9p\u00e9e, d\u2019extraction, imp\u00e9riale\u2026) ;<\/p><\/li><li class=\"\" data-start=\"2787\" data-end=\"2948\"><p class=\"\" data-start=\"2789\" data-end=\"2948\">localisation et transcription d\u2019actes anciens : <strong data-start=\"2837\" data-end=\"2947\">preuves de noblesse, lettres patentes, anoblissements, maintenues de noblesse, reconnaissances d\u2019armoiries ;<\/strong><\/p><\/li><li class=\"\" data-start=\"2949\" data-end=\"3044\"><p class=\"\" data-start=\"2951\" data-end=\"3044\">appui \u00e0 la r\u00e9daction de <strong data-start=\"2975\" data-end=\"2998\">dossiers pour l\u2019ANF<\/strong> ou toute autre soci\u00e9t\u00e9 d\u2019histoire nobiliaire :<\/p><\/li><li class=\"\" data-start=\"3045\" data-end=\"3122\"><p class=\"\" data-start=\"3047\" data-end=\"3122\">documentation de <strong data-start=\"3064\" data-end=\"3088\">titres de courtoisie<\/strong> et usage h\u00e9raldiquement l\u00e9gitime.<\/p><\/li><\/ul><h4 class=\"\" data-start=\"3124\" data-end=\"3189\">Une expertise rare au service de votre histoire familiale<\/h4><p class=\"\" data-start=\"3493\" data-end=\"3704\">Nous vous remettons un <strong data-start=\"3516\" data-end=\"3581\">dossier rigoureux, fond\u00e9 sur les sources d\u2019archives publiques<\/strong>, structur\u00e9 pour r\u00e9pondre aux attentes des experts, juristes, ou responsables associatifs charg\u00e9s d\u2019examiner votre demande.<\/p>\t\t\t\t\t\t\t\t<\/div>\n\t\t\t\t<\/div>\n\t\t\t\t<\/div>\n\t\t<div class=\"elementor-element elementor-element-ba9784d e-flex e-con-boxed e-con e-parent\" data-id=\"ba9784d\" data-element_type=\"container\">\n\t\t\t\t\t<div class=\"e-con-inner\">\n\t\t\t\t<div class=\"elementor-element elementor-element-865ba9c elementor-align-center elementor-widget elementor-widget-button\" data-id=\"865ba9c\" data-element_type=\"widget\" data-widget_type=\"button.default\">\n\t\t\t\t<div class=\"elementor-widget-container\">\n\t\t\t\t\t\t\t\t\t<div class=\"elementor-button-wrapper\">\n\t\t\t\t\t<a class=\"elementor-button elementor-button-link elementor-size-sm\" href=\"https:\/\/trianomina.fr\/index.php\/contact\/\">\n\t\t\t\t\t\t<span class=\"elementor-button-content-wrapper\">\n\t\t\t\t\t\t\t\t\t<span class=\"elementor-button-text\"><span style=\"font-weight:bold; font-size:20px;\">Contacter l'\u00e9tude<\/span><\/span>\n\t\t\t\t\t<\/span>\n\t\t\t\t\t<\/a>\n\t\t\t\t<\/div>\n\t\t\t\t\t\t\t\t<\/div>\n\t\t\t\t<\/div>\n\t\t\t\t\t<\/div>\n\t\t\t\t<\/div>\n\t\t\t\t<\/div>\n\t\t","protected":false},"excerpt":{"rendered":"<p>D\u00e9montrez votre extraction noble L&rsquo;H\u00e9ritage de la Noblesse : prouvez et perp\u00e9tuez l&rsquo;excellence de votre lign\u00e9e En France, la noblesse, [&hellip;]<\/p>\n","protected":false},"author":1,"featured_media":0,"parent":0,"menu_order":0,"comment_status":"closed","ping_status":"closed","template":"","meta":{"site-sidebar-layout":"no-sidebar","site-content-layout":"","ast-site-content-layout":"full-width-container","site-content-style":"default","site-sidebar-style":"default","ast-global-header-display":"","ast-banner-title-visibility":"","ast-main-header-display":"","ast-hfb-above-header-display":"","ast-hfb-below-header-display":"","ast-hfb-mobile-header-display":"","site-post-title":"disabled","ast-breadcrumbs-content":"","ast-featured-img":"disabled","footer-sml-layout":"","theme-transparent-header-meta":"","adv-header-id-meta":"","stick-header-meta":"","header-above-stick-meta":"","header-main-stick-meta":"","header-below-stick-meta":"","astra-migrate-meta-layouts":"default","ast-page-background-enabled":"default","ast-page-background-meta":{"desktop":{"background-color":"var(--ast-global-color-5)","background-image":"","background-repeat":"repeat","background-position":"center center","background-size":"auto","background-attachment":"scroll","background-type":"","background-media":"","overlay-type":"","overlay-color":"","overlay-opacity":"","overlay-gradient":""},"tablet":{"background-color":"","background-image":"","background-repeat":"repeat","background-position":"center center","background-size":"auto","background-attachment":"scroll","background-type":"","background-media":"","overlay-type":"","overlay-color":"","overlay-opacity":"","overlay-gradient":""},"mobile":{"background-color":"","background-image":"","background-repeat":"repeat","background-position":"center center","background-size":"auto","background-attachment":"scroll","background-type":"","background-media":"","overlay-type":"","overlay-color":"","overlay-opacity":"","overlay-gradient":""}},"ast-content-background-meta":{"desktop":{"background-color":"var(--ast-global-color-4)","background-image":"","background-repeat":"repeat","background-position":"center center","background-size":"auto","background-attachment":"scroll","background-type":"","background-media":"","overlay-type":"","overlay-color":"","overlay-opacity":"","overlay-gradient":""},"tablet":{"background-color":"var(--ast-global-color-4)","background-image":"","background-repeat":"repeat","background-position":"center center","background-size":"auto","background-attachment":"scroll","background-type":"","background-media":"","overlay-type":"","overlay-color":"","overlay-opacity":"","overlay-gradient":""},"mobile":{"background-color":"var(--ast-global-color-4)","background-image":"","background-repeat":"repeat","background-position":"center center","background-size":"auto","background-attachment":"scroll","background-type":"","background-media":"","overlay-type":"","overlay-color":"","overlay-opacity":"","overlay-gradient":""}},"footnotes":""},"class_list":["post-2954","page","type-page","status-publish","hentry"],"_links":{"self":[{"href":"https:\/\/trianomina.fr\/index.php\/wp-json\/wp\/v2\/pages\/2954","targetHints":{"allow":["GET"]}}],"collection":[{"href":"https:\/\/trianomina.fr\/index.php\/wp-json\/wp\/v2\/pages"}],"about":[{"href":"https:\/\/trianomina.fr\/index.php\/wp-json\/wp\/v2\/types\/page"}],"author":[{"embeddable":true,"href":"https:\/\/trianomina.fr\/index.php\/wp-json\/wp\/v2\/users\/1"}],"replies":[{"embeddable":true,"href":"https:\/\/trianomina.fr\/index.php\/wp-json\/wp\/v2\/comments?post=2954"}],"version-history":[{"count":19,"href":"https:\/\/trianomina.fr\/index.php\/wp-json\/wp\/v2\/pages\/2954\/revisions"}],"predecessor-version":[{"id":3888,"href":"https:\/\/trianomina.fr\/index.php\/wp-json\/wp\/v2\/pages\/2954\/revisions\/3888"}],"wp:attachment":[{"href":"https:\/\/trianomina.fr\/index.php\/wp-json\/wp\/v2\/media?parent=2954"}],"curies":[{"name":"wp","href":"https:\/\/api.w.org\/{rel}","templated":true}]}}