{"id":964,"date":"2022-07-03T22:19:47","date_gmt":"2022-07-03T22:19:47","guid":{"rendered":"https:\/\/startersites.io\/elementor\/floreo\/?page_id=964"},"modified":"2025-05-03T05:10:18","modified_gmt":"2025-05-03T03:10:18","slug":"home","status":"publish","type":"page","link":"https:\/\/trianomina.fr\/","title":{"rendered":"Accueil"},"content":{"rendered":"\t\t<div data-elementor-type=\"wp-page\" data-elementor-id=\"964\" class=\"elementor elementor-964\">\n\t\t\t\t<div class=\"elementor-element elementor-element-22db183 e-flex e-con-boxed e-con e-parent\" data-id=\"22db183\" data-element_type=\"container\">\n\t\t\t\t\t<div class=\"e-con-inner\">\n\t\t\t\t<div class=\"elementor-element elementor-element-535baef elementor-widget-divider--view-line elementor-widget elementor-widget-divider\" data-id=\"535baef\" data-element_type=\"widget\" data-widget_type=\"divider.default\">\n\t\t\t\t<div class=\"elementor-widget-container\">\n\t\t\t\t\t\t\t<div class=\"elementor-divider\">\n\t\t\t<span class=\"elementor-divider-separator\">\n\t\t\t\t\t\t<\/span>\n\t\t<\/div>\n\t\t\t\t\t\t<\/div>\n\t\t\t\t<\/div>\n\t\t\t\t\t<\/div>\n\t\t\t\t<\/div>\n\t\t<div class=\"elementor-element elementor-element-b1f9ff8 e-con-full e-flex e-con e-parent\" data-id=\"b1f9ff8\" data-element_type=\"container\" data-settings=\"{&quot;background_background&quot;:&quot;slideshow&quot;,&quot;background_slideshow_gallery&quot;:[{&quot;id&quot;:1324,&quot;url&quot;:&quot;http:\\\/\\\/trianomina.fr\\\/wp-content\\\/uploads\\\/2025\\\/04\\\/ff426b60-b9f3-4571-becb-396117b1441d.png&quot;}],&quot;background_slideshow_loop&quot;:&quot;yes&quot;,&quot;background_slideshow_slide_duration&quot;:5000,&quot;background_slideshow_slide_transition&quot;:&quot;fade&quot;,&quot;background_slideshow_transition_duration&quot;:500}\">\n\t\t\t\t<div class=\"elementor-element elementor-element-68c65d7 elementor-widget__width-initial elementor-widget elementor-widget-heading\" data-id=\"68c65d7\" data-element_type=\"widget\" data-widget_type=\"heading.default\">\n\t\t\t\t<div class=\"elementor-widget-container\">\n\t\t\t\t\t<h1 class=\"elementor-heading-title elementor-size-default\"><div style=\"font-family: 'Cambria', serif;\"><div style=\"font-family: Cambria, serif;\">Les missions du g\u00e9n\u00e9alogiste<\/div><\/div><\/h1>\t\t\t\t<\/div>\n\t\t\t\t<\/div>\n\t\t\t\t<\/div>\n\t\t<div class=\"elementor-element elementor-element-35cbbf1 e-flex e-con-boxed e-con e-parent\" data-id=\"35cbbf1\" data-element_type=\"container\">\n\t\t\t\t\t<div class=\"e-con-inner\">\n\t\t\t\t<div class=\"elementor-element elementor-element-6ce0dc2 elementor-widget__width-initial elementor-widget elementor-widget-heading\" data-id=\"6ce0dc2\" data-element_type=\"widget\" data-widget_type=\"heading.default\">\n\t\t\t\t<div class=\"elementor-widget-container\">\n\t\t\t\t\t<h2 class=\"elementor-heading-title elementor-size-default\">Un m\u00e9tier au service des professionnels &amp; des particuliers<\/h2>\t\t\t\t<\/div>\n\t\t\t\t<\/div>\n\t\t\t\t<div class=\"elementor-element elementor-element-aa48b3b elementor-drop-cap-yes elementor-drop-cap-view-default elementor-widget elementor-widget-text-editor\" data-id=\"aa48b3b\" data-element_type=\"widget\" data-settings=\"{&quot;drop_cap&quot;:&quot;yes&quot;}\" data-widget_type=\"text-editor.default\">\n\t\t\t\t<div class=\"elementor-widget-container\">\n\t\t\t\t\t\t\t\t\t<p>Le g\u00e9n\u00e9alogiste est avant tout un <strong>professionnel de l\u2019investigation<\/strong>, au carrefour du droit et de l\u2019histoire mais aussi de nombreuses autres sciences sociales : h\u00e9raldique, culture religieuse, g\u00e9ographie &amp; topographie, sociologie &amp; anthropologie, d\u00e9mographie, et parfois m\u00eame de psychologie.\u00a0<\/p><p>La reconstitution de lign\u00e9es familiales, l&rsquo;histoire d&rsquo;anciennes b\u00e2tisses ou encore \u00e0 des fin administratives diverses comme\u00a0 l\u2019\u00e9tablissement de preuves de nationalit\u00e9 ,de noblesse ou d&rsquo;identit\u00e9 pour des demandes vari\u00e9es (rel\u00e8vement de nom en d\u00e9sh\u00e9rence \/ nom de terre, demande de reconnaissance de droits de caveau de famille, recherche de propri\u00e9taires en g\u00e9n\u00e9alogie fonci\u00e8re, etc.).<\/p><p><strong>Sa principale mission consiste \u00e0 retracer des filiations<\/strong> parfois complexes, \u00e0 authentifier des liens de parent\u00e9 et \u00e0 \u00e9tablir des documents \u00e0 valeur probante. <strong>Il contribue ainsi tant \u00e0 faire valoir les droits des personnes, qu&rsquo;\u00e0 sauvegarder la m\u00e9moire des familles, du patrimoine et des territoires.<\/strong><\/p>\t\t\t\t\t\t\t\t<\/div>\n\t\t\t\t<\/div>\n\t\t\t\t\t<\/div>\n\t\t\t\t<\/div>\n\t\t<div class=\"elementor-element elementor-element-9e58208 e-flex e-con-boxed e-con e-parent\" data-id=\"9e58208\" data-element_type=\"container\" data-settings=\"{&quot;background_background&quot;:&quot;classic&quot;}\">\n\t\t\t\t\t<div class=\"e-con-inner\">\n\t\t\t\t<div class=\"elementor-element elementor-element-fb68e56 elementor-widget elementor-widget-heading\" data-id=\"fb68e56\" data-element_type=\"widget\" data-widget_type=\"heading.default\">\n\t\t\t\t<div class=\"elementor-widget-container\">\n\t\t\t\t\t<h2 class=\"elementor-heading-title elementor-size-default\"><b>Une r\u00e9f\u00e9rence g\u00e9n\u00e9raliste <\/b><\/h2>\t\t\t\t<\/div>\n\t\t\t\t<\/div>\n\t\t\t\t<div class=\"elementor-element elementor-element-9139f88 elementor-drop-cap-yes elementor-drop-cap-view-default elementor-widget elementor-widget-text-editor\" data-id=\"9139f88\" data-element_type=\"widget\" data-settings=\"{&quot;drop_cap&quot;:&quot;yes&quot;}\" data-widget_type=\"text-editor.default\">\n\t\t\t\t<div class=\"elementor-widget-container\">\n\t\t\t\t\t\t\t\t\t<p class=\"\" data-start=\"150\" data-end=\"772\">Faire appel \u00e0 un g\u00e9n\u00e9alogiste g\u00e9n\u00e9raliste pr\u00e9sente un <strong data-start=\"204\" data-end=\"220\">avantage cl\u00e9<\/strong> : <b>sa <\/b><strong data-start=\"226\" data-end=\"259\">vision globale et polyvalente<\/strong>. Contrairement \u00e0 un sp\u00e9cialiste cantonn\u00e9 \u00e0 un domaine pr\u00e9cis (notaires, successions, noblesse, etc.), le g\u00e9n\u00e9raliste ma\u00eetrise une large palette de sources, d\u2019\u00e9poques et de probl\u00e9matiques.\u00a0<\/p><p class=\"\" data-start=\"150\" data-end=\"772\">Il peut ainsi <strong data-start=\"462\" data-end=\"494\">s\u2019adapter aux besoins vari\u00e9s<\/strong> du client : recherche d\u2019anc\u00eatres, constitution d\u2019un arbre, r\u00e9solution d\u2019une \u00e9nigme familiale, ou encore valorisation d\u2019un patrimoine g\u00e9n\u00e9alogique. C\u2019est un interlocuteur unique, capable de <strong data-start=\"684\" data-end=\"724\">traiter un dossier dans son ensemble<\/strong>, avec souplesse, p\u00e9dagogie et personnalisation.<\/p>\t\t\t\t\t\t\t\t<\/div>\n\t\t\t\t<\/div>\n\t\t\t\t\t<\/div>\n\t\t\t\t<\/div>\n\t\t<div class=\"elementor-element elementor-element-2bc2b73 e-flex e-con-boxed e-con e-parent\" data-id=\"2bc2b73\" data-element_type=\"container\">\n\t\t\t\t\t<div class=\"e-con-inner\">\n\t\t\t\t<div class=\"elementor-element elementor-element-f67dcf4 elementor-widget elementor-widget-heading\" data-id=\"f67dcf4\" data-element_type=\"widget\" data-widget_type=\"heading.default\">\n\t\t\t\t<div class=\"elementor-widget-container\">\n\t\t\t\t\t<h1 class=\"elementor-heading-title elementor-size-default\"><b>La g\u00e9n\u00e9alogie, pourquoi faire ?<\/b><\/h1>\t\t\t\t<\/div>\n\t\t\t\t<\/div>\n\t\t\t\t\t<\/div>\n\t\t\t\t<\/div>\n\t\t<div class=\"elementor-element elementor-element-b9e96c4 e-flex e-con-boxed e-con e-parent\" data-id=\"b9e96c4\" data-element_type=\"container\">\n\t\t\t\t\t<div class=\"e-con-inner\">\n\t\t<div class=\"elementor-element elementor-element-16f2fd5 e-con-full e-flex e-con e-child\" data-id=\"16f2fd5\" data-element_type=\"container\" data-settings=\"{&quot;background_background&quot;:&quot;slideshow&quot;,&quot;background_slideshow_gallery&quot;:[],&quot;background_slideshow_loop&quot;:&quot;yes&quot;,&quot;background_slideshow_slide_duration&quot;:5000,&quot;background_slideshow_slide_transition&quot;:&quot;fade&quot;,&quot;background_slideshow_transition_duration&quot;:500}\">\n\t\t\t\t<div class=\"elementor-element elementor-element-8cbbac6 elementor-widget elementor-widget-button\" data-id=\"8cbbac6\" data-element_type=\"widget\" data-widget_type=\"button.default\">\n\t\t\t\t<div class=\"elementor-widget-container\">\n\t\t\t\t\t\t\t\t\t<div class=\"elementor-button-wrapper\">\n\t\t\t\t\t<a class=\"elementor-button elementor-button-link elementor-size-sm\" href=\"https:\/\/trianomina.fr\/index.php\/genealogie-successorale-2\/\">\n\t\t\t\t\t\t<span class=\"elementor-button-content-wrapper\">\n\t\t\t\t\t\t\t\t\t<span class=\"elementor-button-text\">La g\u00e9n\u00e9alogie succesorale<\/span>\n\t\t\t\t\t<\/span>\n\t\t\t\t\t<\/a>\n\t\t\t\t<\/div>\n\t\t\t\t\t\t\t\t<\/div>\n\t\t\t\t<\/div>\n\t\t\t\t<div class=\"elementor-element elementor-element-61a5e76 elementor-widget elementor-widget-image\" data-id=\"61a5e76\" data-element_type=\"widget\" data-widget_type=\"image.default\">\n\t\t\t\t<div class=\"elementor-widget-container\">\n\t\t\t\t\t\t\t\t\t\t\t\t\t\t\t\t<a href=\"https:\/\/trianomina.fr\/index.php\/genealogie-successorale-2\/\">\n\t\t\t\t\t\t\t<img fetchpriority=\"high\" decoding=\"async\" width=\"1024\" height=\"768\" src=\"https:\/\/trianomina.fr\/wp-content\/uploads\/2025\/04\/image-8.jpg\" class=\"attachment-large size-large wp-image-1553\" alt=\"\" srcset=\"https:\/\/trianomina.fr\/wp-content\/uploads\/2025\/04\/image-8.jpg 1024w, https:\/\/trianomina.fr\/wp-content\/uploads\/2025\/04\/image-8-300x225.jpg 300w, https:\/\/trianomina.fr\/wp-content\/uploads\/2025\/04\/image-8-768x576.jpg 768w, https:\/\/trianomina.fr\/wp-content\/uploads\/2025\/04\/image-8-600x450.jpg 600w\" sizes=\"(max-width: 1024px) 100vw, 1024px\" \/>\t\t\t\t\t\t\t\t<\/a>\n\t\t\t\t\t\t\t\t\t\t\t\t\t\t\t<\/div>\n\t\t\t\t<\/div>\n\t\t\t\t<div class=\"elementor-element elementor-element-ebed653 elementor-widget elementor-widget-text-editor\" data-id=\"ebed653\" data-element_type=\"widget\" data-widget_type=\"text-editor.default\">\n\t\t\t\t<div class=\"elementor-widget-container\">\n\t\t\t\t\t\t\t\t\t<p>Dans certains cas, le g\u00e9n\u00e9alogiste intervient dans des contextes l\u00e9gaux, notamment pour <b>\u00e9tablir ou confirmer des filiations<\/b>. Il intervient notamment dans <b>la recherche d\u2019h\u00e9ritiers<\/b> pour le r\u00e8glement ou la confirmation de successions non d\u00e9volues.<\/p>\t\t\t\t\t\t\t\t<\/div>\n\t\t\t\t<\/div>\n\t\t\t\t<\/div>\n\t\t<div class=\"elementor-element elementor-element-2c2c070 e-con-full e-flex e-con e-child\" data-id=\"2c2c070\" data-element_type=\"container\">\n\t\t\t\t<div class=\"elementor-element elementor-element-474b966 elementor-widget elementor-widget-button\" data-id=\"474b966\" data-element_type=\"widget\" data-widget_type=\"button.default\">\n\t\t\t\t<div class=\"elementor-widget-container\">\n\t\t\t\t\t\t\t\t\t<div class=\"elementor-button-wrapper\">\n\t\t\t\t\t<a class=\"elementor-button elementor-button-link elementor-size-sm\" href=\"https:\/\/trianomina.fr\/index.php\/genealogie-familiale-2\/\">\n\t\t\t\t\t\t<span class=\"elementor-button-content-wrapper\">\n\t\t\t\t\t\t\t\t\t<span class=\"elementor-button-text\">La g\u00e9n\u00e9alogie familiale<\/span>\n\t\t\t\t\t<\/span>\n\t\t\t\t\t<\/a>\n\t\t\t\t<\/div>\n\t\t\t\t\t\t\t\t<\/div>\n\t\t\t\t<\/div>\n\t\t\t\t<div class=\"elementor-element elementor-element-c0728b9 elementor-widget elementor-widget-image\" data-id=\"c0728b9\" data-element_type=\"widget\" data-widget_type=\"image.default\">\n\t\t\t\t<div class=\"elementor-widget-container\">\n\t\t\t\t\t\t\t\t\t\t\t\t\t\t\t\t<a href=\"https:\/\/trianomina.fr\/index.php\/genealogie-familiale-2\/\">\n\t\t\t\t\t\t\t<img decoding=\"async\" width=\"1024\" height=\"768\" src=\"https:\/\/trianomina.fr\/wp-content\/uploads\/2025\/04\/image-4.jpg\" class=\"attachment-large size-large wp-image-1552\" alt=\"\" srcset=\"https:\/\/trianomina.fr\/wp-content\/uploads\/2025\/04\/image-4.jpg 1024w, https:\/\/trianomina.fr\/wp-content\/uploads\/2025\/04\/image-4-300x225.jpg 300w, https:\/\/trianomina.fr\/wp-content\/uploads\/2025\/04\/image-4-768x576.jpg 768w, https:\/\/trianomina.fr\/wp-content\/uploads\/2025\/04\/image-4-600x450.jpg 600w\" sizes=\"(max-width: 1024px) 100vw, 1024px\" \/>\t\t\t\t\t\t\t\t<\/a>\n\t\t\t\t\t\t\t\t\t\t\t\t\t\t\t<\/div>\n\t\t\t\t<\/div>\n\t\t\t\t<div class=\"elementor-element elementor-element-133fb6b elementor-widget elementor-widget-text-editor\" data-id=\"133fb6b\" data-element_type=\"widget\" data-widget_type=\"text-editor.default\">\n\t\t\t\t<div class=\"elementor-widget-container\">\n\t\t\t\t\t\t\t\t\t<p>La g\u00e9n\u00e9alogie est bien plus qu&rsquo;une simple recherche de ses anc\u00eatres. <strong>Elle repr\u00e9sente un voyage fascinant \u00e0 travers l\u2019histoire<\/strong> personnelle et collective, une exploration des racines qui fa\u00e7onnent l\u2019identit\u00e9 des individus et des soci\u00e9t\u00e9s. En tant que discipline scientifique, elle permet d\u2019\u00e9lucider des \u00e9v\u00e9nements pass\u00e9s, de retracer des lign\u00e9es familiales et de<strong> r\u00e9soudre des myst\u00e8res souvent enfouis dans le temps<\/strong>.<\/p>\t\t\t\t\t\t\t\t<\/div>\n\t\t\t\t<\/div>\n\t\t\t\t<\/div>\n\t\t<div class=\"elementor-element elementor-element-544974d e-con-full e-flex e-con e-child\" data-id=\"544974d\" data-element_type=\"container\">\n\t\t\t\t<div class=\"elementor-element elementor-element-0db7bb8 elementor-widget elementor-widget-button\" data-id=\"0db7bb8\" data-element_type=\"widget\" data-widget_type=\"button.default\">\n\t\t\t\t<div class=\"elementor-widget-container\">\n\t\t\t\t\t\t\t\t\t<div class=\"elementor-button-wrapper\">\n\t\t\t\t\t<a class=\"elementor-button elementor-button-link elementor-size-sm\" href=\"https:\/\/trianomina.fr\/index.php\/genealogie-successorale-2\/\">\n\t\t\t\t\t\t<span class=\"elementor-button-content-wrapper\">\n\t\t\t\t\t\t\t\t\t<span class=\"elementor-button-text\">La g\u00e9n\u00e9alogie immobili\u00e8re<\/span>\n\t\t\t\t\t<\/span>\n\t\t\t\t\t<\/a>\n\t\t\t\t<\/div>\n\t\t\t\t\t\t\t\t<\/div>\n\t\t\t\t<\/div>\n\t\t\t\t<div class=\"elementor-element elementor-element-6b4bd0f elementor-widget elementor-widget-image\" data-id=\"6b4bd0f\" data-element_type=\"widget\" data-widget_type=\"image.default\">\n\t\t\t\t<div class=\"elementor-widget-container\">\n\t\t\t\t\t\t\t\t\t\t\t\t\t\t\t\t<a href=\"https:\/\/trianomina.fr\/index.php\/genealogie-immobiliere\/\">\n\t\t\t\t\t\t\t<img decoding=\"async\" width=\"1024\" height=\"568\" src=\"https:\/\/trianomina.fr\/wp-content\/uploads\/2025\/04\/telechargement-1-1024x568.png\" class=\"attachment-large size-large wp-image-1576\" alt=\"\" srcset=\"https:\/\/trianomina.fr\/wp-content\/uploads\/2025\/04\/telechargement-1-1024x568.png 1024w, https:\/\/trianomina.fr\/wp-content\/uploads\/2025\/04\/telechargement-1-300x167.png 300w, https:\/\/trianomina.fr\/wp-content\/uploads\/2025\/04\/telechargement-1-768x426.png 768w, https:\/\/trianomina.fr\/wp-content\/uploads\/2025\/04\/telechargement-1-600x333.png 600w, https:\/\/trianomina.fr\/wp-content\/uploads\/2025\/04\/telechargement-1.png 1043w\" sizes=\"(max-width: 1024px) 100vw, 1024px\" \/>\t\t\t\t\t\t\t\t<\/a>\n\t\t\t\t\t\t\t\t\t\t\t\t\t\t\t<\/div>\n\t\t\t\t<\/div>\n\t\t\t\t<div class=\"elementor-element elementor-element-5aff0df elementor-widget elementor-widget-text-editor\" data-id=\"5aff0df\" data-element_type=\"widget\" data-widget_type=\"text-editor.default\">\n\t\t\t\t<div class=\"elementor-widget-container\">\n\t\t\t\t\t\t\t\t\t<p><b>La <\/b><strong data-start=\"103\" data-end=\"129\">g\u00e9n\u00e9alogie immobili\u00e8re<\/strong>, <b>c\u2019est l\u2019art de remonter l\u2019histoire d\u2019une maison, d\u2019un terrain ou d\u2019un immeuble<\/b> : qui en a \u00e9t\u00e9 propri\u00e9taire ? Quand ? Comment le bien a-t-il \u00e9volu\u00e9 ? Gr\u00e2ce aux archives (cadastre, notaires, etc.), on reconstitue la vie d\u2019un lieu \u00e0 travers le temps.<\/p>\t\t\t\t\t\t\t\t<\/div>\n\t\t\t\t<\/div>\n\t\t\t\t<\/div>\n\t\t<div class=\"elementor-element elementor-element-6d70cc2 e-con-full e-flex e-con e-child\" data-id=\"6d70cc2\" data-element_type=\"container\">\n\t\t\t\t<div class=\"elementor-element elementor-element-8dd3038 elementor-widget elementor-widget-button\" data-id=\"8dd3038\" data-element_type=\"widget\" data-widget_type=\"button.default\">\n\t\t\t\t<div class=\"elementor-widget-container\">\n\t\t\t\t\t\t\t\t\t<div class=\"elementor-button-wrapper\">\n\t\t\t\t\t<a class=\"elementor-button elementor-button-link elementor-size-sm\" href=\"https:\/\/trianomina.fr\/index.php\/procedures-administratives-judiciaires\/\">\n\t\t\t\t\t\t<span class=\"elementor-button-content-wrapper\">\n\t\t\t\t\t\t\t\t\t<span class=\"elementor-button-text\">Les proc\u00e9dures administratives<\/span>\n\t\t\t\t\t<\/span>\n\t\t\t\t\t<\/a>\n\t\t\t\t<\/div>\n\t\t\t\t\t\t\t\t<\/div>\n\t\t\t\t<\/div>\n\t\t\t\t<div class=\"elementor-element elementor-element-5da113c elementor-widget elementor-widget-shortcode\" data-id=\"5da113c\" data-element_type=\"widget\" data-widget_type=\"shortcode.default\">\n\t\t\t\t<div class=\"elementor-widget-container\">\n\t\t\t\t\t\t\t<div class=\"elementor-shortcode\"><div id=\"metaslider-id-3342\" style=\"width: 100%;\" class=\"ml-slider-3-97-0 metaslider metaslider-flex metaslider-3342 ml-slider ml-slider-lightbox-1-13-4 lightbox-disabled ms-theme-default-base has-dots-nav\" role=\"region\" aria-roledescription=\"Slideshow\" aria-label=\"diaporama accueil pr\u00e9sentation d\u00e9marches adm.\" data-width=\"1500\">\n    <div id=\"metaslider_container_3342\">\n        <div id=\"metaslider_3342\">\n            <ul class='slides'>\n                <li style=\"display: block; width: 100%;\" class=\"slide-3343 ms-image \" aria-roledescription=\"slide\" aria-label=\"slide-3343\" data-date=\"2025-05-03 04:49:45\"><img loading=\"lazy\" decoding=\"async\" src=\"https:\/\/trianomina.fr\/wp-content\/uploads\/2025\/04\/20200806-124421-largejpg-e1746241240889-840x392.jpg\" height=\"700\" width=\"1500\" alt=\"\" class=\"slider-3342 slide-3343\" \/><div class=\"caption-wrap\"><div class=\"caption\">Prouver des droits d'un caveau fun\u00e9raire<\/div><\/div><\/li>\n                <li style=\"display: none; width: 100%;\" class=\"slide-3344 ms-image \" aria-roledescription=\"slide\" aria-label=\"slide-3344\" data-date=\"2025-05-03 04:50:36\"><img loading=\"lazy\" decoding=\"async\" src=\"https:\/\/trianomina.fr\/wp-content\/uploads\/2025\/04\/ChatGPT-Image-29-avr.-2025-15_15_00-1536x716.png\" height=\"700\" width=\"1500\" alt=\"\" class=\"slider-3342 slide-3344\" \/><div class=\"caption-wrap\"><div class=\"caption\">Rel\u00e8vement\/r\u00e9cup\u00e9ration de nom<\/div><\/div><\/li>\n                <li style=\"display: none; width: 100%;\" class=\"slide-3345 ms-image \" aria-roledescription=\"slide\" aria-label=\"slide-3345\" data-date=\"2025-05-03 04:51:03\"><img loading=\"lazy\" decoding=\"async\" src=\"https:\/\/trianomina.fr\/wp-content\/uploads\/2025\/04\/image-11-1024x477.jpg\" height=\"700\" width=\"1500\" alt=\"\" class=\"slider-3342 slide-3345\" \/><div class=\"caption-wrap\"><div class=\"caption\">Recherche de propri\u00e9taires de terrains abandonn\u00e9s (g\u00e9n\u00e9alogie fonci\u00e8re)<\/div><\/div><\/li>\n                <li style=\"display: none; width: 100%;\" class=\"slide-3346 ms-image \" aria-roledescription=\"slide\" aria-label=\"slide-3346\" data-date=\"2025-05-03 04:51:31\"><img loading=\"lazy\" decoding=\"async\" src=\"https:\/\/trianomina.fr\/wp-content\/uploads\/2025\/04\/French_Passport_Cover.svg-800x373.png\" height=\"700\" width=\"1500\" alt=\"\" class=\"slider-3342 slide-3346\" \/><div class=\"caption-wrap\"><div class=\"caption\">Origines fran\u00e7aises : prouver sa nationalit\u00e9<\/div><\/div><\/li>\n                <li style=\"display: none; width: 100%;\" class=\"slide-3347 ms-image \" aria-roledescription=\"slide\" aria-label=\"slide-3347\" data-date=\"2025-05-03 04:52:22\"><img loading=\"lazy\" decoding=\"async\" src=\"https:\/\/trianomina.fr\/wp-content\/uploads\/2025\/04\/Luxembourg_Biometric_Passport-e1744687492150-200x93.jpg\" height=\"700\" width=\"1500\" alt=\"\" class=\"slider-3342 slide-3347\" \/><div class=\"caption-wrap\"><div class=\"caption\">Obtenir la nationalit\u00e9 luxembourgeoise par recouvrement<\/div><\/div><\/li>\n                <li style=\"display: none; width: 100%;\" class=\"slide-3348 ms-image \" aria-roledescription=\"slide\" aria-label=\"slide-3348\" data-date=\"2025-05-03 04:52:51\"><img loading=\"lazy\" decoding=\"async\" src=\"https:\/\/trianomina.fr\/wp-content\/uploads\/2025\/04\/D81_04-e1744687693157-600x280.jpg\" height=\"700\" width=\"1500\" alt=\"\" class=\"slider-3342 slide-3348\" title=\"D81_(04)\" \/><div class=\"caption-wrap\"><div class=\"caption\">Preuves de noblesse par lettres patentes du Roi<\/div><\/div><\/li>\n                <li style=\"display: none; width: 100%;\" class=\"slide-3349 ms-image \" aria-roledescription=\"slide\" aria-label=\"slide-3349\" data-date=\"2025-05-03 04:53:00\"><img loading=\"lazy\" decoding=\"async\" src=\"https:\/\/trianomina.fr\/wp-content\/uploads\/2025\/04\/136477-e1744687824274-760x354.jpg\" height=\"700\" width=\"1500\" alt=\"\" class=\"slider-3342 slide-3349\" \/><div class=\"caption-wrap\"><div class=\"caption\">Preuves de noblesse<\/div><\/div><\/li>\n            <\/ul>\n        <\/div>\n        \n    <\/div>\n<\/div><\/div>\n\t\t\t\t\t\t<\/div>\n\t\t\t\t<\/div>\n\t\t\t\t<div class=\"elementor-element elementor-element-7414286 elementor-widget__width-inherit elementor-widget elementor-widget-text-editor\" data-id=\"7414286\" data-element_type=\"widget\" data-widget_type=\"text-editor.default\">\n\t\t\t\t<div class=\"elementor-widget-container\">\n\t\t\t\t\t\t\t\t\t<p>La g\u00e9n\u00e9alogie est aussi un moyen essentiel qui permet d&rsquo;engager des proc\u00e9dures et d\u00e9marches administratives ou judiciaires&nbsp; comme :<\/p>\n<p><strong>\u2022 Relever un nom en d\u00e9sh\u00e9rence<\/strong>&nbsp;&amp;&nbsp;<b>reprendre un nom de terre (\u00e0 particule)<\/b>&nbsp;;<\/p>\n<p><b><strong>\u2022 <\/strong>Prouver des ayant droits&nbsp;sur une<\/b> <strong>concession\/caveau fun\u00e9raire familial<\/strong> ;<\/p>\n<p><strong>\u2022 <\/strong>Prouver une identit\u00e9, sa <strong>nationalit\u00e9 fran\u00e7aise pour un expatri\u00e9 d&rsquo;origine fran\u00e7aise<\/strong>&nbsp;;<\/p>\n<p><strong>\u2022 Obtenir la nationalit\u00e9 luxembourgeoise par recouvrement<\/strong> (par un anc\u00eatre luxembourgeois n\u00e9 avant 1900) ;<\/p>\n<p><strong>\u2022 Rechercher des propri\u00e9taires<\/strong> d&rsquo;un terrain \/ bien abandonn\u00e9 (g\u00e9n\u00e9alogie fonci\u00e8re)<\/p>\n<p><strong>\u2022 Prouver sa qualit\u00e9 de noble<\/strong> (pour adh\u00e9rer \u00e0 l&rsquo;Association de la Noblesse Fran\u00e7aise, apposer un titre de courtoisie sur ses papiers d&rsquo;identit\u00e9, etc.).<\/p>\t\t\t\t\t\t\t\t<\/div>\n\t\t\t\t<\/div>\n\t\t\t\t<\/div>\n\t\t\t\t\t<\/div>\n\t\t\t\t<\/div>\n\t\t\t\t<\/div>\n\t\t","protected":false},"excerpt":{"rendered":"<p>Les missions du g\u00e9n\u00e9alogiste Un m\u00e9tier au service des professionnels &amp; des particuliers Le g\u00e9n\u00e9alogiste est avant tout un professionnel [&hellip;]<\/p>\n","protected":false},"author":1,"featured_media":0,"parent":0,"menu_order":0,"comment_status":"closed","ping_status":"closed","template":"","meta":{"site-sidebar-layout":"default","site-content-layout":"","ast-site-content-layout":"","site-content-style":"default","site-sidebar-style":"default","ast-global-header-display":"","ast-banner-title-visibility":"","ast-main-header-display":"","ast-hfb-above-header-display":"","ast-hfb-below-header-display":"","ast-hfb-mobile-header-display":"","site-post-title":"","ast-breadcrumbs-content":"","ast-featured-img":"","footer-sml-layout":"","theme-transparent-header-meta":"","adv-header-id-meta":"","stick-header-meta":"","header-above-stick-meta":"","header-main-stick-meta":"","header-below-stick-meta":"","astra-migrate-meta-layouts":"default","ast-page-background-enabled":"default","ast-page-background-meta":{"desktop":{"background-color":"var(--ast-global-color-5)","background-image":"","background-repeat":"repeat","background-position":"center center","background-size":"auto","background-attachment":"scroll","background-type":"","background-media":"","overlay-type":"","overlay-color":"","overlay-opacity":"","overlay-gradient":""},"tablet":{"background-color":"","background-image":"","background-repeat":"repeat","background-position":"center center","background-size":"auto","background-attachment":"scroll","background-type":"","background-media":"","overlay-type":"","overlay-color":"","overlay-opacity":"","overlay-gradient":""},"mobile":{"background-color":"","background-image":"","background-repeat":"repeat","background-position":"center center","background-size":"auto","background-attachment":"scroll","background-type":"","background-media":"","overlay-type":"","overlay-color":"","overlay-opacity":"","overlay-gradient":""}},"ast-content-background-meta":{"desktop":{"background-color":"var(--ast-global-color-4)","background-image":"","background-repeat":"repeat","background-position":"center center","background-size":"auto","background-attachment":"scroll","background-type":"","background-media":"","overlay-type":"","overlay-color":"","overlay-opacity":"","overlay-gradient":""},"tablet":{"background-color":"var(--ast-global-color-4)","background-image":"","background-repeat":"repeat","background-position":"center center","background-size":"auto","background-attachment":"scroll","background-type":"","background-media":"","overlay-type":"","overlay-color":"","overlay-opacity":"","overlay-gradient":""},"mobile":{"background-color":"var(--ast-global-color-4)","background-image":"","background-repeat":"repeat","background-position":"center center","background-size":"auto","background-attachment":"scroll","background-type":"","background-media":"","overlay-type":"","overlay-color":"","overlay-opacity":"","overlay-gradient":""}},"footnotes":""},"class_list":["post-964","page","type-page","status-publish","hentry"],"_links":{"self":[{"href":"https:\/\/trianomina.fr\/index.php\/wp-json\/wp\/v2\/pages\/964","targetHints":{"allow":["GET"]}}],"collection":[{"href":"https:\/\/trianomina.fr\/index.php\/wp-json\/wp\/v2\/pages"}],"about":[{"href":"https:\/\/trianomina.fr\/index.php\/wp-json\/wp\/v2\/types\/page"}],"author":[{"embeddable":true,"href":"https:\/\/trianomina.fr\/index.php\/wp-json\/wp\/v2\/users\/1"}],"replies":[{"embeddable":true,"href":"https:\/\/trianomina.fr\/index.php\/wp-json\/wp\/v2\/comments?post=964"}],"version-history":[{"count":669,"href":"https:\/\/trianomina.fr\/index.php\/wp-json\/wp\/v2\/pages\/964\/revisions"}],"predecessor-version":[{"id":3420,"href":"https:\/\/trianomina.fr\/index.php\/wp-json\/wp\/v2\/pages\/964\/revisions\/3420"}],"wp:attachment":[{"href":"https:\/\/trianomina.fr\/index.php\/wp-json\/wp\/v2\/media?parent=964"}],"curies":[{"name":"wp","href":"https:\/\/api.w.org\/{rel}","templated":true}]}}